{"id":21761,"date":"2022-06-16T13:27:30","date_gmt":"2022-06-16T11:27:30","guid":{"rendered":"https:\/\/www.raschvin.com\/vare\/crystal-bay-shiraz\/"},"modified":"2023-03-17T19:11:12","modified_gmt":"2023-03-17T18:11:12","slug":"crystal-bay-shiraz","status":"publish","type":"product","link":"https:\/\/www.raschvin.com\/sv\/produkt\/crystal-bay-shiraz\/","title":{"rendered":"Crystal Bay &#8211; Shiraz 75 cl."},"content":{"rendered":"<p>Stor och dj\u00e4rv Shiraz fr\u00e5n en av Australiens toppregioner. Shiraz \u00e4r en av v\u00e4rldens b\u00e4sta och mest karakt\u00e4rsfulla druvor. I Australien framst\u00e5r det fr\u00e5n f\u00f6rmodligen den mest charmiga sidan.<\/p>\n<p>Harmonisk, kr\u00e4mig och full<br \/>\nDenna Shiraz \u00e4r djupt svart med HRLIG-uttrycksfull doft av plommon, svarta k\u00f6rsb\u00e4r och lite f\u00e4rskt preparerad peppar. Smakbalanserna med harmonisk kr\u00e4mig struktur och l\u00e5ng fyllning med en hel palett av fruktaromer.<\/p>\n<p>Server Crystal Bay, Shraz f\u00f6r en bra bit k\u00f6tt, FPR exempel fr\u00e5n grillen.<\/p>\n<p>Serveringstemperatur: 16-18 \u00b0 C<\/p>\n<p>F\u00f6rberedelse<br \/>\nDruvorna sk\u00f6rdas av optimal mognad och granskas en l\u00e5ng j\u00e4sning. Detta g\u00f6rs fort dra god f\u00e4rg och intensitet ut ur druvorna. Efter fermentering lagras vinet f\u00f6r ytterligare komplexitet innan den har tappats.<\/p>\n<p>CO2 &#8211; milj\u00f6v\u00e4nlig<br \/>\nTransport av vin i bulk fr\u00e5n ursprungslandet f\u00f6r tappning i Danmark \u00e4r en v\u00e4sentligt reducerad koldioxidbelastning f\u00f6r j\u00e4mf\u00f6relse med vin som importeras p\u00e5 en flaska. I erk\u00e4nnande av det reducerade CO2-avtrycket, men ocks\u00e5 s\u00e4kerheten f\u00f6r vinets kvalitet och de ekonomiska f\u00f6rdelarna med att transportera vin i bulk utg\u00f6r Bulkvin en \u00f6kande del av v\u00e5r verksamhet. L\u00e4s mer h\u00e4r &#8211; www.co2friendlywine.eu.<\/p>\n<p>Om tillverkaren<br \/>\nSex utm\u00e4rkta viner fr\u00e5n de b\u00e4sta omr\u00e5dena &#8221;nere under&#8221;; Paddhaway, Riverland, McLaren Vale, Clare Valley och Marlborough. Alla viner \u00e4r speciellt utvalda f\u00f6r serien och har stora snedvridningar fr\u00e5n olika provningar. Med Crystal Bay-serien ger termen &#8221;v\u00e4rde f\u00f6r pengarna&#8221; kristallklar mening.<\/p>\n","protected":false},"excerpt":{"rendered":"<p>Padthway &#8211; South Australia Ritch Red<\/p>\n","protected":false},"featured_media":29590,"template":"","meta":{"_acf_changed":false,"rs_blank_template":"","rs_page_bg_color":"","slide_template_v7":""},"product_brand":[],"product_cat":[2788,2798],"product_tag":[],"class_list":{"0":"post-21761","1":"product","2":"type-product","3":"status-publish","4":"has-post-thumbnail","6":"product_cat-vin-sv","7":"product_cat-roedvin-sv","8":"pa_drue-shiraz-sv","9":"pa_land-australien-sv","10":"pa_procent-14-5-sv","11":"pa_producent-crystal-bay-sv","12":"pa_region-padthaway-sv","13":"pa_serveringstemperatur-16-18-sv","14":"pa_volume-75-sv","16":"first","17":"instock","18":"taxable","19":"shipping-taxable","20":"purchasable","21":"product-type-simple"},"bundled_by":[],"bundle_stock_status":"instock","bundle_stock_quantity":null,"bundle_virtual":false,"bundle_layout":"","bundle_add_to_cart_form_location":"","bundle_editable_in_cart":false,"bundle_sold_individually_context":"","bundle_item_grouping":"","bundle_min_size":"","bundle_max_size":"","bundle_price":[],"bundled_items":[],"bundle_sell_ids":[],"acf":[],"_links":{"self":[{"href":"https:\/\/www.raschvin.com\/sv\/wp-json\/wp\/v2\/product\/21761","targetHints":{"allow":["GET"]}}],"collection":[{"href":"https:\/\/www.raschvin.com\/sv\/wp-json\/wp\/v2\/product"}],"about":[{"href":"https:\/\/www.raschvin.com\/sv\/wp-json\/wp\/v2\/types\/product"}],"wp:featuredmedia":[{"embeddable":true,"href":"https:\/\/www.raschvin.com\/sv\/wp-json\/wp\/v2\/media\/29590"}],"wp:attachment":[{"href":"https:\/\/www.raschvin.com\/sv\/wp-json\/wp\/v2\/media?parent=21761"}],"wp:term":[{"taxonomy":"product_brand","embeddable":true,"href":"https:\/\/www.raschvin.com\/sv\/wp-json\/wp\/v2\/product_brand?post=21761"},{"taxonomy":"product_cat","embeddable":true,"href":"https:\/\/www.raschvin.com\/sv\/wp-json\/wp\/v2\/product_cat?post=21761"},{"taxonomy":"product_tag","embeddable":true,"href":"https:\/\/www.raschvin.com\/sv\/wp-json\/wp\/v2\/product_tag?post=21761"}],"curies":[{"name":"wp","href":"https:\/\/api.w.org\/{rel}","templated":true}]}}