{"id":21760,"date":"2022-06-16T13:27:30","date_gmt":"2022-06-16T11:27:30","guid":{"rendered":"https:\/\/www.raschvin.com\/vare\/crystal-bay-pinot-noir\/"},"modified":"2022-11-11T09:06:43","modified_gmt":"2022-11-11T08:06:43","slug":"crystal-bay-pinot-noir","status":"publish","type":"product","link":"https:\/\/www.raschvin.com\/sv\/produkt\/crystal-bay-pinot-noir\/","title":{"rendered":"Crystal Bay &#8211; Pinot Noir 75 cl."},"content":{"rendered":"<p>Mjukt och gott r\u00f6tt vin med h\u00e4rlig fruktighet och elegant balans.<\/p>\n<p>Bra p\u00e5:<br \/>\nAnka, risotto, pasta och pizza<\/p>\n<p>ELEGANT OCH HARMONISK<\/p>\n<p>Crystal Bay Pinot Noir framst\u00e5r som vackert och elegant r\u00f6tt i glaset. I doften m\u00f6ter du intensiva toner av m\u00f6rka k\u00f6rsb\u00e4r och l\u00e4ckra kryddor. Vinet har en elegant struktur och en perfekt balans mellan frukt och syra. Vinet \u00e4r mjukt och gott i avslutningen och smeker behagligt gommen.<br \/>\nF\u00f6r att f\u00e5 fram frukten i vinet b\u00f6r det avnjutas vid 16-18\u00b0C.<br \/>\nServera Crystal Bay Pinot Noir till en god biff, mjuka ostar eller en v\u00e4lgjord pastar\u00e4tt.<\/p>\n<p>Serveringstemperatur: 16-18\u00b0C<\/p>\n<p>Tillverkning<\/p>\n<p>Den eleganta Pinot Noir-druvan \u00e4r k\u00e4nd fr\u00e5n Bourgognes stora viner. Druvan kr\u00e4ver uppm\u00e4rksamhet, men om den f\u00e5r det l\u00f6nar det sig med eleganta och fruktiga r\u00f6da viner. Druvan trivs i det kaliforniska klimatet. Druvorna f\u00f6r Crystal Bay Pinot Noir \u00e4r utvalda och sk\u00f6rdade vid optimal mognad.<br \/>\nEfter en l\u00e5ng bl\u00f6tl\u00e4ggning av musten j\u00e4ser vinet f\u00f6r att \u00f6ka f\u00e4rg- och smakkomplexiteten. J\u00e4sningen sker vid en kontrollerad temperatur i rostfria st\u00e5ltankar f\u00f6r att bevara druvans karakt\u00e4r och frukt i det slutliga vinet.<\/p>\n<p>CO2 &#8211; Milj\u00f6v\u00e4nlig<\/p>\n<p>Transport av vin i bulk fr\u00e5n ursprungslandet till buteljering i Danmark utg\u00f6r en avsev\u00e4rt minskad CO2-belastning j\u00e4mf\u00f6rt med vin som importeras p\u00e5 flaska. Som ett erk\u00e4nnande av det minskade CO2-avtrycket, men ocks\u00e5 f\u00f6rs\u00e4kran om vinets kvalitet samt de ekonomiska f\u00f6rdelarna med att transportera vin i bulk, utg\u00f6r bulkvin en allt st\u00f6rre del av v\u00e5r verksamhet. L\u00e4s mer h\u00e4r &#8211; www.co2friendlywine.eu.<\/p>\n<p>Om tillverkaren<\/p>\n<p>En serie utm\u00e4rkta viner fr\u00e5n de b\u00e4sta vinregionerna i v\u00e4rlden.<br \/>\nAlla viner \u00e4r speciellt utvalda f\u00f6r serien och har fina utm\u00e4rkelser fr\u00e5n olika provningar. Med Crystal Bay-serien \u00e4r uttrycket &#8221;valuta f\u00f6r pengarna&#8221; kristallklart meningsfullt<\/p>\n","protected":false},"excerpt":{"rendered":"<p>California &#8211; American Dry Red<\/p>\n","protected":false},"featured_media":29572,"template":"","meta":{"_acf_changed":false,"rs_blank_template":"","rs_page_bg_color":"","slide_template_v7":""},"product_brand":[],"product_cat":[2788,2798],"product_tag":[],"class_list":{"0":"post-21760","1":"product","2":"type-product","3":"status-publish","4":"has-post-thumbnail","6":"product_cat-vin-sv","7":"product_cat-roedvin-sv","8":"pa_drue-pinot-noir-sv","9":"pa_land-usa-sv","10":"pa_procent-13-5-sv","11":"pa_producent-crystal-bay-sv","12":"pa_serveringstemperatur-12-14-sv","13":"pa_volume-75-sv","15":"first","16":"instock","17":"taxable","18":"shipping-taxable","19":"purchasable","20":"product-type-simple"},"bundled_by":["119813"],"bundle_stock_status":"instock","bundle_stock_quantity":null,"bundle_virtual":false,"bundle_layout":"","bundle_add_to_cart_form_location":"","bundle_editable_in_cart":false,"bundle_sold_individually_context":"","bundle_item_grouping":"","bundle_min_size":"","bundle_max_size":"","bundle_price":[],"bundled_items":[],"bundle_sell_ids":[],"acf":[],"_links":{"self":[{"href":"https:\/\/www.raschvin.com\/sv\/wp-json\/wp\/v2\/product\/21760","targetHints":{"allow":["GET"]}}],"collection":[{"href":"https:\/\/www.raschvin.com\/sv\/wp-json\/wp\/v2\/product"}],"about":[{"href":"https:\/\/www.raschvin.com\/sv\/wp-json\/wp\/v2\/types\/product"}],"wp:featuredmedia":[{"embeddable":true,"href":"https:\/\/www.raschvin.com\/sv\/wp-json\/wp\/v2\/media\/29572"}],"wp:attachment":[{"href":"https:\/\/www.raschvin.com\/sv\/wp-json\/wp\/v2\/media?parent=21760"}],"wp:term":[{"taxonomy":"product_brand","embeddable":true,"href":"https:\/\/www.raschvin.com\/sv\/wp-json\/wp\/v2\/product_brand?post=21760"},{"taxonomy":"product_cat","embeddable":true,"href":"https:\/\/www.raschvin.com\/sv\/wp-json\/wp\/v2\/product_cat?post=21760"},{"taxonomy":"product_tag","embeddable":true,"href":"https:\/\/www.raschvin.com\/sv\/wp-json\/wp\/v2\/product_tag?post=21760"}],"curies":[{"name":"wp","href":"https:\/\/api.w.org\/{rel}","templated":true}]}}