{"id":21759,"date":"2025-05-08T11:09:30","date_gmt":"2025-05-08T09:09:30","guid":{"rendered":"https:\/\/www.raschvin.com\/vare\/farfalla-bianco-frizzante\/"},"modified":"2022-11-17T12:24:17","modified_gmt":"2022-11-17T11:24:17","slug":"farfalla-bianco-frizzante","status":"publish","type":"product","link":"https:\/\/www.raschvin.com\/sv\/produkt\/farfalla-bianco-frizzante\/","title":{"rendered":"Farfalla Frizzante Bianco 75 cl. 9,5%"},"content":{"rendered":"<p>Detta h\u00e4rliga vin \u00e4r l\u00e4tt att mousserande och perfekt p\u00e5 en varm sommardag.<\/p>\n<p>Fruktig arom med snygghet. Delikat fruktsmak med elegant<br \/>\nS\u00f6tma utan att vara f\u00f6r s\u00f6t.<\/p>\n<p>Perfekt som en v\u00e4lkomstdrink, aperitif, f\u00f6r frukt och efterr\u00e4tt.<\/p>\n","protected":false},"excerpt":{"rendered":"<p>Light Sparkling White Wine<\/p>\n","protected":false},"featured_media":88596,"template":"","meta":{"_acf_changed":false,"rs_blank_template":"","rs_page_bg_color":"","slide_template_v7":""},"product_brand":[],"product_cat":[2788,2792,9200],"product_tag":[],"class_list":{"0":"post-21759","1":"product","2":"type-product","3":"status-publish","4":"has-post-thumbnail","6":"product_cat-vin-sv","7":"product_cat-vitt-vin","8":"product_cat-italienskt-vitt-vin","9":"pa_land-italien-sv","10":"pa_procent-9-5-sv","11":"pa_producent-gruppo-casaleone-vini-sv","12":"pa_serveringstemperatur-12-sv","13":"pa_volume-75-sv","15":"first","16":"instock","17":"taxable","18":"shipping-taxable","19":"purchasable","20":"product-type-simple"},"bundled_by":[],"bundle_stock_status":"instock","bundle_stock_quantity":null,"bundle_virtual":false,"bundle_layout":"","bundle_add_to_cart_form_location":"","bundle_editable_in_cart":false,"bundle_sold_individually_context":"","bundle_item_grouping":"","bundle_min_size":"","bundle_max_size":"","bundle_price":[],"bundled_items":[],"bundle_sell_ids":[],"acf":[],"_links":{"self":[{"href":"https:\/\/www.raschvin.com\/sv\/wp-json\/wp\/v2\/product\/21759","targetHints":{"allow":["GET"]}}],"collection":[{"href":"https:\/\/www.raschvin.com\/sv\/wp-json\/wp\/v2\/product"}],"about":[{"href":"https:\/\/www.raschvin.com\/sv\/wp-json\/wp\/v2\/types\/product"}],"wp:featuredmedia":[{"embeddable":true,"href":"https:\/\/www.raschvin.com\/sv\/wp-json\/wp\/v2\/media\/88596"}],"wp:attachment":[{"href":"https:\/\/www.raschvin.com\/sv\/wp-json\/wp\/v2\/media?parent=21759"}],"wp:term":[{"taxonomy":"product_brand","embeddable":true,"href":"https:\/\/www.raschvin.com\/sv\/wp-json\/wp\/v2\/product_brand?post=21759"},{"taxonomy":"product_cat","embeddable":true,"href":"https:\/\/www.raschvin.com\/sv\/wp-json\/wp\/v2\/product_cat?post=21759"},{"taxonomy":"product_tag","embeddable":true,"href":"https:\/\/www.raschvin.com\/sv\/wp-json\/wp\/v2\/product_tag?post=21759"}],"curies":[{"name":"wp","href":"https:\/\/api.w.org\/{rel}","templated":true}]}}