{"id":21758,"date":"2025-05-08T11:07:30","date_gmt":"2025-05-08T09:07:30","guid":{"rendered":"https:\/\/www.raschvin.com\/vare\/farfalla-rosato-frizzante\/"},"modified":"2022-11-17T12:27:22","modified_gmt":"2022-11-17T11:27:22","slug":"farfalla-rosato-frizzante","status":"publish","type":"product","link":"https:\/\/www.raschvin.com\/sv\/produkt\/farfalla-rosato-frizzante\/","title":{"rendered":"Farfalla Frizzante Rosato 75 cl. 9,5%"},"content":{"rendered":"<p>Detta h\u00e4rliga vin \u00e4r l\u00e4tt att mousserande och perfekt p\u00e5 en varm sommardag. Delikat fruktsmak med elegant s\u00f6tma utan att vara f\u00f6r s\u00f6t. Fruktig doft med Hylds touch.<\/p>\n<p>Perfekt f\u00f6r v\u00e4lkomstdrink, aperitif, ljusr\u00e4tter samt frukt efterr\u00e4tt.<\/p>\n","protected":false},"excerpt":{"rendered":"<p>Light Sparkling Ros\u00e9 Wine<\/p>\n","protected":false},"featured_media":88599,"template":"","meta":{"_acf_changed":false,"rs_blank_template":"","rs_page_bg_color":"","slide_template_v7":""},"product_brand":[],"product_cat":[2788,2796],"product_tag":[],"class_list":{"0":"post-21758","1":"product","2":"type-product","3":"status-publish","4":"has-post-thumbnail","6":"product_cat-vin-sv","7":"product_cat-rosevin-sv","8":"pa_land-italien-sv","9":"pa_procent-9-5-sv","10":"pa_producent-gruppo-casaleone-vini-sv","11":"pa_serveringstemperatur-12-sv","12":"pa_volume-75-sv","14":"first","15":"instock","16":"taxable","17":"shipping-taxable","18":"purchasable","19":"product-type-simple"},"bundled_by":["120295"],"bundle_stock_status":"instock","bundle_stock_quantity":null,"bundle_virtual":false,"bundle_layout":"","bundle_add_to_cart_form_location":"","bundle_editable_in_cart":false,"bundle_sold_individually_context":"","bundle_item_grouping":"","bundle_min_size":"","bundle_max_size":"","bundle_price":[],"bundled_items":[],"bundle_sell_ids":[],"acf":[],"_links":{"self":[{"href":"https:\/\/www.raschvin.com\/sv\/wp-json\/wp\/v2\/product\/21758","targetHints":{"allow":["GET"]}}],"collection":[{"href":"https:\/\/www.raschvin.com\/sv\/wp-json\/wp\/v2\/product"}],"about":[{"href":"https:\/\/www.raschvin.com\/sv\/wp-json\/wp\/v2\/types\/product"}],"wp:featuredmedia":[{"embeddable":true,"href":"https:\/\/www.raschvin.com\/sv\/wp-json\/wp\/v2\/media\/88599"}],"wp:attachment":[{"href":"https:\/\/www.raschvin.com\/sv\/wp-json\/wp\/v2\/media?parent=21758"}],"wp:term":[{"taxonomy":"product_brand","embeddable":true,"href":"https:\/\/www.raschvin.com\/sv\/wp-json\/wp\/v2\/product_brand?post=21758"},{"taxonomy":"product_cat","embeddable":true,"href":"https:\/\/www.raschvin.com\/sv\/wp-json\/wp\/v2\/product_cat?post=21758"},{"taxonomy":"product_tag","embeddable":true,"href":"https:\/\/www.raschvin.com\/sv\/wp-json\/wp\/v2\/product_tag?post=21758"}],"curies":[{"name":"wp","href":"https:\/\/api.w.org\/{rel}","templated":true}]}}