{"id":21754,"date":"2022-06-16T13:26:50","date_gmt":"2022-06-16T11:26:50","guid":{"rendered":"https:\/\/www.raschvin.com\/vare\/verosso-primitivo\/"},"modified":"2023-03-05T15:27:29","modified_gmt":"2023-03-05T14:27:29","slug":"verosso-primitivo-2","status":"publish","type":"product","link":"https:\/\/www.raschvin.com\/sv\/produkt\/verosso-primitivo-2\/","title":{"rendered":"Verosso Secret Blend 75 cl."},"content":{"rendered":"<p>Verosso \u00e4r ett rikt och bekv\u00e4mt vin. Stor saftig doft av torkade druvor, med en fin mjuk eftersmak. Vinet har en fin djup r\u00f6d f\u00e4rg och en smak av r\u00f6da b\u00e4r, med en touch av vanilj. Doft av torkade frukter som svartb\u00e4r eller k\u00f6rsb\u00e4r. Ett fruktigt vin med makt och fyll, men med mjuka tanniner.<\/p>\n<p>Perfekt f\u00f6r ljust k\u00f6tt, pizza, lamm, pasta r\u00e4tter samt ost.<\/p>\n","protected":false},"excerpt":{"rendered":"<p>Salento IGT Vino di Italia<\/p>\n","protected":false},"featured_media":19419,"template":"","meta":{"_acf_changed":false,"rs_blank_template":"","rs_page_bg_color":"","slide_template_v7":""},"product_brand":[],"product_cat":[2788,2798],"product_tag":[],"class_list":{"0":"post-21754","1":"product","2":"type-product","3":"status-publish","4":"has-post-thumbnail","6":"product_cat-vin-sv","7":"product_cat-roedvin-sv","8":"pa_drue-primitivo-negroamaro-sv-2","9":"pa_land-italien-sv","10":"pa_procent-13-5-sv","11":"pa_producent-amalie-vin-sv","12":"pa_region-salento-sv","13":"pa_serveringstemperatur-16-18-sv","14":"pa_volume-75-sv","16":"first","17":"instock","18":"taxable","19":"shipping-taxable","20":"purchasable","21":"product-type-simple"},"bundled_by":[],"bundle_stock_status":"instock","bundle_stock_quantity":null,"bundle_virtual":false,"bundle_layout":"","bundle_add_to_cart_form_location":"","bundle_editable_in_cart":false,"bundle_sold_individually_context":"","bundle_item_grouping":"","bundle_min_size":"","bundle_max_size":"","bundle_price":[],"bundled_items":[],"bundle_sell_ids":[],"acf":[],"_links":{"self":[{"href":"https:\/\/www.raschvin.com\/sv\/wp-json\/wp\/v2\/product\/21754","targetHints":{"allow":["GET"]}}],"collection":[{"href":"https:\/\/www.raschvin.com\/sv\/wp-json\/wp\/v2\/product"}],"about":[{"href":"https:\/\/www.raschvin.com\/sv\/wp-json\/wp\/v2\/types\/product"}],"wp:featuredmedia":[{"embeddable":true,"href":"https:\/\/www.raschvin.com\/sv\/wp-json\/wp\/v2\/media\/19419"}],"wp:attachment":[{"href":"https:\/\/www.raschvin.com\/sv\/wp-json\/wp\/v2\/media?parent=21754"}],"wp:term":[{"taxonomy":"product_brand","embeddable":true,"href":"https:\/\/www.raschvin.com\/sv\/wp-json\/wp\/v2\/product_brand?post=21754"},{"taxonomy":"product_cat","embeddable":true,"href":"https:\/\/www.raschvin.com\/sv\/wp-json\/wp\/v2\/product_cat?post=21754"},{"taxonomy":"product_tag","embeddable":true,"href":"https:\/\/www.raschvin.com\/sv\/wp-json\/wp\/v2\/product_tag?post=21754"}],"curies":[{"name":"wp","href":"https:\/\/api.w.org\/{rel}","templated":true}]}}