{"id":21752,"date":"2024-11-26T10:46:50","date_gmt":"2024-11-26T09:46:50","guid":{"rendered":"https:\/\/www.raschvin.com\/vare\/coste-carezzi-parziale-appassimento\/"},"modified":"2024-11-26T10:51:06","modified_gmt":"2024-11-26T09:51:06","slug":"coste-carezzi-parziale-appassimento","status":"publish","type":"product","link":"https:\/\/www.raschvin.com\/sv\/produkt\/coste-carezzi-parziale-appassimento\/","title":{"rendered":"Coste Carezzi Appassimento Rosso del Puglia 75 cl."},"content":{"rendered":"<p>Superl\u00e4ckert och fylligt r\u00f6dvin fr\u00e5n Italien<br \/>\nSilkeslent med en l\u00e5ng och ih\u00e5llande eftersmak.<br \/>\nPassar till: Medelhavsr\u00e4tter, Kraftiga ostar, Mildare ostar, Pasta och pizza, Biff.<\/p>\n<p>Fylligt, silkeslent och l\u00e4ckert<br \/>\nCoste Carezzi \u00e4r ett fylligt och smakrikt vin. F\u00e4rgen \u00e4r djupr\u00f6d med eleganta violetta nyanser. Doften \u00e4r rik och intensiv med toner av b\u00e4r och en hint av choklad. I munnen upplevs vinet fylligt och behagligt l\u00e5ngvarigt med en underbar l\u00e4tt kryddig eftersmak. Coste Carezzi \u00e4r det perfekta valet till klassiska italienska r\u00e4tter, men passar ocks\u00e5 utm\u00e4rkt till en biff eller ett urval av ostar.<\/p>\n<p>Serveringstemperatur: 18-20 \u00b0C<\/p>\n<p>Produktion<br \/>\nDruvorna till Coste Carezzi sk\u00f6rdas i regionen Puglia, som ligger i Italiens &#8221;h\u00e4l.&#8221; Coste Carezzi har ben\u00e4mningen Da uve con leggero Appassimento. Leggero Appassimento betyder att en del av vinet \u00e4r framst\u00e4llt p\u00e5 druvor som efter sk\u00f6rden f\u00e5tt torka delvis i temperaturkontrollerade rum under flera m\u00e5nader. Denna metod \u00e4r ocks\u00e5 k\u00e4nd fr\u00e5n uppskattade viner som Amarone och Ripasso, b\u00e5da fr\u00e5n Valpolicella i Veneto. Druvorna torkar tills de uppn\u00e5r en optimal balans mellan v\u00e4tska och socker. Under denna process f\u00f6rlorar druvorna cirka en tredjedel av sitt naturliga vatteninneh\u00e5ll, vilket ger druvor med intensiv smak, karakt\u00e4r och fyllighet.<\/p>\n","protected":false},"excerpt":{"rendered":"<p>Da Uve Con Leggero &#8211; Italy<\/p>\n","protected":false},"featured_media":76089,"template":"","meta":{"_acf_changed":false,"rs_blank_template":"","rs_page_bg_color":"","slide_template_v7":""},"product_brand":[],"product_cat":[2788,2798],"product_tag":[],"class_list":{"0":"post-21752","1":"product","2":"type-product","3":"status-publish","4":"has-post-thumbnail","6":"product_cat-vin-sv","7":"product_cat-roedvin-sv","8":"pa_drue-merlot-cabernet-sauvignon-sv","9":"pa_land-italien-sv","10":"pa_procent-14-5-sv","11":"pa_producent-taster-wine-sv","12":"pa_region-puglia-sv","13":"pa_serveringstemperatur-18-20-sv","14":"pa_volume-75-sv","16":"first","17":"instock","18":"taxable","19":"shipping-taxable","20":"purchasable","21":"product-type-simple"},"bundled_by":[],"bundle_stock_status":"instock","bundle_stock_quantity":null,"bundle_virtual":false,"bundle_layout":"","bundle_add_to_cart_form_location":"","bundle_editable_in_cart":false,"bundle_sold_individually_context":"","bundle_item_grouping":"","bundle_min_size":"","bundle_max_size":"","bundle_price":[],"bundled_items":[],"bundle_sell_ids":[],"acf":[],"_links":{"self":[{"href":"https:\/\/www.raschvin.com\/sv\/wp-json\/wp\/v2\/product\/21752","targetHints":{"allow":["GET"]}}],"collection":[{"href":"https:\/\/www.raschvin.com\/sv\/wp-json\/wp\/v2\/product"}],"about":[{"href":"https:\/\/www.raschvin.com\/sv\/wp-json\/wp\/v2\/types\/product"}],"wp:featuredmedia":[{"embeddable":true,"href":"https:\/\/www.raschvin.com\/sv\/wp-json\/wp\/v2\/media\/76089"}],"wp:attachment":[{"href":"https:\/\/www.raschvin.com\/sv\/wp-json\/wp\/v2\/media?parent=21752"}],"wp:term":[{"taxonomy":"product_brand","embeddable":true,"href":"https:\/\/www.raschvin.com\/sv\/wp-json\/wp\/v2\/product_brand?post=21752"},{"taxonomy":"product_cat","embeddable":true,"href":"https:\/\/www.raschvin.com\/sv\/wp-json\/wp\/v2\/product_cat?post=21752"},{"taxonomy":"product_tag","embeddable":true,"href":"https:\/\/www.raschvin.com\/sv\/wp-json\/wp\/v2\/product_tag?post=21752"}],"curies":[{"name":"wp","href":"https:\/\/api.w.org\/{rel}","templated":true}]}}