{"id":21748,"date":"2024-07-13T07:19:50","date_gmt":"2024-07-13T05:19:50","guid":{"rendered":"https:\/\/www.raschvin.com\/vare\/palmer-co-brut-reserve\/"},"modified":"2024-07-13T07:21:24","modified_gmt":"2024-07-13T05:21:24","slug":"palmer-co-brut-reserve","status":"publish","type":"product","link":"https:\/\/www.raschvin.com\/sv\/produkt\/palmer-co-brut-reserve\/","title":{"rendered":"Palmer &#038; Co. La R\u00e9serve 75 cl."},"content":{"rendered":"<p>Palmer &#038; Co La Reserve \u00e4r en kr\u00e4mig och elegant cuv\u00e9e som best\u00e5r av 50-55% Chardonnay, 30-35% Pinot Noir och 10-15% Pinot Meunier fr\u00e5n n\u00e5gra av de b\u00e4sta Premier- och Grand Cru-f\u00e4lten i Reims. Upp till 35 % \u00e4r reservviner fr\u00e5n tidigare \u00e5rg\u00e5ngar vilket ger ett fint djup och komplexitet. Det \u00e4r en ganska stor andel reservvin och det \u00e4r ocks\u00e5 d\u00e4rf\u00f6r som vinet heter La Reserve. Champagnen \u00e4r &#8221;sur l\u00f6gn&#8221; i tre till fyra \u00e5r och har en dos p\u00e5 8 g\/L.<\/p>\n<p>F\u00e4rg: Ljus halmgul<br \/>\nDoft: Elegant doft av vita blommor, p\u00e4ron, aprikos och citrus<br \/>\nSmaknoter: Kr\u00e4mig och harmonisk i smaken med bakat \u00e4pple, citronskal och en hint av honung.<br \/>\nServeringsf\u00f6rslag: Som aperitif eller till l\u00e4tta fisk- och skaldjursr\u00e4tter<\/p>\n","protected":false},"excerpt":{"rendered":"<p>Champagne de France<\/p>\n","protected":false},"featured_media":60033,"template":"","meta":{"_acf_changed":false,"rs_blank_template":"","rs_page_bg_color":"","slide_template_v7":""},"product_brand":[],"product_cat":[2745,2747],"product_tag":[],"class_list":{"0":"post-21748","1":"product","2":"type-product","3":"status-publish","4":"has-post-thumbnail","6":"product_cat-champagne-sv","7":"product_cat-non-vintage-sv","8":"pa_champagne-type-brut-sv","9":"pa_drue-chardonnay-pinot-noir-pinot-meunier-sv","10":"pa_land-frankrike","11":"pa_non-vintage-non-vintage-sv","12":"pa_procent-12-sv","13":"pa_producent-palmer-co-sv","14":"pa_region-champagne-sv","15":"pa_serveringstemperatur-10-12-sv-2","16":"pa_volume-75-sv","18":"first","19":"instock","20":"taxable","21":"shipping-taxable","22":"purchasable","23":"product-type-simple"},"bundled_by":["120900","120909"],"bundle_stock_status":"instock","bundle_stock_quantity":null,"bundle_virtual":false,"bundle_layout":"","bundle_add_to_cart_form_location":"","bundle_editable_in_cart":false,"bundle_sold_individually_context":"","bundle_item_grouping":"","bundle_min_size":"","bundle_max_size":"","bundle_price":[],"bundled_items":[],"bundle_sell_ids":[],"acf":[],"_links":{"self":[{"href":"https:\/\/www.raschvin.com\/sv\/wp-json\/wp\/v2\/product\/21748","targetHints":{"allow":["GET"]}}],"collection":[{"href":"https:\/\/www.raschvin.com\/sv\/wp-json\/wp\/v2\/product"}],"about":[{"href":"https:\/\/www.raschvin.com\/sv\/wp-json\/wp\/v2\/types\/product"}],"wp:featuredmedia":[{"embeddable":true,"href":"https:\/\/www.raschvin.com\/sv\/wp-json\/wp\/v2\/media\/60033"}],"wp:attachment":[{"href":"https:\/\/www.raschvin.com\/sv\/wp-json\/wp\/v2\/media?parent=21748"}],"wp:term":[{"taxonomy":"product_brand","embeddable":true,"href":"https:\/\/www.raschvin.com\/sv\/wp-json\/wp\/v2\/product_brand?post=21748"},{"taxonomy":"product_cat","embeddable":true,"href":"https:\/\/www.raschvin.com\/sv\/wp-json\/wp\/v2\/product_cat?post=21748"},{"taxonomy":"product_tag","embeddable":true,"href":"https:\/\/www.raschvin.com\/sv\/wp-json\/wp\/v2\/product_tag?post=21748"}],"curies":[{"name":"wp","href":"https:\/\/api.w.org\/{rel}","templated":true}]}}