{"id":21741,"date":"2022-06-16T13:26:11","date_gmt":"2022-06-16T11:26:11","guid":{"rendered":"https:\/\/www.raschvin.com\/vare\/fad-no-6\/"},"modified":"2022-11-17T11:30:29","modified_gmt":"2022-11-17T10:30:29","slug":"fad-no-6","status":"publish","type":"product","link":"https:\/\/www.raschvin.com\/sv\/produkt\/fad-no-6\/","title":{"rendered":"Fad No.6 Medium Sherry 75 cl. 20%"},"content":{"rendered":"<p>Fad nr. 6 Medium Sherry \u00e4r en halvs\u00f6t sherry som produceras av Barbadillo, men flaska fr\u00e5n den danska Vinfirma Erik-Troels Smith. Uts\u00f6kt, gammal sherry med en speciell fullhet och kvalitet.<\/p>\n<p>Vinet \u00e4r bel\u00e4get p\u00e5 FAD i 3 \u00e5r i det unika Criator och solgassystem som g\u00f6r den traditionella blandningen av nya unga viner med \u00e4ldre viner. Kan vara full som aptitretare f\u00f6r skinka och ost eller till efterr\u00e4tter med apelsin, persika och mandarin.<\/p>\n","protected":false},"excerpt":{"rendered":"<p>Classic Spanish Sherry<\/p>\n","protected":false},"featured_media":19304,"template":"","meta":{"_acf_changed":false,"rs_blank_template":"","rs_page_bg_color":"","slide_template_v7":""},"product_brand":[],"product_cat":[2765,2766],"product_tag":[],"class_list":{"0":"post-21741","1":"product","2":"type-product","3":"status-publish","4":"has-post-thumbnail","6":"product_cat-hedvin-sv","7":"product_cat-koersbaer","8":"pa_land-spanien-sv","9":"pa_procent-20-sv","10":"pa_producent-barbadillo-sv","11":"pa_serveringstemperatur-12-sv","12":"pa_volume-75-sv","14":"first","15":"outofstock","16":"taxable","17":"shipping-taxable","18":"purchasable","19":"product-type-simple"},"bundled_by":[],"bundle_stock_status":"outofstock","bundle_stock_quantity":null,"bundle_virtual":false,"bundle_layout":"","bundle_add_to_cart_form_location":"","bundle_editable_in_cart":false,"bundle_sold_individually_context":"","bundle_item_grouping":"","bundle_min_size":"","bundle_max_size":"","bundle_price":[],"bundled_items":[],"bundle_sell_ids":[],"acf":[],"_links":{"self":[{"href":"https:\/\/www.raschvin.com\/sv\/wp-json\/wp\/v2\/product\/21741","targetHints":{"allow":["GET"]}}],"collection":[{"href":"https:\/\/www.raschvin.com\/sv\/wp-json\/wp\/v2\/product"}],"about":[{"href":"https:\/\/www.raschvin.com\/sv\/wp-json\/wp\/v2\/types\/product"}],"wp:featuredmedia":[{"embeddable":true,"href":"https:\/\/www.raschvin.com\/sv\/wp-json\/wp\/v2\/media\/19304"}],"wp:attachment":[{"href":"https:\/\/www.raschvin.com\/sv\/wp-json\/wp\/v2\/media?parent=21741"}],"wp:term":[{"taxonomy":"product_brand","embeddable":true,"href":"https:\/\/www.raschvin.com\/sv\/wp-json\/wp\/v2\/product_brand?post=21741"},{"taxonomy":"product_cat","embeddable":true,"href":"https:\/\/www.raschvin.com\/sv\/wp-json\/wp\/v2\/product_cat?post=21741"},{"taxonomy":"product_tag","embeddable":true,"href":"https:\/\/www.raschvin.com\/sv\/wp-json\/wp\/v2\/product_tag?post=21741"}],"curies":[{"name":"wp","href":"https:\/\/api.w.org\/{rel}","templated":true}]}}