{"id":21736,"date":"2022-06-16T13:26:11","date_gmt":"2022-06-16T11:26:11","guid":{"rendered":"https:\/\/www.raschvin.com\/vare\/berberana-cava-brut\/"},"modified":"2022-10-26T19:06:01","modified_gmt":"2022-10-26T17:06:01","slug":"berberana-cava-brut","status":"publish","type":"product","link":"https:\/\/www.raschvin.com\/sv\/produkt\/berberana-cava-brut\/","title":{"rendered":"Berberana Brut &#8211; CAVA &#8211; Gran Tradici\u00f2n 75 cl. 11,5%"},"content":{"rendered":"<p>Crispy mousserande vin fr\u00e5n det nord\u00f6stra h\u00f6rnet av Spanien. H\u00e4r i penedes tillverkar du n\u00e5gra av de b\u00e4sta mousserande vinerna i v\u00e4rlden. Producerad p\u00e5 den traditionella metoden, som champagne.<\/p>\n<p>Omr\u00e5det och tillverkaren:<\/p>\n<p>Denna cava \u00e4r tillverkad i den klassiska Cava staden Sant Sadurni d&#8217;Anoia, i hj\u00e4rtat av Penedes. H\u00e4r har Cava tillverkats sedan 1882 och de anses vara i DAB av de ledande tillverkarna. De klassiska druvorna f\u00f6r Cava och den f\u00f6rl\u00e4ngda lagringen i flaskan hj\u00e4lper till att ge produkten finess och elegans.<\/p>\n<p>Vinet:<\/p>\n<p>Vinet \u00e4r f\u00f6rfattat p\u00e5 f\u00f6ljande druvsorter: Macabeo, Xarel-Lo och Parellada, som trivs bra i omr\u00e5dets lera, granit och kalkhaltigt land. N\u00e4r druvorna sk\u00f6rdas i september, v\u00e4ljs endast de allra b\u00e4sta f\u00f6r Cava-produktionen. Vinbutikerna djupt i husets k\u00e4llare och har det viktiga andra klippet p\u00e5 flaskan. Det ger stora stabila bubblor i flaskan.<\/p>\n<p>I glaset:<\/p>\n<p>Klar halmf\u00e4rg i glaset med en l\u00e4gre str\u00f6m av sm\u00e5 bubblor. Fina smak\u00e4mnen \u00f6kade l\u00e4tt med p\u00e4ron, halm och n\u00e5got j\u00e4st fr\u00e5n flaskf\u00f6rvaringen. Smaken \u00e4r fin balanserad med ren frukt karakt\u00e4r och en mousse som s\u00e4tter sig bra p\u00e5 tungan.<br \/>\nPerfekt f\u00f6r aperitif, eller medf\u00f6ljande ljusfiskefr\u00e4tter och skaldjur.<\/p>\n<p>Serveringstemperatur 6 &#8211; 8 \u00b0 C.<\/p>\n","protected":false},"excerpt":{"rendered":"<p>Classic Cava &#8211; Spain<\/p>\n","protected":false},"featured_media":19266,"template":"","meta":{"_acf_changed":false,"rs_blank_template":"","rs_page_bg_color":"","slide_template_v7":""},"product_brand":[],"product_cat":[2780,2776],"product_tag":[],"class_list":{"0":"post-21736","1":"product","2":"type-product","3":"status-publish","4":"has-post-thumbnail","6":"product_cat-cava-sv","7":"product_cat-mousserende-sv","8":"pa_champagne-type-brut-sv","9":"pa_drue-macabeo-xarel-lo-parellada-sv","10":"pa_land-spanien-sv","11":"pa_procent-11-5-sv","12":"pa_producent-berberana-sv","13":"pa_region-pendes-sv","14":"pa_serveringstemperatur-6-8-sv","15":"pa_volume-75-sv","17":"first","18":"instock","19":"taxable","20":"shipping-taxable","21":"purchasable","22":"product-type-simple"},"bundled_by":[],"bundle_stock_status":"instock","bundle_stock_quantity":null,"bundle_virtual":false,"bundle_layout":"","bundle_add_to_cart_form_location":"","bundle_editable_in_cart":false,"bundle_sold_individually_context":"","bundle_item_grouping":"","bundle_min_size":"","bundle_max_size":"","bundle_price":[],"bundled_items":[],"bundle_sell_ids":[],"acf":[],"_links":{"self":[{"href":"https:\/\/www.raschvin.com\/sv\/wp-json\/wp\/v2\/product\/21736","targetHints":{"allow":["GET"]}}],"collection":[{"href":"https:\/\/www.raschvin.com\/sv\/wp-json\/wp\/v2\/product"}],"about":[{"href":"https:\/\/www.raschvin.com\/sv\/wp-json\/wp\/v2\/types\/product"}],"wp:featuredmedia":[{"embeddable":true,"href":"https:\/\/www.raschvin.com\/sv\/wp-json\/wp\/v2\/media\/19266"}],"wp:attachment":[{"href":"https:\/\/www.raschvin.com\/sv\/wp-json\/wp\/v2\/media?parent=21736"}],"wp:term":[{"taxonomy":"product_brand","embeddable":true,"href":"https:\/\/www.raschvin.com\/sv\/wp-json\/wp\/v2\/product_brand?post=21736"},{"taxonomy":"product_cat","embeddable":true,"href":"https:\/\/www.raschvin.com\/sv\/wp-json\/wp\/v2\/product_cat?post=21736"},{"taxonomy":"product_tag","embeddable":true,"href":"https:\/\/www.raschvin.com\/sv\/wp-json\/wp\/v2\/product_tag?post=21736"}],"curies":[{"name":"wp","href":"https:\/\/api.w.org\/{rel}","templated":true}]}}