{"id":21735,"date":"2022-06-16T13:25:34","date_gmt":"2022-06-16T11:25:34","guid":{"rendered":"https:\/\/www.raschvin.com\/vare\/sangria-maria-ole-pet-15-ltr\/"},"modified":"2022-12-06T09:31:48","modified_gmt":"2022-12-06T08:31:48","slug":"sangria-maria-ole-pet-15-ltr","status":"publish","type":"product","link":"https:\/\/www.raschvin.com\/sv\/produkt\/sangria-maria-ole-pet-15-ltr\/","title":{"rendered":"Sangria Maria Ole &#8211; PET 150 cl. 7%"},"content":{"rendered":"<p>Maria Ole Sangria \u00e4r en h\u00e4rlig, s\u00f6t och frisk fruktvin, som \u00e4r den perfekta aperitif eller svalare p\u00e5 terrassen en varm sommardag. Nyd Maria Ole Sangria afk\u00f8let med en appelsinskiver i glasset eller en bowle. Kun fantasien s\u00e6tter gr\u00e6nser for, frugter du kan blande tillsammans med denne sangria. Prova ocks\u00e5 att s\u00e4tta limeskiver, melon, kiwi och mango till denna sommarliga fruktvinsaperitif.<\/p>\n<p>Doft: Frugtagtig, krydret arom med toner av citrus, appelsin, citron, kanel och druer<br \/>\nSmag: S\u00f6d, frisk och fruktig smak med karakt\u00e4r av appelsin, citron, kanel, kardemomme och vindruer.<br \/>\nProduktion: Denna vin produceras p\u00e5 en vanlig traditionell s\u00e4tt, och sedan har den blivit blandet med socker, aromaer och krydderier.<\/p>\n","protected":false},"excerpt":{"rendered":"<p>Aromatised Wine &#8211; Spain<\/p>\n","protected":false},"featured_media":19256,"template":"","meta":{"_acf_changed":false,"rs_blank_template":"","rs_page_bg_color":"","slide_template_v7":""},"product_brand":[],"product_cat":[4756,4758,2788],"product_tag":[],"class_list":{"0":"post-21735","1":"product","2":"type-product","3":"status-publish","4":"has-post-thumbnail","6":"product_cat-sangria-sv","7":"product_cat-aeromat-fruktvin","8":"product_cat-vin-sv","9":"pa_land-spanien-sv","10":"pa_procent-7-sv","11":"pa_serveringstemperatur-10-16-sv","12":"pa_volume-150-sv","14":"first","15":"instock","16":"sale","17":"taxable","18":"shipping-taxable","19":"purchasable","20":"product-type-simple"},"bundled_by":[],"bundle_stock_status":"instock","bundle_stock_quantity":null,"bundle_virtual":false,"bundle_layout":"","bundle_add_to_cart_form_location":"","bundle_editable_in_cart":false,"bundle_sold_individually_context":"","bundle_item_grouping":"","bundle_min_size":"","bundle_max_size":"","bundle_price":[],"bundled_items":[],"bundle_sell_ids":[],"acf":[],"_links":{"self":[{"href":"https:\/\/www.raschvin.com\/sv\/wp-json\/wp\/v2\/product\/21735","targetHints":{"allow":["GET"]}}],"collection":[{"href":"https:\/\/www.raschvin.com\/sv\/wp-json\/wp\/v2\/product"}],"about":[{"href":"https:\/\/www.raschvin.com\/sv\/wp-json\/wp\/v2\/types\/product"}],"wp:featuredmedia":[{"embeddable":true,"href":"https:\/\/www.raschvin.com\/sv\/wp-json\/wp\/v2\/media\/19256"}],"wp:attachment":[{"href":"https:\/\/www.raschvin.com\/sv\/wp-json\/wp\/v2\/media?parent=21735"}],"wp:term":[{"taxonomy":"product_brand","embeddable":true,"href":"https:\/\/www.raschvin.com\/sv\/wp-json\/wp\/v2\/product_brand?post=21735"},{"taxonomy":"product_cat","embeddable":true,"href":"https:\/\/www.raschvin.com\/sv\/wp-json\/wp\/v2\/product_cat?post=21735"},{"taxonomy":"product_tag","embeddable":true,"href":"https:\/\/www.raschvin.com\/sv\/wp-json\/wp\/v2\/product_tag?post=21735"}],"curies":[{"name":"wp","href":"https:\/\/api.w.org\/{rel}","templated":true}]}}