{"id":21734,"date":"2022-06-16T13:25:34","date_gmt":"2022-06-16T11:25:34","guid":{"rendered":"https:\/\/www.raschvin.com\/vare\/leitz-eins-zwei-zero-rose\/"},"modified":"2025-09-10T08:47:08","modified_gmt":"2025-09-10T06:47:08","slug":"leitz-eins-zwei-zero-rose","status":"publish","type":"product","link":"https:\/\/www.raschvin.com\/sv\/produkt\/leitz-eins-zwei-zero-rose\/","title":{"rendered":"Leitz Eins Zwei Zero Ros\u00e9 75 cl. 0%"},"content":{"rendered":"<p>Leitz Ein Zwei Zero Ros\u00e9 \u00e4r n\u00e5got som s\u00e4llsynt som ett alkoholfritt vin som faktiskt smakar som vin. Det \u00e4r gjord p\u00e5 druvorna Merlot, Pinot Noir och Blauer portugies, och genomg\u00e5r en mild de-alkoholisering via vakuumdestillation, bevarar s\u00e5 mycket smak och karakt\u00e4r fr\u00e5n druvorna som m\u00f6jligt. \u00c4ven om alkoholfria alternativ inte har djupet och tyngd som vi vet fr\u00e5n &#8221;riktigt&#8221; vin, \u00e4r Ein Zwei Zero s\u00e5 fr\u00e4sch, skarp och munvatten, som st\u00f6ds av en cannon flotic syra som du inte saknar n\u00e5got i strukturen.<\/p>\n<p>F\u00e4rg: Ljusrosa.<br \/>\nFragrance: Inbjudande aromer av jordgubbar, revben och druva.<br \/>\nSmak Anm\u00e4rkningar: N\u00e4stan bubbla, med en s\u00f6t smak av hallon, citrus och revben.<\/p>\n<p>Serveringsf\u00f6rslag: Njut av det coola, t.ex. f\u00f6r kryddiga, asiatiska r\u00e4tter.<\/p>\n<p>Johannes Leitz tog \u00f6ver familjen vinna fr\u00e5n sin far 1999 efter att ha st\u00e5tt f\u00f6r vinet sedan 1985. Under Johannes \u00e4gande gick Leitz bara en v\u00e4g upp! Kvaliteten har stigit fr\u00e5n god till v\u00e4rldsklass och du har lyckats expandera f\u00e4lten med n\u00e5gra av de b\u00e4sta paketen runt staden R\u00fcdesheim.<\/p>\n<p>Hillside v\u00e4ster om och omedelbart runt R\u00fcdesheim \u00e4r en av de mest magiska terroirerna v\u00e4rlden \u00f6ver f\u00f6r produktion av viner p\u00e5 Rieslingdruen &#8211; och d\u00e4rmed en av de mest magiska terroirerna \u00f6ver hela v\u00e4rlden f\u00f6r produktion av vitt vin!<\/p>\n<p>H\u00e4r hittar vi Paket Berg Schlo\u03b2berg, Berg Rottland, Berg Roseneck och Berg Kaisersteinfels, alla fyra njuter av h\u00f6gsta m\u00f6jliga klassificering och erk\u00e4nnande i Tysklands hierarki.<\/p>\n","protected":false},"excerpt":{"rendered":"<p>Quality Non Alcoholic Wine <\/p>\n","protected":false},"featured_media":19249,"template":"","meta":{"_acf_changed":false,"rs_blank_template":"","rs_page_bg_color":"","slide_template_v7":""},"product_brand":[],"product_cat":[4476,2788],"product_tag":[],"class_list":{"0":"post-21734","1":"product","2":"type-product","3":"status-publish","4":"has-post-thumbnail","6":"product_cat-alkoholfri-0","7":"product_cat-vin-sv","8":"pa_drue-riesling-sv","9":"pa_land-tyskland-sv","10":"pa_non-alcoholic-ja-sv","11":"pa_procent-0-sv","12":"pa_producent-leitz-sv","13":"pa_region-rheingau-sv","14":"pa_serveringstemperatur-8-10-sv","15":"pa_volume-75-sv","17":"first","18":"instock","19":"taxable","20":"shipping-taxable","21":"purchasable","22":"product-type-simple"},"bundled_by":[],"bundle_stock_status":"instock","bundle_stock_quantity":null,"bundle_virtual":false,"bundle_layout":"","bundle_add_to_cart_form_location":"","bundle_editable_in_cart":false,"bundle_sold_individually_context":"","bundle_item_grouping":"","bundle_min_size":"","bundle_max_size":"","bundle_price":[],"bundled_items":[],"bundle_sell_ids":[],"acf":[],"_links":{"self":[{"href":"https:\/\/www.raschvin.com\/sv\/wp-json\/wp\/v2\/product\/21734","targetHints":{"allow":["GET"]}}],"collection":[{"href":"https:\/\/www.raschvin.com\/sv\/wp-json\/wp\/v2\/product"}],"about":[{"href":"https:\/\/www.raschvin.com\/sv\/wp-json\/wp\/v2\/types\/product"}],"wp:featuredmedia":[{"embeddable":true,"href":"https:\/\/www.raschvin.com\/sv\/wp-json\/wp\/v2\/media\/19249"}],"wp:attachment":[{"href":"https:\/\/www.raschvin.com\/sv\/wp-json\/wp\/v2\/media?parent=21734"}],"wp:term":[{"taxonomy":"product_brand","embeddable":true,"href":"https:\/\/www.raschvin.com\/sv\/wp-json\/wp\/v2\/product_brand?post=21734"},{"taxonomy":"product_cat","embeddable":true,"href":"https:\/\/www.raschvin.com\/sv\/wp-json\/wp\/v2\/product_cat?post=21734"},{"taxonomy":"product_tag","embeddable":true,"href":"https:\/\/www.raschvin.com\/sv\/wp-json\/wp\/v2\/product_tag?post=21734"}],"curies":[{"name":"wp","href":"https:\/\/api.w.org\/{rel}","templated":true}]}}