{"id":21718,"date":"2022-06-16T13:24:44","date_gmt":"2022-06-16T11:24:44","guid":{"rendered":"https:\/\/www.raschvin.com\/vare\/menard-pineau-des-charentes-blanc\/"},"modified":"2022-11-27T10:09:04","modified_gmt":"2022-11-27T09:09:04","slug":"menard-pineau-des-charentes-blanc","status":"publish","type":"product","link":"https:\/\/www.raschvin.com\/sv\/produkt\/menard-pineau-des-charentes-blanc\/","title":{"rendered":"M\u00e9nard Pineau des Charentes &#8211; Blanc 75 cl. 17%"},"content":{"rendered":"<p>Enligt legenden skapades Pineau des Charentes av misstag. Under vinsk\u00f6rden t\u00f6mde en vinodlare fr\u00e5n Charente vid namn Pineau av misstag nypressad druvjuice i ett fat som fortfarande inneh\u00f6ll Cognac. Cognacen stoppade j\u00e4sningen av druvmusten och inom n\u00e5gra \u00e5r f\u00f6rvandlades drycken till en helt ny smakriktning. Pineau des Charentes skapades.<\/p>\n<p>Detta vin \u00e4r mjukt och behagligt men har samtidigt den starka konjakkarakt\u00e4ren.<\/p>\n<p>Smidig men kraftfull, Cognac guldf\u00e4rg, livlig och lysande.<br \/>\nDiskret n\u00e4sa, i l\u00e4ttheten, smickrande, drar in furan.<br \/>\nGanska kraftfull, v\u00e4lstrukturerad smak, citrusnyanser, med fina toner av honung, syrliga s\u00f6tsaker och kvittenmarmelad f\u00f6r en enkel och omedelbar njutning.<br \/>\nUgni Blanc druvsort 90%, Montils 5%, Semillon 5%.<\/p>\n<p>Servera vinet vid 8-10\u00baC som aperitif eller som tillbeh\u00f6r till fruktdesserter.<\/p>\n<p>Familjen Menards 80 hektar ving\u00e5rdar ligger alla i Grande Champagne Premier Cru de Cognac, och detta \u00e4r en viktig anledning till Menards h\u00f6ga kvalitet. Kvaliteten p\u00e5 Pineau beror p\u00e5 kvaliteten p\u00e5 Cognac. Eftersom Cognac \u00e4r en Grande Fine Champagne, ger den maximal mjukhet, finess och arom till Pineau. I kombination med f\u00f6retagets val av druvor, samt lagring p\u00e5 limousine ekfat, f\u00f6rst\u00e5r du b\u00e4ttre Menards alltid tilltalande kvalitet.<\/p>\n","protected":false},"excerpt":{"rendered":"<p>Aperitif de France <\/p>\n","protected":false},"featured_media":54743,"template":"","meta":{"_acf_changed":false,"rs_blank_template":"","rs_page_bg_color":"","slide_template_v7":""},"product_brand":[],"product_cat":[6191,2765],"product_tag":[],"class_list":{"0":"post-21718","1":"product","2":"type-product","3":"status-publish","4":"has-post-thumbnail","6":"product_cat-andra-sv","7":"product_cat-hedvin-sv","8":"pa_land-frankrike","9":"pa_procent-17-sv","10":"pa_producent-j-p-menard-sv","11":"pa_region-grand-champagne-sv","12":"pa_serveringstemperatur-8-10-sv","13":"pa_volume-75-sv","15":"first","16":"instock","17":"taxable","18":"shipping-taxable","19":"purchasable","20":"product-type-simple"},"bundled_by":[],"bundle_stock_status":"instock","bundle_stock_quantity":null,"bundle_virtual":false,"bundle_layout":"","bundle_add_to_cart_form_location":"","bundle_editable_in_cart":false,"bundle_sold_individually_context":"","bundle_item_grouping":"","bundle_min_size":"","bundle_max_size":"","bundle_price":[],"bundled_items":[],"bundle_sell_ids":[],"acf":[],"_links":{"self":[{"href":"https:\/\/www.raschvin.com\/sv\/wp-json\/wp\/v2\/product\/21718","targetHints":{"allow":["GET"]}}],"collection":[{"href":"https:\/\/www.raschvin.com\/sv\/wp-json\/wp\/v2\/product"}],"about":[{"href":"https:\/\/www.raschvin.com\/sv\/wp-json\/wp\/v2\/types\/product"}],"wp:featuredmedia":[{"embeddable":true,"href":"https:\/\/www.raschvin.com\/sv\/wp-json\/wp\/v2\/media\/54743"}],"wp:attachment":[{"href":"https:\/\/www.raschvin.com\/sv\/wp-json\/wp\/v2\/media?parent=21718"}],"wp:term":[{"taxonomy":"product_brand","embeddable":true,"href":"https:\/\/www.raschvin.com\/sv\/wp-json\/wp\/v2\/product_brand?post=21718"},{"taxonomy":"product_cat","embeddable":true,"href":"https:\/\/www.raschvin.com\/sv\/wp-json\/wp\/v2\/product_cat?post=21718"},{"taxonomy":"product_tag","embeddable":true,"href":"https:\/\/www.raschvin.com\/sv\/wp-json\/wp\/v2\/product_tag?post=21718"}],"curies":[{"name":"wp","href":"https:\/\/api.w.org\/{rel}","templated":true}]}}