{"id":21715,"date":"2022-06-16T13:24:44","date_gmt":"2022-06-16T11:24:44","guid":{"rendered":"https:\/\/www.raschvin.com\/vare\/madeira-miles-10-years-old-rich\/"},"modified":"2024-04-24T14:24:14","modified_gmt":"2024-04-24T12:24:14","slug":"madeira-miles-10-years-old-rich","status":"publish","type":"product","link":"https:\/\/www.raschvin.com\/sv\/produkt\/madeira-miles-10-years-old-rich\/","title":{"rendered":"Miles Madeira &#8211; 10 Years Dolce Rich Tinta Negra 75 cl. 19%"},"content":{"rendered":"<p>Miles 10 Year Old Rich f\u00e5r b\u00f6ter och kr\u00e4ver inte dekantering. Det \u00e4r ett utm\u00e4rkt tillbeh\u00f6r till dessertr\u00e4tter, s\u00e4rskilt frukt, kakor, chokladpuddingar och mjuka ostar. Den har buteljerats n\u00e4r den \u00e4r klar att drickas och kommer att h\u00e5lla i flera m\u00e5nader efter \u00f6ppnandet.<\/p>\n<p>F\u00e4rg: djup kastanj med gyllene h\u00f6jdpunkter. N\u00e4sa: karakteristisk Madeirabukett av torkad frukt, kryddor, honung och kanderad frukt. Smak: s\u00f6t, mjuk och komplex, med en l\u00e5ng eftersmak av rostad torkad frukt.<\/p>\n","protected":false},"excerpt":{"rendered":"<p>Madeira Wine Company<\/p>\n","protected":false},"featured_media":52888,"template":"","meta":{"_acf_changed":false,"rs_blank_template":"","rs_page_bg_color":"","slide_template_v7":""},"product_brand":[],"product_cat":[2765,2768],"product_tag":[],"class_list":{"0":"post-21715","1":"product","2":"type-product","3":"status-publish","4":"has-post-thumbnail","6":"product_cat-hedvin-sv","7":"product_cat-madeira-sv","8":"pa_land-portugal-sv","9":"pa_procent-19-sv","10":"pa_producent-madeira-wine-company-sv","11":"pa_region-madeira-sv","12":"pa_serveringstemperatur-18-20-sv","13":"pa_volume-75-sv","15":"first","16":"instock","17":"taxable","18":"shipping-taxable","19":"purchasable","20":"product-type-simple"},"bundled_by":[],"bundle_stock_status":"instock","bundle_stock_quantity":null,"bundle_virtual":false,"bundle_layout":"","bundle_add_to_cart_form_location":"","bundle_editable_in_cart":false,"bundle_sold_individually_context":"","bundle_item_grouping":"","bundle_min_size":"","bundle_max_size":"","bundle_price":[],"bundled_items":[],"bundle_sell_ids":[],"acf":[],"_links":{"self":[{"href":"https:\/\/www.raschvin.com\/sv\/wp-json\/wp\/v2\/product\/21715","targetHints":{"allow":["GET"]}}],"collection":[{"href":"https:\/\/www.raschvin.com\/sv\/wp-json\/wp\/v2\/product"}],"about":[{"href":"https:\/\/www.raschvin.com\/sv\/wp-json\/wp\/v2\/types\/product"}],"wp:featuredmedia":[{"embeddable":true,"href":"https:\/\/www.raschvin.com\/sv\/wp-json\/wp\/v2\/media\/52888"}],"wp:attachment":[{"href":"https:\/\/www.raschvin.com\/sv\/wp-json\/wp\/v2\/media?parent=21715"}],"wp:term":[{"taxonomy":"product_brand","embeddable":true,"href":"https:\/\/www.raschvin.com\/sv\/wp-json\/wp\/v2\/product_brand?post=21715"},{"taxonomy":"product_cat","embeddable":true,"href":"https:\/\/www.raschvin.com\/sv\/wp-json\/wp\/v2\/product_cat?post=21715"},{"taxonomy":"product_tag","embeddable":true,"href":"https:\/\/www.raschvin.com\/sv\/wp-json\/wp\/v2\/product_tag?post=21715"}],"curies":[{"name":"wp","href":"https:\/\/api.w.org\/{rel}","templated":true}]}}