{"id":21714,"date":"2022-06-16T13:24:11","date_gmt":"2022-06-16T11:24:11","guid":{"rendered":"https:\/\/www.raschvin.com\/vare\/madeira-ferraz-medium-rich\/"},"modified":"2022-11-25T14:26:59","modified_gmt":"2022-11-25T13:26:59","slug":"madeira-ferraz-medium-rich","status":"publish","type":"product","link":"https:\/\/www.raschvin.com\/sv\/produkt\/madeira-ferraz-medium-rich\/","title":{"rendered":"Ferraz Madeira &#8211; Medium Rich 70 cl. 17%"},"content":{"rendered":"<p>Denna Madeira kommer fr\u00e5n Vinfirmaet Ferraz, som producerar n\u00e5gra av de b\u00e4sta Madeira-vinerna. Idag \u00e4r bolaget under Madeira vinbolag, som r\u00e4knar 9 av de b\u00e4sta vinf\u00f6retag p\u00e5 \u00f6n.<\/p>\n<p>Ferraz Medium Rich Madeira har en trevlig och typisk karakt\u00e4r f\u00f6r en ung Madeira. Den har en doft av torkade frukter och en touch av ek. Det \u00e4r halvr\u00f6d och smakar av torkade frukter, kryddor samt lite ek.<\/p>\n<p>Madeira kan njutas nu.<\/p>\n<p>Servera Madeira vid 18-20\u00baC f\u00f6r efterr\u00e4tter, kakor eller ost.<\/p>\n<p>Vin har gjorts i Madeira sedan 1700-talet &#8211; och alltid efter den speciella tillverkningsmetoden &#8221;Estufagem&#8221;. I tidigare tider, d\u00e4r druvorna kom fr\u00e5n sm\u00e5 byar l\u00e5ngt ifr\u00e5n huvudet och handelsstaden Funchal, var det farligt att transportera vinet \u00f6ver Vulcana-\u00f6n efter h\u00f6sten p\u00e5 h\u00f6sten, s\u00e5 du var tvungen att v\u00e4nta p\u00e5 v\u00e5ren.<\/p>\n<p>Under den mellanliggande perioden lagrades vinet i t\u00e4ta tygv\u00e4skor upp under hustaken, d\u00e4r det utsattes p\u00e5 h\u00f6sten av extrem v\u00e4rme och p\u00e5 vintern f\u00f6r kallt. H\u00e4rmed fick Madeiraen sin unika br\u00e4nt karakt\u00e4r och var samtidigt &#8221;h\u00e4rdad&#8221;, s\u00e5 det \u00e4r det mest slitstarka vinet i v\u00e4rlden. De b\u00e4sta Madeias kan ligga p\u00e5 \u00f6ver 100 \u00e5r &#8211; ja, du har till och med smakat mer \u00e4n 200 \u00e5r gammal Madeira, som bara var h\u00f6gst. Vissa tillverkare anv\u00e4nder fortfarande den gamla metoden idag, men de flesta anv\u00e4nder en mekaniserad form, d\u00e4r i temperaturstyrda utrymmen provocerar denna temperaturutbyte.<\/p>\n","protected":false},"excerpt":{"rendered":"<p>Madeira Wine Company<\/p>\n","protected":false},"featured_media":19116,"template":"","meta":{"_acf_changed":false,"rs_blank_template":"","rs_page_bg_color":"","slide_template_v7":""},"product_brand":[],"product_cat":[2768,2765],"product_tag":[],"class_list":{"0":"post-21714","1":"product","2":"type-product","3":"status-publish","4":"has-post-thumbnail","6":"product_cat-madeira-sv","7":"product_cat-hedvin-sv","8":"pa_land-portugal-sv","9":"pa_procent-17-sv","10":"pa_producent-madeira-wine-company-sv","11":"pa_region-madeira-sv","12":"pa_serveringstemperatur-18-20-sv","13":"pa_volume-75-sv","15":"first","16":"instock","17":"taxable","18":"shipping-taxable","19":"purchasable","20":"product-type-simple"},"bundled_by":[],"bundle_stock_status":"instock","bundle_stock_quantity":null,"bundle_virtual":false,"bundle_layout":"","bundle_add_to_cart_form_location":"","bundle_editable_in_cart":false,"bundle_sold_individually_context":"","bundle_item_grouping":"","bundle_min_size":"","bundle_max_size":"","bundle_price":[],"bundled_items":[],"bundle_sell_ids":[],"acf":[],"_links":{"self":[{"href":"https:\/\/www.raschvin.com\/sv\/wp-json\/wp\/v2\/product\/21714","targetHints":{"allow":["GET"]}}],"collection":[{"href":"https:\/\/www.raschvin.com\/sv\/wp-json\/wp\/v2\/product"}],"about":[{"href":"https:\/\/www.raschvin.com\/sv\/wp-json\/wp\/v2\/types\/product"}],"wp:featuredmedia":[{"embeddable":true,"href":"https:\/\/www.raschvin.com\/sv\/wp-json\/wp\/v2\/media\/19116"}],"wp:attachment":[{"href":"https:\/\/www.raschvin.com\/sv\/wp-json\/wp\/v2\/media?parent=21714"}],"wp:term":[{"taxonomy":"product_brand","embeddable":true,"href":"https:\/\/www.raschvin.com\/sv\/wp-json\/wp\/v2\/product_brand?post=21714"},{"taxonomy":"product_cat","embeddable":true,"href":"https:\/\/www.raschvin.com\/sv\/wp-json\/wp\/v2\/product_cat?post=21714"},{"taxonomy":"product_tag","embeddable":true,"href":"https:\/\/www.raschvin.com\/sv\/wp-json\/wp\/v2\/product_tag?post=21714"}],"curies":[{"name":"wp","href":"https:\/\/api.w.org\/{rel}","templated":true}]}}