{"id":21708,"date":"2024-02-28T08:10:11","date_gmt":"2024-02-28T07:10:11","guid":{"rendered":"https:\/\/www.raschvin.com\/vare\/annas-secret-rose-val-di-toro\/"},"modified":"2024-02-28T08:34:46","modified_gmt":"2024-02-28T07:34:46","slug":"annas-secret-rose-val-di-toro-2","status":"publish","type":"product","link":"https:\/\/www.raschvin.com\/sv\/produkt\/annas-secret-rose-val-di-toro-2\/","title":{"rendered":"Anna&#8217;s Secret Rosato &#8211; Val Di Toro (ECO) 75 cl."},"content":{"rendered":"<p>Sangiovese-druvor avsedda f\u00f6r produktion av Anna&#8217;s Secret v\u00e4ljs ut och sk\u00f6rdas manuellt f\u00f6r att f\u00e5 en ros\u00e9 av h\u00f6gsta kvalitet. Mustet som anv\u00e4nds \u00e4r uteslutande det som kommer fr\u00e5n druvans sgrondo, blomskalet, den \u00e4dla och mest v\u00e4rdefulla delen av druvsaften. De efterf\u00f6ljande operationerna utf\u00f6rs alla med kontrollerad h\u00e4rdning i st\u00e5ltankar. Tappning utf\u00f6rs ca. 5 m\u00e5nader efter sk\u00f6rd.<\/p>\n<p>Smakanm\u00e4rkningar:<br \/>\nElegant och harmoniskt rosa vin med en mjukrosa f\u00e4rg med ljusa och ljusa reflektioner. P\u00e5 n\u00e4san sl\u00e4pper den livliga och raffinerade aromer med inslag av jordgubbar och intensiva och inbjudande b\u00e4r. Perfekt matchning f\u00f6r smak, rent och torrt, d\u00e4r friskhet och aromatisk doft sticker ut. Mycket l\u00e5ng uth\u00e5llighet, dess surhet kalibrerar perfekt smakuppfattningen, vilket slutar med en markant mineralitet. Kombinationen \u00e4r extremt m\u00e5ngsidig, utm\u00e4rkt med f\u00f6rr\u00e4tter av b\u00e5de land och hav, kryddig mat, bl\u00e5 fisk och lax. Oemotst\u00e5ndligt.<\/p>\n","protected":false},"excerpt":{"rendered":"<p>Maremma Toscana Ros\u00e9<\/p>\n","protected":false},"featured_media":19050,"template":"","meta":{"_acf_changed":false,"rs_blank_template":"","rs_page_bg_color":"","slide_template_v7":""},"product_brand":[],"product_cat":[2796,7779,2788],"product_tag":[],"class_list":{"0":"post-21708","1":"product","2":"type-product","3":"status-publish","4":"has-post-thumbnail","6":"product_cat-rosevin-sv","7":"product_cat-sommar-rose","8":"product_cat-vin-sv","9":"pa_drue-sangiovese-100-sv","10":"pa_land-italien-sv","11":"pa_oekologisk-yes-sv","12":"pa_procent-13-5-sv","13":"pa_producent-val-di-toro-sv","14":"pa_region-maremma-toscana-sv","15":"pa_serveringstemperatur-9-sv","16":"pa_volume-75-sv","18":"first","19":"outofstock","20":"sale","21":"taxable","22":"shipping-taxable","23":"purchasable","24":"product-type-simple"},"bundled_by":[],"bundle_stock_status":"outofstock","bundle_stock_quantity":null,"bundle_virtual":false,"bundle_layout":"","bundle_add_to_cart_form_location":"","bundle_editable_in_cart":false,"bundle_sold_individually_context":"","bundle_item_grouping":"","bundle_min_size":"","bundle_max_size":"","bundle_price":[],"bundled_items":[],"bundle_sell_ids":[],"acf":[],"_links":{"self":[{"href":"https:\/\/www.raschvin.com\/sv\/wp-json\/wp\/v2\/product\/21708","targetHints":{"allow":["GET"]}}],"collection":[{"href":"https:\/\/www.raschvin.com\/sv\/wp-json\/wp\/v2\/product"}],"about":[{"href":"https:\/\/www.raschvin.com\/sv\/wp-json\/wp\/v2\/types\/product"}],"wp:featuredmedia":[{"embeddable":true,"href":"https:\/\/www.raschvin.com\/sv\/wp-json\/wp\/v2\/media\/19050"}],"wp:attachment":[{"href":"https:\/\/www.raschvin.com\/sv\/wp-json\/wp\/v2\/media?parent=21708"}],"wp:term":[{"taxonomy":"product_brand","embeddable":true,"href":"https:\/\/www.raschvin.com\/sv\/wp-json\/wp\/v2\/product_brand?post=21708"},{"taxonomy":"product_cat","embeddable":true,"href":"https:\/\/www.raschvin.com\/sv\/wp-json\/wp\/v2\/product_cat?post=21708"},{"taxonomy":"product_tag","embeddable":true,"href":"https:\/\/www.raschvin.com\/sv\/wp-json\/wp\/v2\/product_tag?post=21708"}],"curies":[{"name":"wp","href":"https:\/\/api.w.org\/{rel}","templated":true}]}}