{"id":21704,"date":"2022-06-16T13:23:37","date_gmt":"2022-06-16T11:23:37","guid":{"rendered":"https:\/\/www.raschvin.com\/vare\/primus-cuvee-docg\/"},"modified":"2025-12-13T08:25:19","modified_gmt":"2025-12-13T07:25:19","slug":"primus-cuvee-docg","status":"publish","type":"product","link":"https:\/\/www.raschvin.com\/sv\/produkt\/primus-cuvee-docg\/","title":{"rendered":"Franca Contea &#8211; Cuv\u00e9e Primus Brut DOCG 12,5% 75 cl."},"content":{"rendered":"<p data-start=\"0\" data-end=\"289\"><strong data-start=\"0\" data-end=\"57\">Franca Contea \u2013 Cuv\u00e9e Primus Brut (Franciacorta DOCG)<\/strong> \u00e4r en klassiskt stilad Franciacorta som kombinerar friskhet, elegans och ett fint, kr\u00e4migt djup. Brut-stilen ger en torr men gener\u00f6s k\u00e4nsla, d\u00e4r frukten och den mjuka mousse:n f\u00e5r ta plats utan att vinet upplevs h\u00e5rt eller kantigt.<\/p>\n<p data-start=\"291\" data-end=\"671\">I glaset \u00e4r uttrycket ljust gyllene med livliga, fina bubblor. Doften \u00e4r fr\u00e4sch och inbjudande med <strong data-start=\"390\" data-end=\"416\">citrus och gula \u00e4pplen<\/strong>, ett str\u00e5k av <strong data-start=\"431\" data-end=\"440\">p\u00e4ron<\/strong>, samt toner av <strong data-start=\"456\" data-end=\"482\">rostat br\u00f6d och n\u00f6tter<\/strong> som ger en tydlig k\u00e4nsla av lagring och hantverk. Smaken \u00e4r torr och balanserad med pigg syra, ren frukt och en l\u00e4tt kr\u00e4mig textur som mynnar ut i en <strong data-start=\"633\" data-end=\"660\">l\u00e5ng, friskt mineralisk<\/strong> eftersmak.<\/p>\n<p data-start=\"673\" data-end=\"1010\">Servera g\u00e4rna svalt och l\u00e5t vinet f\u00e5 n\u00e5gra minuter i glaset s\u00e5 att aromerna \u00f6ppnar upp sig. Det \u00e4r ett s\u00e4kert kort som aperitif, men kommer verkligen till sin r\u00e4tt vid bordet: <strong data-start=\"849\" data-end=\"888\">skaldjur, ostron, fiskr\u00e4tter, sushi<\/strong>, samt <strong data-start=\"895\" data-end=\"923\">l\u00e4ttare r\u00e4tter med f\u00e5gel<\/strong>eller <strong data-start=\"930\" data-end=\"953\">kr\u00e4miga pastar\u00e4tter<\/strong> d\u00e4r bubblorna och syran sk\u00e4r igenom och lyfter helheten.<\/p>\n<p data-start=\"1012\" data-end=\"1430\"><strong data-start=\"1012\" data-end=\"1046\">Om producenten \u2013 Franca Contea<\/strong><br data-start=\"1046\" data-end=\"1049\" \/>Franca Contea \u00e4r en familjedriven producent i hj\u00e4rtat av Franciacorta d\u00e4r fokus ligger p\u00e5 precision, druvkvalitet och ett rent uttryck. Arbetet \u00e4r noggrant fr\u00e5n vinmark till k\u00e4llare, med ambitionen att skapa mousserande viner som k\u00e4nns b\u00e5de eleganta och matv\u00e4nliga. Stilm\u00e4ssigt handlar det om balans: friskhet och struktur, men alltid med en tydlig k\u00e4nsla av ursprung och hantverk.<\/p>\n","protected":false},"excerpt":{"rendered":"<p>Franciacorta \u2013 Premium Italian Sparkling Wine<\/p>\n","protected":false},"featured_media":19019,"template":"","meta":{"_acf_changed":false,"rs_blank_template":"","rs_page_bg_color":"","slide_template_v7":""},"product_brand":[],"product_cat":[2779,2776],"product_tag":[],"class_list":{"0":"post-21704","1":"product","2":"type-product","3":"status-publish","4":"has-post-thumbnail","6":"product_cat-andra","7":"product_cat-mousserende-sv","8":"pa_champagne-type-brut-sv","9":"pa_drue-chardonnay-95-sv","10":"pa_drue-pino-noir-5-sv","11":"pa_land-italien-sv","12":"pa_procent-12-5-sv","13":"pa_producent-franca-contea-sv","14":"pa_region-lombardiet-sv","15":"pa_serveringstemperatur-8-11-sv","16":"pa_volume-75-sv","18":"first","19":"instock","20":"taxable","21":"shipping-taxable","22":"purchasable","23":"product-type-simple"},"bundled_by":["120794","120891"],"bundle_stock_status":"instock","bundle_stock_quantity":null,"bundle_virtual":false,"bundle_layout":"","bundle_add_to_cart_form_location":"","bundle_editable_in_cart":false,"bundle_sold_individually_context":"","bundle_item_grouping":"","bundle_min_size":"","bundle_max_size":"","bundle_price":[],"bundled_items":[],"bundle_sell_ids":[],"acf":[],"_links":{"self":[{"href":"https:\/\/www.raschvin.com\/sv\/wp-json\/wp\/v2\/product\/21704","targetHints":{"allow":["GET"]}}],"collection":[{"href":"https:\/\/www.raschvin.com\/sv\/wp-json\/wp\/v2\/product"}],"about":[{"href":"https:\/\/www.raschvin.com\/sv\/wp-json\/wp\/v2\/types\/product"}],"wp:featuredmedia":[{"embeddable":true,"href":"https:\/\/www.raschvin.com\/sv\/wp-json\/wp\/v2\/media\/19019"}],"wp:attachment":[{"href":"https:\/\/www.raschvin.com\/sv\/wp-json\/wp\/v2\/media?parent=21704"}],"wp:term":[{"taxonomy":"product_brand","embeddable":true,"href":"https:\/\/www.raschvin.com\/sv\/wp-json\/wp\/v2\/product_brand?post=21704"},{"taxonomy":"product_cat","embeddable":true,"href":"https:\/\/www.raschvin.com\/sv\/wp-json\/wp\/v2\/product_cat?post=21704"},{"taxonomy":"product_tag","embeddable":true,"href":"https:\/\/www.raschvin.com\/sv\/wp-json\/wp\/v2\/product_tag?post=21704"}],"curies":[{"name":"wp","href":"https:\/\/api.w.org\/{rel}","templated":true}]}}