{"id":21700,"date":"2026-03-04T09:11:37","date_gmt":"2026-03-04T08:11:37","guid":{"rendered":"https:\/\/www.raschvin.com\/vare\/plani-arche-grechetto\/"},"modified":"2026-03-04T09:12:44","modified_gmt":"2026-03-04T08:12:44","slug":"plani-arche-grechetto","status":"publish","type":"product","link":"https:\/\/www.raschvin.com\/sv\/produkt\/plani-arche-grechetto\/","title":{"rendered":"Plani Arche &#8211; Grechetto (BIO) 2024 75 cl."},"content":{"rendered":"<p>Druvor pressas f\u00f6rsiktigt genom hela klustret. J\u00e4sning sker genom en kombination av omgivande j\u00e4st och organisk j\u00e4st som varar ca. 20 dagar vid kontrollerade temperaturer p\u00e5 ca. 18 \u00b0 C f\u00f6ljt av malolaktisk j\u00e4sning. Vin vilar p\u00e5 v\u00e5gen i 6 m\u00e5nader. Vin filtreras och b\u00f6ts med vegetariska proteiner. 60 mg \/ l svavel tills\u00e4tts.<\/p>\n<p>VINKULTUR<br \/>\nVinrankor tr\u00e4nas med besk\u00e4rning av sockerr\u00f6r fr\u00e5n Guyot. Druvor sk\u00f6rdas f\u00f6r hand med ett utbyte p\u00e5 7000-8000 kg \/ ha (j\u00e4mf\u00f6rt med det maximala 10 000 kg \/ ha som anges av beteckningen). Jord v\u00e4nds med hj\u00e4lp av en h\u00e4stdragen plog. Druvor sk\u00f6rdas vid tv\u00e5 separata tider: en tidigare tidpunkt f\u00f6r att f\u00e5nga l\u00e4mplig syra och en annan, senare tid f\u00f6r att f\u00e5nga mer mogna fenoler och smaker.<\/p>\n<p>LANDA<br \/>\nDruvor kommer fr\u00e5n ett paket p\u00e5 0,5 ha, sydost orienterat, p\u00e5 en h\u00f6jd av 250 meter. Jord best\u00e5r av kalkhaltig lera. Vinets medel\u00e5lder \u00e4r 20 \u00e5r. Gr\u00e4s, baljv\u00e4xter (f\u00f6r att l\u00e4gga till n\u00e4rings\u00e4mnen) eller korn (f\u00f6r att \u00f6ka konkurrensen) planteras mellan raderna med ving\u00e5rdsrader. G\u00e4ss uppf\u00f6ds f\u00f6r att kontrollera gr\u00e4s, befrukta mark och skr\u00e4mma bort r\u00e4var. Plani Arche prenumererar p\u00e5 Masanobu Fukuokas principer f\u00f6r holistiskt jordbruk.<\/p>\n","protected":false},"excerpt":{"rendered":"<p>Organic Wine &#8211; Umbria &#8211; Italy<\/p>\n","protected":false},"featured_media":18989,"template":"","meta":{"_acf_changed":false,"rs_blank_template":"","rs_page_bg_color":"","slide_template_v7":""},"product_brand":[],"product_cat":[4481,2788,2792],"product_tag":[],"class_list":{"0":"post-21700","1":"product","2":"type-product","3":"status-publish","4":"has-post-thumbnail","6":"product_cat-naturvin-sv","7":"product_cat-vin-sv","8":"product_cat-vitt-vin","9":"pa_aargang-2024-sv","10":"pa_drue-grechetto-100-sv","11":"pa_land-italien-sv","12":"pa_oekologisk-organisk","13":"pa_procent-14-sv","14":"pa_producent-plani-arche-sv","15":"pa_region-umbria-sv","16":"pa_serveringstemperatur-8-12-sv","17":"pa_volume-75-sv","19":"first","20":"instock","21":"taxable","22":"shipping-taxable","23":"purchasable","24":"product-type-simple"},"bundled_by":["119690","119698","120628"],"bundle_stock_status":"instock","bundle_stock_quantity":null,"bundle_virtual":false,"bundle_layout":"","bundle_add_to_cart_form_location":"","bundle_editable_in_cart":false,"bundle_sold_individually_context":"","bundle_item_grouping":"","bundle_min_size":"","bundle_max_size":"","bundle_price":[],"bundled_items":[],"bundle_sell_ids":[],"acf":[],"_links":{"self":[{"href":"https:\/\/www.raschvin.com\/sv\/wp-json\/wp\/v2\/product\/21700","targetHints":{"allow":["GET"]}}],"collection":[{"href":"https:\/\/www.raschvin.com\/sv\/wp-json\/wp\/v2\/product"}],"about":[{"href":"https:\/\/www.raschvin.com\/sv\/wp-json\/wp\/v2\/types\/product"}],"wp:featuredmedia":[{"embeddable":true,"href":"https:\/\/www.raschvin.com\/sv\/wp-json\/wp\/v2\/media\/18989"}],"wp:attachment":[{"href":"https:\/\/www.raschvin.com\/sv\/wp-json\/wp\/v2\/media?parent=21700"}],"wp:term":[{"taxonomy":"product_brand","embeddable":true,"href":"https:\/\/www.raschvin.com\/sv\/wp-json\/wp\/v2\/product_brand?post=21700"},{"taxonomy":"product_cat","embeddable":true,"href":"https:\/\/www.raschvin.com\/sv\/wp-json\/wp\/v2\/product_cat?post=21700"},{"taxonomy":"product_tag","embeddable":true,"href":"https:\/\/www.raschvin.com\/sv\/wp-json\/wp\/v2\/product_tag?post=21700"}],"curies":[{"name":"wp","href":"https:\/\/api.w.org\/{rel}","templated":true}]}}