{"id":21697,"date":"2022-06-16T13:23:37","date_gmt":"2022-06-16T11:23:37","guid":{"rendered":"https:\/\/www.raschvin.com\/vare\/althea-prosecco-julian-brut\/"},"modified":"2025-12-02T14:26:21","modified_gmt":"2025-12-02T13:26:21","slug":"althea-prosecco-julian","status":"publish","type":"product","link":"https:\/\/www.raschvin.com\/sv\/produkt\/althea-prosecco-julian\/","title":{"rendered":"Althea Prosecco Julian 75 cl."},"content":{"rendered":"<p data-start=\"1100\" data-end=\"1499\">Althea Prosecco Julian \u00e4r en elegant och klassisk Prosecco DOC Treviso, gjord uteslutande p\u00e5 Glera-druvor som handplockas fr\u00e5n ving\u00e5rdarna runt Treviso. Vinet framst\u00e4lls enligt Charmat-metoden vilket ger en frisk, ren stil med fina, livliga bubblor och en behaglig struktur. Med 11,5 % alkohol och en rests\u00f6tma p\u00e5 cirka 8\u201310 g\/l f\u00e5r du en torr men fruktig prosecco som \u00e4r mycket l\u00e4tt att tycka om.<\/p>\n<p data-start=\"1501\" data-end=\"1829\">I glaset visar Julian en halmgul f\u00e4rg med gr\u00f6na skiftningar och en elegant, ih\u00e5llande mousse. Doften \u00e4r fin och fruktig med tydliga toner av gr\u00f6na \u00e4pplen, kompletterad av inslag av p\u00e4ron och citrus. I munnen \u00e4r vinet fr\u00e4scht och torrt med pigg fruktsyra, ren frukt och en uppfriskande avslutning som lockar till en klunk till.<\/p>\n<p data-start=\"1831\" data-end=\"2152\">Althea Prosecco Julian passar utm\u00e4rkt som aperitif, men fungerar ocks\u00e5 fint genom hela m\u00e5ltiden \u2013 s\u00e4rskilt till fisk, skaldjur, ljusa pastar\u00e4tter, sallader och olika plockr\u00e4tter. Servera vid 6\u20138 \u00b0C i ett tulpanformat glas f\u00f6r att lyfta b\u00e5de doft och bubblor. En charmig, m\u00e5ngsidig prosecco f\u00f6r b\u00e5de vardagslyx och fest.<\/p>\n","protected":false},"excerpt":{"rendered":"<p>Treviso D.O.C Sparkling Wine<\/p>\n","protected":false},"featured_media":18969,"template":"","meta":{"_acf_changed":false,"rs_blank_template":"","rs_page_bg_color":"","slide_template_v7":""},"product_brand":[],"product_cat":[2784,2776],"product_tag":[],"class_list":{"0":"post-21697","1":"product","2":"type-product","3":"status-publish","4":"has-post-thumbnail","6":"product_cat-prosecco-sv","7":"product_cat-mousserende-sv","8":"pa_drue-glera-sv","9":"pa_land-italien-sv","10":"pa_procent-11-5-sv","11":"pa_producent-althea-sv","12":"pa_region-treviso-sv","13":"pa_serveringstemperatur-6-8-sv","14":"pa_volume-75-sv","16":"first","17":"instock","18":"taxable","19":"shipping-taxable","20":"purchasable","21":"product-type-simple"},"bundled_by":["58798","58288"],"bundle_stock_status":"instock","bundle_stock_quantity":null,"bundle_virtual":false,"bundle_layout":"","bundle_add_to_cart_form_location":"","bundle_editable_in_cart":false,"bundle_sold_individually_context":"","bundle_item_grouping":"","bundle_min_size":"","bundle_max_size":"","bundle_price":[],"bundled_items":[],"bundle_sell_ids":[],"acf":[],"_links":{"self":[{"href":"https:\/\/www.raschvin.com\/sv\/wp-json\/wp\/v2\/product\/21697","targetHints":{"allow":["GET"]}}],"collection":[{"href":"https:\/\/www.raschvin.com\/sv\/wp-json\/wp\/v2\/product"}],"about":[{"href":"https:\/\/www.raschvin.com\/sv\/wp-json\/wp\/v2\/types\/product"}],"wp:featuredmedia":[{"embeddable":true,"href":"https:\/\/www.raschvin.com\/sv\/wp-json\/wp\/v2\/media\/18969"}],"wp:attachment":[{"href":"https:\/\/www.raschvin.com\/sv\/wp-json\/wp\/v2\/media?parent=21697"}],"wp:term":[{"taxonomy":"product_brand","embeddable":true,"href":"https:\/\/www.raschvin.com\/sv\/wp-json\/wp\/v2\/product_brand?post=21697"},{"taxonomy":"product_cat","embeddable":true,"href":"https:\/\/www.raschvin.com\/sv\/wp-json\/wp\/v2\/product_cat?post=21697"},{"taxonomy":"product_tag","embeddable":true,"href":"https:\/\/www.raschvin.com\/sv\/wp-json\/wp\/v2\/product_tag?post=21697"}],"curies":[{"name":"wp","href":"https:\/\/api.w.org\/{rel}","templated":true}]}}