{"id":21695,"date":"2022-06-16T13:23:37","date_gmt":"2022-06-16T11:23:37","guid":{"rendered":"https:\/\/www.raschvin.com\/vare\/althea-prosecco-brut\/"},"modified":"2025-12-02T14:33:12","modified_gmt":"2025-12-02T13:33:12","slug":"althea-prosecco-brut-2","status":"publish","type":"product","link":"https:\/\/www.raschvin.com\/sv\/produkt\/althea-prosecco-brut-2\/","title":{"rendered":"Althea Prosecco Superiore &#8211; Brut 75 cl."},"content":{"rendered":"<p data-start=\"1404\" data-end=\"1695\">Althea Prosecco Superiore Brut \u00e4r en klassisk Prosecco fr\u00e5n Valdobbiadene, gjord uteslutande p\u00e5 Glera-druvor fr\u00e5n de kuperade ving\u00e5rdarna i Conegliano\u2013Valdobbiadene i Venetien. De mineralrika kullarna och det relativt svala klimatet ger ett torrt, friskt och elegant vin med tydlig finess.<\/p>\n<p data-start=\"1697\" data-end=\"2200\">I glaset \u00e4r vinet halmgult med gr\u00f6na nyanser och en fin, ih\u00e5llande mousse. Doften \u00e4r ren och nyanserad med toner av gr\u00f6na \u00e4pplen och citrus, tillsammans med en l\u00e4tt br\u00f6dighet som p\u00e5minner om nygr\u00e4ddad br\u00f6dskorpa. I munnen \u00e4r den frisk, mineraldriven och torr med pigg fruktsyra och en l\u00e5ng, rak avslutning. Det g\u00f6r vinet s\u00e4rskilt l\u00e4mpligt som aperitif, men det passar ocks\u00e5 mycket bra till fisk- och skaldjursr\u00e4tter, l\u00e4ttare pastar\u00e4tter, sallader och antipasti. Servera vid 6\u20138 \u00b0C i tulpanformat glas.<\/p>\n<p data-start=\"2202\" data-end=\"2567\">Producenten bakom vinet \u00e4r Azienda Agricola Althea, en liten familje\u00e4gd ving\u00e5rd mitt i Conegliano\u2013Valdobbiadene. Egendomen grundades 2003 av Marika Drusian, som kommer fr\u00e5n en vinodlarfamilj med l\u00e5ng historia. Hon planterade om ving\u00e5rdarna kring g\u00e5rden utanf\u00f6r Vittorio Veneto f\u00f6r att bygga upp en egen, kvalitetsinriktad produktion med tydligt fokus p\u00e5 ursprung.<\/p>\n<p data-start=\"2569\" data-end=\"2867\">Althea har sitt hj\u00e4rta i Prosecco Superiore i olika stilar, kompletterat av ett f\u00e5tal Prosecco DOC och mousserande viner. Gemensamt f\u00f6r alla viner \u00e4r handsk\u00f6rd, varsamt arbete i ving\u00e5rdarna och en modern, ren tolkning av det lokala terroiret, d\u00e4r fr\u00e4sch\u00f6r, frukt och elegans \u00e4r sj\u00e4lva signaturen.<\/p>\n","protected":false},"excerpt":{"rendered":"<p>Valdodobbiadene D.O.C.G<\/p>\n","protected":false},"featured_media":18949,"template":"","meta":{"_acf_changed":false,"rs_blank_template":"","rs_page_bg_color":"","slide_template_v7":""},"product_brand":[],"product_cat":[2776,2784],"product_tag":[],"class_list":{"0":"post-21695","1":"product","2":"type-product","3":"status-publish","4":"has-post-thumbnail","6":"product_cat-mousserende-sv","7":"product_cat-prosecco-sv","8":"pa_drue-glera-sv","9":"pa_land-italien-sv","10":"pa_procent-11-sv","11":"pa_producent-althea-sv","12":"pa_region-treviso-sv","13":"pa_serveringstemperatur-6-8-sv","14":"pa_soedhed-brut-sv","15":"pa_volume-75-sv","17":"first","18":"instock","19":"taxable","20":"shipping-taxable","21":"purchasable","22":"product-type-simple"},"bundled_by":["57943","119989"],"bundle_stock_status":"instock","bundle_stock_quantity":null,"bundle_virtual":false,"bundle_layout":"","bundle_add_to_cart_form_location":"","bundle_editable_in_cart":false,"bundle_sold_individually_context":"","bundle_item_grouping":"","bundle_min_size":"","bundle_max_size":"","bundle_price":[],"bundled_items":[],"bundle_sell_ids":[],"acf":[],"_links":{"self":[{"href":"https:\/\/www.raschvin.com\/sv\/wp-json\/wp\/v2\/product\/21695","targetHints":{"allow":["GET"]}}],"collection":[{"href":"https:\/\/www.raschvin.com\/sv\/wp-json\/wp\/v2\/product"}],"about":[{"href":"https:\/\/www.raschvin.com\/sv\/wp-json\/wp\/v2\/types\/product"}],"wp:featuredmedia":[{"embeddable":true,"href":"https:\/\/www.raschvin.com\/sv\/wp-json\/wp\/v2\/media\/18949"}],"wp:attachment":[{"href":"https:\/\/www.raschvin.com\/sv\/wp-json\/wp\/v2\/media?parent=21695"}],"wp:term":[{"taxonomy":"product_brand","embeddable":true,"href":"https:\/\/www.raschvin.com\/sv\/wp-json\/wp\/v2\/product_brand?post=21695"},{"taxonomy":"product_cat","embeddable":true,"href":"https:\/\/www.raschvin.com\/sv\/wp-json\/wp\/v2\/product_cat?post=21695"},{"taxonomy":"product_tag","embeddable":true,"href":"https:\/\/www.raschvin.com\/sv\/wp-json\/wp\/v2\/product_tag?post=21695"}],"curies":[{"name":"wp","href":"https:\/\/api.w.org\/{rel}","templated":true}]}}