{"id":21687,"date":"2022-06-16T13:23:04","date_gmt":"2022-06-16T11:23:04","guid":{"rendered":"https:\/\/www.raschvin.com\/vare\/xante-sparkling-pear\/"},"modified":"2022-12-13T14:38:59","modified_gmt":"2022-12-13T13:38:59","slug":"xante-sparkling-pear","status":"publish","type":"product","link":"https:\/\/www.raschvin.com\/sv\/produkt\/xante-sparkling-pear\/","title":{"rendered":"Xant\u00e9 Sparkling &#038; Pear 75 cl."},"content":{"rendered":"<p>Doften har inslag av mogen p\u00e4ron och t\u00e4nker p\u00e5 v\u00e5ra varmare \u00e5rstider. Smaken \u00e4r fruktig med en behaglig p\u00e4rons\u00f6tma och balanserad friskhet. Ett riktigt trevligt mousserande vin.<\/p>\n<p>Xant\u00e9 Sparkling &#038; Pear har en relativt l\u00e5g sockerhalt p\u00e5 40 gram \/ liter j\u00e4mf\u00f6rt med andra mousserande viner. Xant\u00e9 Sparkling \u00e4r ett k\u00e4rleksbarn mellan ett mousserande vin fr\u00e5n Emilie Romogna i Italien och p\u00e4ronlik\u00f6ren Xant\u00e9 av belgiskt ursprung.<\/p>\n<p>Xant\u00e9 \u00e4r en helt ny smakupplevelse f\u00f6r den nya generationen, en produkt i sin egen kategori. Det \u00e4r mystiskt, utmanande och kan bara f\u00f6rklaras genom att smaka p\u00e5 det &#8211; &#8221;s\u00f6k s\u00e5 hittar du &#8230;&#8221;<\/p>\n","protected":false},"excerpt":{"rendered":"<p>Pear Flavoured Sparkling Wine<\/p>\n","protected":false},"featured_media":18887,"template":"","meta":{"_acf_changed":false,"rs_blank_template":"","rs_page_bg_color":"","slide_template_v7":""},"product_brand":[],"product_cat":[2776,2779],"product_tag":[],"class_list":{"0":"post-21687","1":"product","2":"type-product","3":"status-publish","4":"has-post-thumbnail","6":"product_cat-mousserende-sv","7":"product_cat-andra-mousserende","8":"pa_land-sverige-sv","9":"pa_procent-10-sv","10":"pa_producent-anora-sv","11":"pa_serveringstemperatur-8-12-sv","12":"pa_volume-75-sv","14":"first","15":"instock","16":"taxable","17":"shipping-taxable","18":"purchasable","19":"product-type-simple"},"bundled_by":[],"bundle_stock_status":"instock","bundle_stock_quantity":null,"bundle_virtual":false,"bundle_layout":"","bundle_add_to_cart_form_location":"","bundle_editable_in_cart":false,"bundle_sold_individually_context":"","bundle_item_grouping":"","bundle_min_size":"","bundle_max_size":"","bundle_price":[],"bundled_items":[],"bundle_sell_ids":[],"acf":[],"_links":{"self":[{"href":"https:\/\/www.raschvin.com\/sv\/wp-json\/wp\/v2\/product\/21687","targetHints":{"allow":["GET"]}}],"collection":[{"href":"https:\/\/www.raschvin.com\/sv\/wp-json\/wp\/v2\/product"}],"about":[{"href":"https:\/\/www.raschvin.com\/sv\/wp-json\/wp\/v2\/types\/product"}],"wp:featuredmedia":[{"embeddable":true,"href":"https:\/\/www.raschvin.com\/sv\/wp-json\/wp\/v2\/media\/18887"}],"wp:attachment":[{"href":"https:\/\/www.raschvin.com\/sv\/wp-json\/wp\/v2\/media?parent=21687"}],"wp:term":[{"taxonomy":"product_brand","embeddable":true,"href":"https:\/\/www.raschvin.com\/sv\/wp-json\/wp\/v2\/product_brand?post=21687"},{"taxonomy":"product_cat","embeddable":true,"href":"https:\/\/www.raschvin.com\/sv\/wp-json\/wp\/v2\/product_cat?post=21687"},{"taxonomy":"product_tag","embeddable":true,"href":"https:\/\/www.raschvin.com\/sv\/wp-json\/wp\/v2\/product_tag?post=21687"}],"curies":[{"name":"wp","href":"https:\/\/api.w.org\/{rel}","templated":true}]}}