{"id":21685,"date":"2025-04-26T07:04:04","date_gmt":"2025-04-26T05:04:04","guid":{"rendered":"https:\/\/www.raschvin.com\/vare\/moet-chandon-nectar-imperial\/"},"modified":"2022-11-27T19:39:21","modified_gmt":"2022-11-27T18:39:21","slug":"moet-chandon-nectar-imperial-2","status":"publish","type":"product","link":"https:\/\/www.raschvin.com\/sv\/produkt\/moet-chandon-nectar-imperial-2\/","title":{"rendered":"Mo\u00ebt &#038; Chandon Nectar Imperial Demi-Sec 75 cl."},"content":{"rendered":"<p>Moet et Chandon Nectar Imperial \u00e4r en Moet Champagne med en liten elegant touch av s\u00f6tma i smaken.<br \/>\nMoet et Chandon nektar Imperial \u00e4r med sin l\u00e4tta s\u00f6tma perfekt f\u00f6r s\u00f6ta desserter med frukt. Anv\u00e4nd ocks\u00e5 Nectar Imperial som aperitif, speciellt om du tycker att Brut Imperial \u00e4r lite f\u00f6r torr.<\/p>\n<p>Vacker gulaktig f\u00e4rg med gyllene gl\u00f6d i glaset och en rik, uppmuntrande doft med inslag av ananas, mango, plommon och aprikoser. Dessutom lite kanel och vanilj som en perfekt uppf\u00f6ljning. Fyldig, ja n\u00e4stan kr\u00e4mig p\u00e5 tungan med inslag av grapefrukt.<\/p>\n<p>Mo\u00ebt &#038; Chandon \u00e4r kanske v\u00e4rldens mest k\u00e4nda champagnehus och har varit i \u00f6ver 270 \u00e5r. Det \u00e4r \u00f6ver ett kvarts millennium d\u00e4r de gyllene bubblorna har smekat smakl\u00f6karna \u00f6ver hela v\u00e4rlden. Sj\u00e4lva namnet utstr\u00e5lar kvalitet, framg\u00e5ng och elegans som f\u00e5 andra kan. Det var Jean-Remy Mo\u00ebt, sonson till grundaren Claude Mo\u00ebt, som p\u00e5 allvar introducerade v\u00e4rlden f\u00f6r champagne i slutet av 1700-talet. Tidens toppar och k\u00e4ndisar som Marquise de Pompadour, den \u00f6k\u00e4nda Talleyrand och till och med kejsaren Napoleon i sin egen h\u00f6ga persona f\u00f6ll f\u00f6r huschampagnen. Det \u00e4r naturligtvis sv\u00e5rt att hitta st\u00f6rre namn f\u00f6r att rekommendera sin produkt \u00e4n Napoleon, och sedan dess har Mo\u00ebt &#038; Chandon varit n\u00e4stan synonymt med kvalitet.<\/p>\n","protected":false},"excerpt":{"rendered":"<p>Classic Champgane de France<\/p>\n","protected":false},"featured_media":18861,"template":"","meta":{"_acf_changed":false,"rs_blank_template":"","rs_page_bg_color":"","slide_template_v7":""},"product_brand":[],"product_cat":[2745,2747,2776,2788],"product_tag":[],"class_list":{"0":"post-21685","1":"product","2":"type-product","3":"status-publish","4":"has-post-thumbnail","6":"product_cat-champagne-sv","7":"product_cat-non-vintage-sv","8":"product_cat-mousserende-sv","9":"product_cat-vin-sv","10":"pa_champagne-type-demi-sec-sv","11":"pa_drue-chardoonay-10-20-sv","12":"pa_drue-pinot-menuier-30-40-sv","13":"pa_drue-pinot-noir-40-50-sv","14":"pa_land-frankrike","15":"pa_procent-12-sv","16":"pa_producent-moet-chandon-sv","17":"pa_region-champagne-sv","18":"pa_serveringstemperatur-8-12-sv","19":"pa_vintage-none-vintage-nv-sv","20":"pa_volume-75-sv","22":"first","23":"instock","24":"taxable","25":"shipping-taxable","26":"purchasable","27":"product-type-simple"},"bundled_by":[],"bundle_stock_status":"instock","bundle_stock_quantity":null,"bundle_virtual":false,"bundle_layout":"","bundle_add_to_cart_form_location":"","bundle_editable_in_cart":false,"bundle_sold_individually_context":"","bundle_item_grouping":"","bundle_min_size":"","bundle_max_size":"","bundle_price":[],"bundled_items":[],"bundle_sell_ids":[],"acf":[],"_links":{"self":[{"href":"https:\/\/www.raschvin.com\/sv\/wp-json\/wp\/v2\/product\/21685","targetHints":{"allow":["GET"]}}],"collection":[{"href":"https:\/\/www.raschvin.com\/sv\/wp-json\/wp\/v2\/product"}],"about":[{"href":"https:\/\/www.raschvin.com\/sv\/wp-json\/wp\/v2\/types\/product"}],"wp:featuredmedia":[{"embeddable":true,"href":"https:\/\/www.raschvin.com\/sv\/wp-json\/wp\/v2\/media\/18861"}],"wp:attachment":[{"href":"https:\/\/www.raschvin.com\/sv\/wp-json\/wp\/v2\/media?parent=21685"}],"wp:term":[{"taxonomy":"product_brand","embeddable":true,"href":"https:\/\/www.raschvin.com\/sv\/wp-json\/wp\/v2\/product_brand?post=21685"},{"taxonomy":"product_cat","embeddable":true,"href":"https:\/\/www.raschvin.com\/sv\/wp-json\/wp\/v2\/product_cat?post=21685"},{"taxonomy":"product_tag","embeddable":true,"href":"https:\/\/www.raschvin.com\/sv\/wp-json\/wp\/v2\/product_tag?post=21685"}],"curies":[{"name":"wp","href":"https:\/\/api.w.org\/{rel}","templated":true}]}}