{"id":21684,"date":"2022-06-16T13:23:04","date_gmt":"2022-06-16T11:23:04","guid":{"rendered":"https:\/\/www.raschvin.com\/vare\/moet-chandon-imperial\/"},"modified":"2022-11-27T19:33:22","modified_gmt":"2022-11-27T18:33:22","slug":"moet-chandon-imperial","status":"publish","type":"product","link":"https:\/\/www.raschvin.com\/sv\/produkt\/moet-chandon-imperial\/","title":{"rendered":"Mo\u00ebt &#038; Chandon Imperial Brut 75 cl."},"content":{"rendered":"<p>Rik, fyllig och livlig champagne producerad av en blandning av de klassiska champagnedruvorna Chardonnay, Pinot Noir och Pinot Meunier. Lagras i husets egna k\u00e4llare i flera \u00e5r &#8211; \u00e4nda tills k\u00e4llarm\u00e4staren tycker att det nu \u00e4r precis som det borde vara. Och vad f\u00e5r du d\u00e5? En vacker, ljus och gyllene champagne med nyanser av gr\u00f6nt, en uts\u00f6kt doft av druvor och lime. P\u00e5 tungan f\u00e5r du fin kropp, f\u00e4rsk frukt, blommiga toner och brioche-br\u00f6d innan en mjuk och balanserad eftersmak tar \u00f6ver.<\/p>\n<p>Mo\u00ebt &#038; Chandon \u00e4r kanske v\u00e4rldens mest k\u00e4nda champagnehus och har varit i \u00f6ver 270 \u00e5r. Det \u00e4r \u00f6ver ett kvarts millennium d\u00e4r de gyllene bubblorna har smekat smakl\u00f6karna \u00f6ver hela v\u00e4rlden. Sj\u00e4lva namnet utstr\u00e5lar kvalitet, framg\u00e5ng och elegans som f\u00e5 andra kan. Det var Jean-Remy Mo\u00ebt, sonson till grundaren Claude Mo\u00ebt, som p\u00e5 allvar introducerade v\u00e4rlden f\u00f6r champagne i slutet av 1700-talet. Tidens toppar och k\u00e4ndisar som Marquise de Pompadour, den \u00f6k\u00e4nda Talleyrand och till och med kejsaren Napoleon i sin egen h\u00f6ga persona f\u00f6ll f\u00f6r huschampagnen. Det \u00e4r naturligtvis sv\u00e5rt att hitta st\u00f6rre namn f\u00f6r att rekommendera sin produkt \u00e4n Napoleon, och sedan dess har Mo\u00ebt &#038; Chandon varit n\u00e4stan synonymt med kvalitet.<\/p>\n","protected":false},"excerpt":{"rendered":"<p>Classic Champgane de France<\/p>\n","protected":false},"featured_media":18848,"template":"","meta":{"_acf_changed":false,"rs_blank_template":"","rs_page_bg_color":"","slide_template_v7":""},"product_brand":[],"product_cat":[2745,2747],"product_tag":[],"class_list":{"0":"post-21684","1":"product","2":"type-product","3":"status-publish","4":"has-post-thumbnail","6":"product_cat-champagne-sv","7":"product_cat-non-vintage-sv","8":"pa_champagne-type-brut-sv","9":"pa_drue-chardonnay-20-30-sv","10":"pa_drue-pinot-menuier-30-40-sv","11":"pa_drue-pinot-noir-30-40-sv","12":"pa_land-frankrike","13":"pa_procent-12-sv","14":"pa_producent-moet-chandon-sv","15":"pa_region-champagne-sv","16":"pa_serveringstemperatur-8-12-sv","17":"pa_vintage-none-vintage-nv-sv","18":"pa_volume-75-sv","20":"first","21":"instock","22":"taxable","23":"shipping-taxable","24":"purchasable","25":"product-type-simple"},"bundled_by":[],"bundle_stock_status":"instock","bundle_stock_quantity":null,"bundle_virtual":false,"bundle_layout":"","bundle_add_to_cart_form_location":"","bundle_editable_in_cart":false,"bundle_sold_individually_context":"","bundle_item_grouping":"","bundle_min_size":"","bundle_max_size":"","bundle_price":[],"bundled_items":[],"bundle_sell_ids":[],"acf":[],"_links":{"self":[{"href":"https:\/\/www.raschvin.com\/sv\/wp-json\/wp\/v2\/product\/21684","targetHints":{"allow":["GET"]}}],"collection":[{"href":"https:\/\/www.raschvin.com\/sv\/wp-json\/wp\/v2\/product"}],"about":[{"href":"https:\/\/www.raschvin.com\/sv\/wp-json\/wp\/v2\/types\/product"}],"wp:featuredmedia":[{"embeddable":true,"href":"https:\/\/www.raschvin.com\/sv\/wp-json\/wp\/v2\/media\/18848"}],"wp:attachment":[{"href":"https:\/\/www.raschvin.com\/sv\/wp-json\/wp\/v2\/media?parent=21684"}],"wp:term":[{"taxonomy":"product_brand","embeddable":true,"href":"https:\/\/www.raschvin.com\/sv\/wp-json\/wp\/v2\/product_brand?post=21684"},{"taxonomy":"product_cat","embeddable":true,"href":"https:\/\/www.raschvin.com\/sv\/wp-json\/wp\/v2\/product_cat?post=21684"},{"taxonomy":"product_tag","embeddable":true,"href":"https:\/\/www.raschvin.com\/sv\/wp-json\/wp\/v2\/product_tag?post=21684"}],"curies":[{"name":"wp","href":"https:\/\/api.w.org\/{rel}","templated":true}]}}