{"id":21678,"date":"2024-10-10T10:15:35","date_gmt":"2024-10-10T08:15:35","guid":{"rendered":"https:\/\/www.raschvin.com\/vare\/veuve-clicquot-brut\/"},"modified":"2022-12-12T19:47:37","modified_gmt":"2022-12-12T18:47:37","slug":"veuve-clicquot-brut","status":"publish","type":"product","link":"https:\/\/www.raschvin.com\/sv\/produkt\/veuve-clicquot-brut\/","title":{"rendered":"Veuve Clicquot Brut 75 cl."},"content":{"rendered":"<p>De sm\u00e5 p\u00e4rlorna dansar till ytan i den gyllene champagnen, medan citroner, bakade \u00e4pplen, nybakade kakor och vanilj f\u00f6ljer upp glaset. En omedelbar friskhet och kraft som k\u00e4nnetecknar Veuve Clicquot Brut &#8211; f\u00f6ljt av en symfoni av fruktsmaker.<\/p>\n<p>Efter att ha tappat sin man efter 7 \u00e5rs \u00e4ktenskap l\u00e4mnades Madame Clicquot ensam med ett champagnehus och en liten dotter. Efter flera \u00e5rs h\u00e5rt arbete slog hon \u00e4ntligen guld\u00e5ldern &#8211; den ryska marknaden! F\u00f6rutom att vara en framg\u00e5ngsrik aff\u00e4rskvinna revolutionerade hon ocks\u00e5 hela champagneproduktionen &#8211; hon uppfann remuage. Hon s\u00e5gade h\u00e5l i ett k\u00f6ksbord, stack in flaskhalsen med botten upp\u00e5t, v\u00e4nde systematiskt och avl\u00e4gsnade slutligen f\u00e4llningen genom att frysa flaskhalsen med f\u00e4llans propp &#8211; champagnen var nu ren och mer gnistrande \u00e4n tidigare.<\/p>\n","protected":false},"excerpt":{"rendered":"<p>Champagne de France &#8211; Non Vintage (NV)<\/p>\n","protected":false},"featured_media":69465,"template":"","meta":{"_acf_changed":false,"rs_blank_template":"","rs_page_bg_color":"","slide_template_v7":""},"product_brand":[],"product_cat":[2745,2747],"product_tag":[],"class_list":{"0":"post-21678","1":"product","2":"type-product","3":"status-publish","4":"has-post-thumbnail","6":"product_cat-champagne-sv","7":"product_cat-non-vintage-sv","8":"pa_champagne-type-brut-sv","9":"pa_drue-chardonnay-28-33-sv","10":"pa_drue-pinot-menuier-15-20-sv","11":"pa_drue-pinot-noir-50-55-sv","12":"pa_land-frankrike","13":"pa_non-vintage-non-vintage-sv","14":"pa_procent-12-sv","15":"pa_producent-veuve-clicquot-sv","16":"pa_region-champagne-sv","17":"pa_serveringstemperatur-8-10-sv","18":"pa_volume-75-sv","20":"first","21":"instock","22":"taxable","23":"shipping-taxable","24":"purchasable","25":"product-type-simple"},"bundled_by":[],"bundle_stock_status":"instock","bundle_stock_quantity":null,"bundle_virtual":false,"bundle_layout":"","bundle_add_to_cart_form_location":"","bundle_editable_in_cart":false,"bundle_sold_individually_context":"","bundle_item_grouping":"","bundle_min_size":"","bundle_max_size":"","bundle_price":[],"bundled_items":[],"bundle_sell_ids":[],"acf":[],"_links":{"self":[{"href":"https:\/\/www.raschvin.com\/sv\/wp-json\/wp\/v2\/product\/21678","targetHints":{"allow":["GET"]}}],"collection":[{"href":"https:\/\/www.raschvin.com\/sv\/wp-json\/wp\/v2\/product"}],"about":[{"href":"https:\/\/www.raschvin.com\/sv\/wp-json\/wp\/v2\/types\/product"}],"wp:featuredmedia":[{"embeddable":true,"href":"https:\/\/www.raschvin.com\/sv\/wp-json\/wp\/v2\/media\/69465"}],"wp:attachment":[{"href":"https:\/\/www.raschvin.com\/sv\/wp-json\/wp\/v2\/media?parent=21678"}],"wp:term":[{"taxonomy":"product_brand","embeddable":true,"href":"https:\/\/www.raschvin.com\/sv\/wp-json\/wp\/v2\/product_brand?post=21678"},{"taxonomy":"product_cat","embeddable":true,"href":"https:\/\/www.raschvin.com\/sv\/wp-json\/wp\/v2\/product_cat?post=21678"},{"taxonomy":"product_tag","embeddable":true,"href":"https:\/\/www.raschvin.com\/sv\/wp-json\/wp\/v2\/product_tag?post=21678"}],"curies":[{"name":"wp","href":"https:\/\/api.w.org\/{rel}","templated":true}]}}