{"id":21662,"date":"2022-06-16T13:22:00","date_gmt":"2022-06-16T11:22:00","guid":{"rendered":"https:\/\/www.raschvin.com\/vare\/lillet-rose\/"},"modified":"2022-11-23T13:02:26","modified_gmt":"2022-11-23T12:02:26","slug":"lillet-rose","status":"publish","type":"product","link":"https:\/\/www.raschvin.com\/sv\/produkt\/lillet-rose\/","title":{"rendered":"Lillet Ros\u00e9 75 cl. 17%"},"content":{"rendered":"<p>En rosversion av den klassiska vermouth Lillet. Detta blandas med r\u00f6da och vita Grand Cru Bordeaux-viner som anv\u00e4nds f\u00f6r att tillverka Lillet Rouge respektive Lillet Blanc. Till denna peruanska kinin l\u00e4ggs b\u00e5de s\u00f6t apelsinskal fr\u00e5n Spanien, bitter haitisk apelsinskal och olika fruktlik\u00f6rer. En fantastisk vermouth med inslag av frodig frukt, vilda blommor och r\u00f6da b\u00e4r.<\/p>\n<p>N\u00e4sa: En autolytisk, champagneliknande n\u00e4sa med alla slags druvkarakt\u00e4rer. Tangy och \u00f6rter.<br \/>\nSmak: rosenblad och garvat vin, nyklippt gr\u00e4s, blommande och jasmin ocks\u00e5. Torr och intensiv med en krusande kryddig citrus.<br \/>\nYtbehandling: Citrusskal och ek i yta.<\/p>\n","protected":false},"excerpt":{"rendered":"<p>Bordeaux Ap\u00e9ritif<\/p>\n","protected":false},"featured_media":18622,"template":"","meta":{"_acf_changed":false,"rs_blank_template":"","rs_page_bg_color":"","slide_template_v7":""},"product_brand":[],"product_cat":[6191,2765],"product_tag":[],"class_list":{"0":"post-21662","1":"product","2":"type-product","3":"status-publish","4":"has-post-thumbnail","6":"product_cat-andra-sv","7":"product_cat-hedvin-sv","8":"pa_land-frankrike","9":"pa_procent-17-sv","10":"pa_producent-lillet-distillers-sv","11":"pa_region-bordeaux-sv","12":"pa_serveringstemperatur-8-14-sv","13":"pa_volume-75-sv","15":"first","16":"instock","17":"taxable","18":"shipping-taxable","19":"purchasable","20":"product-type-simple"},"bundled_by":[],"bundle_stock_status":"instock","bundle_stock_quantity":null,"bundle_virtual":false,"bundle_layout":"","bundle_add_to_cart_form_location":"","bundle_editable_in_cart":false,"bundle_sold_individually_context":"","bundle_item_grouping":"","bundle_min_size":"","bundle_max_size":"","bundle_price":[],"bundled_items":[],"bundle_sell_ids":[],"acf":[],"_links":{"self":[{"href":"https:\/\/www.raschvin.com\/sv\/wp-json\/wp\/v2\/product\/21662","targetHints":{"allow":["GET"]}}],"collection":[{"href":"https:\/\/www.raschvin.com\/sv\/wp-json\/wp\/v2\/product"}],"about":[{"href":"https:\/\/www.raschvin.com\/sv\/wp-json\/wp\/v2\/types\/product"}],"wp:featuredmedia":[{"embeddable":true,"href":"https:\/\/www.raschvin.com\/sv\/wp-json\/wp\/v2\/media\/18622"}],"wp:attachment":[{"href":"https:\/\/www.raschvin.com\/sv\/wp-json\/wp\/v2\/media?parent=21662"}],"wp:term":[{"taxonomy":"product_brand","embeddable":true,"href":"https:\/\/www.raschvin.com\/sv\/wp-json\/wp\/v2\/product_brand?post=21662"},{"taxonomy":"product_cat","embeddable":true,"href":"https:\/\/www.raschvin.com\/sv\/wp-json\/wp\/v2\/product_cat?post=21662"},{"taxonomy":"product_tag","embeddable":true,"href":"https:\/\/www.raschvin.com\/sv\/wp-json\/wp\/v2\/product_tag?post=21662"}],"curies":[{"name":"wp","href":"https:\/\/api.w.org\/{rel}","templated":true}]}}