{"id":21661,"date":"2022-06-16T13:22:00","date_gmt":"2022-06-16T11:22:00","guid":{"rendered":"https:\/\/www.raschvin.com\/vare\/lillet-blanc\/"},"modified":"2022-11-23T12:56:28","modified_gmt":"2022-11-23T11:56:28","slug":"lillet-blanc","status":"publish","type":"product","link":"https:\/\/www.raschvin.com\/sv\/produkt\/lillet-blanc\/","title":{"rendered":"Lillet Blanc 75 cl. 17%"},"content":{"rendered":"<p>En stor vermouth fr\u00e5n Bordeaux. Detta \u00e4r gjort med vita Bordeaux-viner och fruktdrycker och lagras i ek i mellan 6 m\u00e5nader och ett \u00e5r.<\/p>\n<p>N\u00e4sa: \u00f6rt, fruktig n\u00e4sa. Ingredienser av persilja, r\u00f6da b\u00e4r och sprucken svartpeppar.<br \/>\nSmak: Inslag av port, vita druvor och citron p\u00e5 smak. Cedertr\u00e4, skal, peppar och en salviautveckling.<br \/>\nYtbehandling: L\u00e5ng yta med knarrande knutar.<\/p>\n","protected":false},"excerpt":{"rendered":"<p>Bordeaux Ap\u00e9ritif<\/p>\n","protected":false},"featured_media":18609,"template":"","meta":{"_acf_changed":false,"rs_blank_template":"","rs_page_bg_color":"","slide_template_v7":""},"product_brand":[],"product_cat":[2765],"product_tag":[],"class_list":{"0":"post-21661","1":"product","2":"type-product","3":"status-publish","4":"has-post-thumbnail","6":"product_cat-hedvin-sv","7":"pa_land-frankrike","8":"pa_procent-17-sv","9":"pa_producent-lillet-distillers-sv","10":"pa_region-bordeaux-sv","11":"pa_serveringstemperatur-8-14-sv","12":"pa_volume-75-sv","14":"first","15":"instock","16":"taxable","17":"shipping-taxable","18":"purchasable","19":"product-type-simple"},"bundled_by":[],"bundle_stock_status":"instock","bundle_stock_quantity":null,"bundle_virtual":false,"bundle_layout":"","bundle_add_to_cart_form_location":"","bundle_editable_in_cart":false,"bundle_sold_individually_context":"","bundle_item_grouping":"","bundle_min_size":"","bundle_max_size":"","bundle_price":[],"bundled_items":[],"bundle_sell_ids":[],"acf":[],"_links":{"self":[{"href":"https:\/\/www.raschvin.com\/sv\/wp-json\/wp\/v2\/product\/21661","targetHints":{"allow":["GET"]}}],"collection":[{"href":"https:\/\/www.raschvin.com\/sv\/wp-json\/wp\/v2\/product"}],"about":[{"href":"https:\/\/www.raschvin.com\/sv\/wp-json\/wp\/v2\/types\/product"}],"wp:featuredmedia":[{"embeddable":true,"href":"https:\/\/www.raschvin.com\/sv\/wp-json\/wp\/v2\/media\/18609"}],"wp:attachment":[{"href":"https:\/\/www.raschvin.com\/sv\/wp-json\/wp\/v2\/media?parent=21661"}],"wp:term":[{"taxonomy":"product_brand","embeddable":true,"href":"https:\/\/www.raschvin.com\/sv\/wp-json\/wp\/v2\/product_brand?post=21661"},{"taxonomy":"product_cat","embeddable":true,"href":"https:\/\/www.raschvin.com\/sv\/wp-json\/wp\/v2\/product_cat?post=21661"},{"taxonomy":"product_tag","embeddable":true,"href":"https:\/\/www.raschvin.com\/sv\/wp-json\/wp\/v2\/product_tag?post=21661"}],"curies":[{"name":"wp","href":"https:\/\/api.w.org\/{rel}","templated":true}]}}