{"id":21657,"date":"2022-06-16T13:21:15","date_gmt":"2022-06-16T11:21:15","guid":{"rendered":"https:\/\/www.raschvin.com\/vare\/grahams-port-11\/"},"modified":"2022-11-18T11:29:09","modified_gmt":"2022-11-18T10:29:09","slug":"grahams-port-11","status":"publish","type":"product","link":"https:\/\/www.raschvin.com\/sv\/produkt\/grahams-port-11\/","title":{"rendered":"Graham&#8217;s &#8211; 10 Years Old Tawny Port 20 cl. 20%"},"content":{"rendered":"<p>Grahams 10-\u00e5riga Tawny \u00e4r en passion f\u00f6r expertis och precision, vilket \u00e4r k\u00e4rnan i alla v\u00e5ra handgjorda Tawny Ports. Efter ett decennium av v\u00e5rd och l\u00e5ngsam kryddad ekmognad \u00e4r detta vin ett underbart exempel p\u00e5 de komplexa n\u00f6tiga och mogna fruktsmakerna i Tawny Port.<\/p>\n<p>Tidk\u00e4nda f\u00e4rdigheter, hantverk och engagemang \u00f6verl\u00e4mnas fr\u00e5n generation till generation i form av tre unika konster &#8211; konsten att blanda, konsten att samarbeta och konsten att \u00e5ldras &#8211; f\u00f6r att producera v\u00e5rt extraordin\u00e4ra utbud av Tawny Ports. Varje Grahams Tawny Ports har sina egna individuella egenskaper, de komplexa smakerna och dofterna som genomsyrar vart och ett av dessa unika viner har utvecklats genom att endast v\u00e4lja v\u00e5ra h\u00f6gkvalitativa viner fr\u00e5n Grahams fyra spektakul\u00e4ra Quinta i Douro Valley f\u00f6r \u00e5ldring i kryddiga ekfat p\u00e5 1890-talet h\u00e4r. Semesterhus i Vila Nova de Gaia.<\/p>\n<p>Smagnote<\/p>\n<p>Grahams 10-\u00e5ring har en djup gulbrun och polerad kopparf\u00e4rg. Komplexa aromer i kombination med inslag av honung och fikon. P\u00e5 smak, rika mogna fruktsmaker, vackert fyllda med en saftig och l\u00e5ng finish.<\/p>\n<p>F\u00f6rvaring och servering<\/p>\n<p>Perfekt med kr\u00e4miga eller fruktiga desserter som komplimangerar, till exempel \u00e4ppelpaj eller mandelkaka. Servera kyld i ett portglas eller ett vitt vinglas av rimlig storlek. Det kommer att f\u00f6rbli friskt i fyra till sex veckor n\u00e4r det \u00f6ppnats.<\/p>\n","protected":false},"excerpt":{"rendered":"<p>Douro Valley Port<\/p>\n","protected":false},"featured_media":18575,"template":"","meta":{"_acf_changed":false,"rs_blank_template":"","rs_page_bg_color":"","slide_template_v7":""},"product_brand":[],"product_cat":[4734,2772,2765],"product_tag":[],"class_list":{"0":"post-21657","1":"product","2":"type-product","3":"status-publish","4":"has-post-thumbnail","6":"product_cat-aged-tawny-sv","7":"product_cat-hamn","8":"product_cat-hedvin-sv","9":"pa_drue-classic-douro-blend-sv","10":"pa_land-portugal-sv","11":"pa_procent-20-sv","12":"pa_producent-grahams-sv","13":"pa_region-douro-sv","14":"pa_serveringstemperatur-15-18-sv","15":"pa_volume-20-sv","17":"first","18":"outofstock","19":"taxable","20":"shipping-taxable","21":"purchasable","22":"product-type-simple"},"bundled_by":[],"bundle_stock_status":"outofstock","bundle_stock_quantity":null,"bundle_virtual":false,"bundle_layout":"","bundle_add_to_cart_form_location":"","bundle_editable_in_cart":false,"bundle_sold_individually_context":"","bundle_item_grouping":"","bundle_min_size":"","bundle_max_size":"","bundle_price":[],"bundled_items":[],"bundle_sell_ids":[],"acf":[],"_links":{"self":[{"href":"https:\/\/www.raschvin.com\/sv\/wp-json\/wp\/v2\/product\/21657","targetHints":{"allow":["GET"]}}],"collection":[{"href":"https:\/\/www.raschvin.com\/sv\/wp-json\/wp\/v2\/product"}],"about":[{"href":"https:\/\/www.raschvin.com\/sv\/wp-json\/wp\/v2\/types\/product"}],"wp:featuredmedia":[{"embeddable":true,"href":"https:\/\/www.raschvin.com\/sv\/wp-json\/wp\/v2\/media\/18575"}],"wp:attachment":[{"href":"https:\/\/www.raschvin.com\/sv\/wp-json\/wp\/v2\/media?parent=21657"}],"wp:term":[{"taxonomy":"product_brand","embeddable":true,"href":"https:\/\/www.raschvin.com\/sv\/wp-json\/wp\/v2\/product_brand?post=21657"},{"taxonomy":"product_cat","embeddable":true,"href":"https:\/\/www.raschvin.com\/sv\/wp-json\/wp\/v2\/product_cat?post=21657"},{"taxonomy":"product_tag","embeddable":true,"href":"https:\/\/www.raschvin.com\/sv\/wp-json\/wp\/v2\/product_tag?post=21657"}],"curies":[{"name":"wp","href":"https:\/\/api.w.org\/{rel}","templated":true}]}}