{"id":21655,"date":"2022-06-16T13:21:15","date_gmt":"2022-06-16T11:21:15","guid":{"rendered":"https:\/\/www.raschvin.com\/vare\/grahams-port-9\/"},"modified":"2022-11-18T11:53:16","modified_gmt":"2022-11-18T10:53:16","slug":"grahams-port-9","status":"publish","type":"product","link":"https:\/\/www.raschvin.com\/sv\/produkt\/grahams-port-9\/","title":{"rendered":"Graham&#8217;s &#8211; 20 Years Old Tawny Port 20 cl. 20%"},"content":{"rendered":"<p>Grahams 20-\u00e5riga Tawny \u00e4r ett portvin som har perfekterats i tv\u00e5 decennier f\u00f6r att gl\u00e4dja dem i str\u00e4van efter excellens. Mogna i kryddiga ekfat i genomsnitt i tjugo \u00e5r, de flesta vin\u00e4lskare tror att 20-\u00e5ringen \u00e4r den perfekta \u00e5ldern och balansen mellan mognad till en riktigt bra port.<\/p>\n<p>Tidk\u00e4nda f\u00e4rdigheter, hantverk och engagemang \u00f6verl\u00e4mnas fr\u00e5n generation till generation i form av tre unika konster &#8211; konsten att blanda, konsten att samarbeta och konsten att \u00e5ldras &#8211; f\u00f6r att producera v\u00e5rt extraordin\u00e4ra utbud av Tawny Ports. Varje Grahams Tawny Ports har sina egna individuella egenskaper, de komplexa smakerna och dofterna som genomsyrar vart och ett av dessa unika viner har utvecklats genom att endast v\u00e4lja v\u00e5ra h\u00f6gkvalitativa viner fr\u00e5n Grahams fyra spektakul\u00e4ra Quinta i Douro Valley f\u00f6r \u00e5ldring i kryddiga ekfat p\u00e5 1890-talet h\u00e4r. Semesterhus i Vila Nova de Gaia.<\/p>\n<p>Smagnote<\/p>\n<p>Grahams 20-\u00e5ring har en utm\u00e4rkt bukett med n\u00f6tiga egenskaper och uts\u00f6kt mogen frukt med inslag av apelsinskal, uts\u00f6kt mjuk genom tr\u00e4dets \u00e5ldrande. P\u00e5 smak, rik och smidig, perfekt balanserad med en l\u00e5ng och elegant finish.<\/p>\n<p>F\u00f6rvaring och servering<\/p>\n<p>Perfekt med kr\u00e4miga eller fruktiga desserter som komplimangerar, till exempel tiramisu eller creme brulee, samt mjuka ostar och n\u00f6tter. Servera kyld i ett portglas eller ett vitt vinglas av rimlig storlek. Det kommer att f\u00f6rbli friskt i fyra till sex veckor n\u00e4r det \u00f6ppnats.<\/p>\n","protected":false},"excerpt":{"rendered":"<p>Douro Valley Port<\/p>\n","protected":false},"featured_media":18564,"template":"","meta":{"_acf_changed":false,"rs_blank_template":"","rs_page_bg_color":"","slide_template_v7":""},"product_brand":[],"product_cat":[4734,2765,2772],"product_tag":[],"class_list":{"0":"post-21655","1":"product","2":"type-product","3":"status-publish","4":"has-post-thumbnail","6":"product_cat-aged-tawny-sv","7":"product_cat-hedvin-sv","8":"product_cat-hamn","9":"pa_drue-classic-douro-blend-sv","10":"pa_land-portugal-sv","11":"pa_procent-20-sv","12":"pa_producent-grahams-sv","13":"pa_region-douro-sv","14":"pa_serveringstemperatur-15-18-sv","15":"pa_volume-20-sv","17":"first","18":"outofstock","19":"taxable","20":"shipping-taxable","21":"purchasable","22":"product-type-simple"},"bundled_by":[],"bundle_stock_status":"outofstock","bundle_stock_quantity":null,"bundle_virtual":false,"bundle_layout":"","bundle_add_to_cart_form_location":"","bundle_editable_in_cart":false,"bundle_sold_individually_context":"","bundle_item_grouping":"","bundle_min_size":"","bundle_max_size":"","bundle_price":[],"bundled_items":[],"bundle_sell_ids":[],"acf":[],"_links":{"self":[{"href":"https:\/\/www.raschvin.com\/sv\/wp-json\/wp\/v2\/product\/21655","targetHints":{"allow":["GET"]}}],"collection":[{"href":"https:\/\/www.raschvin.com\/sv\/wp-json\/wp\/v2\/product"}],"about":[{"href":"https:\/\/www.raschvin.com\/sv\/wp-json\/wp\/v2\/types\/product"}],"wp:featuredmedia":[{"embeddable":true,"href":"https:\/\/www.raschvin.com\/sv\/wp-json\/wp\/v2\/media\/18564"}],"wp:attachment":[{"href":"https:\/\/www.raschvin.com\/sv\/wp-json\/wp\/v2\/media?parent=21655"}],"wp:term":[{"taxonomy":"product_brand","embeddable":true,"href":"https:\/\/www.raschvin.com\/sv\/wp-json\/wp\/v2\/product_brand?post=21655"},{"taxonomy":"product_cat","embeddable":true,"href":"https:\/\/www.raschvin.com\/sv\/wp-json\/wp\/v2\/product_cat?post=21655"},{"taxonomy":"product_tag","embeddable":true,"href":"https:\/\/www.raschvin.com\/sv\/wp-json\/wp\/v2\/product_tag?post=21655"}],"curies":[{"name":"wp","href":"https:\/\/api.w.org\/{rel}","templated":true}]}}