{"id":21650,"date":"2022-06-16T13:21:15","date_gmt":"2022-06-16T11:21:15","guid":{"rendered":"https:\/\/www.raschvin.com\/vare\/grahams-port-4\/"},"modified":"2022-11-18T12:01:43","modified_gmt":"2022-11-18T11:01:43","slug":"grahams-port-4","status":"publish","type":"product","link":"https:\/\/www.raschvin.com\/sv\/produkt\/grahams-port-4\/","title":{"rendered":"Graham&#8217;s &#8211; 30 Years Old Tawny Port 20 cl. 20%"},"content":{"rendered":"<p>Denna vinkontakt med tunnan p\u00e5 tr\u00e4det fungerar hand i hand \u00f6ver tiden f\u00f6r att skapa ett av v\u00e5ra st\u00f6rsta viner. Detta vin \u00e4r f\u00f6r dem som brinner f\u00f6r konsten att g\u00f6ra bra portviner. Bara decennier av provsmakning och noggrann v\u00e5rd till\u00e5ter ett vin av denna delikatess och kvalitet.<\/p>\n<p>Tidk\u00e4nda f\u00e4rdigheter, hantverk och engagemang \u00f6verl\u00e4mnas fr\u00e5n generation till generation i form av tre unika konster &#8211; konsten att blanda, konsten att samarbeta och konsten att \u00e5ldras &#8211; f\u00f6r att producera v\u00e5rt extraordin\u00e4ra utbud av Tawny Ports. Varje Grahams Tawny Ports har sina egna individuella egenskaper, de komplexa smakerna och dofterna som genomsyrar vart och ett av dessa unika viner har utvecklats genom att endast v\u00e4lja v\u00e5ra h\u00f6gkvalitativa viner fr\u00e5n Grahams fyra spektakul\u00e4ra Quinta i Douro Valley f\u00f6r \u00e5ldring i kryddiga ekfat p\u00e5 1890-talet h\u00e4r. Semesterhus i Vila Nova de Gaia.<\/p>\n<p>Smagnote<\/p>\n<p>Grahams 30-\u00e5ring har en magnifik n\u00e4sa som visar en m\u00e4ngd torkade frukter. I gommen koncentreras den med full honungsfrukt. Fantastiskt mjuk med en fantastisk l\u00e5ng finish.<\/p>\n<p>F\u00f6rvaring och servering<\/p>\n<p>Perfekt med n\u00f6tiga \u00f6knar, torkad frukt eller som en efterr\u00e4tt i sig. Servera kylda mellan 12 \u00ba och 16 \u00ba i ett portglas eller vitt vinglas av rimlig storlek. Det kommer att f\u00f6rbli friskt i fyra till sex veckor n\u00e4r det \u00f6ppnats.<\/p>\n","protected":false},"excerpt":{"rendered":"<p>Douro Valley Port<\/p>\n","protected":false},"featured_media":18520,"template":"","meta":{"_acf_changed":false,"rs_blank_template":"","rs_page_bg_color":"","slide_template_v7":""},"product_brand":[],"product_cat":[4734,2765,2772],"product_tag":[],"class_list":{"0":"post-21650","1":"product","2":"type-product","3":"status-publish","4":"has-post-thumbnail","6":"product_cat-aged-tawny-sv","7":"product_cat-hedvin-sv","8":"product_cat-hamn","9":"pa_drue-classic-douro-blend-sv","10":"pa_land-portugal-sv","11":"pa_procent-20-sv","12":"pa_producent-grahams-sv","13":"pa_region-douro-sv","14":"pa_serveringstemperatur-15-18-sv","15":"pa_volume-20-sv","17":"first","18":"outofstock","19":"taxable","20":"shipping-taxable","21":"purchasable","22":"product-type-simple"},"bundled_by":[],"bundle_stock_status":"outofstock","bundle_stock_quantity":null,"bundle_virtual":false,"bundle_layout":"","bundle_add_to_cart_form_location":"","bundle_editable_in_cart":false,"bundle_sold_individually_context":"","bundle_item_grouping":"","bundle_min_size":"","bundle_max_size":"","bundle_price":[],"bundled_items":[],"bundle_sell_ids":[],"acf":[],"_links":{"self":[{"href":"https:\/\/www.raschvin.com\/sv\/wp-json\/wp\/v2\/product\/21650","targetHints":{"allow":["GET"]}}],"collection":[{"href":"https:\/\/www.raschvin.com\/sv\/wp-json\/wp\/v2\/product"}],"about":[{"href":"https:\/\/www.raschvin.com\/sv\/wp-json\/wp\/v2\/types\/product"}],"wp:featuredmedia":[{"embeddable":true,"href":"https:\/\/www.raschvin.com\/sv\/wp-json\/wp\/v2\/media\/18520"}],"wp:attachment":[{"href":"https:\/\/www.raschvin.com\/sv\/wp-json\/wp\/v2\/media?parent=21650"}],"wp:term":[{"taxonomy":"product_brand","embeddable":true,"href":"https:\/\/www.raschvin.com\/sv\/wp-json\/wp\/v2\/product_brand?post=21650"},{"taxonomy":"product_cat","embeddable":true,"href":"https:\/\/www.raschvin.com\/sv\/wp-json\/wp\/v2\/product_cat?post=21650"},{"taxonomy":"product_tag","embeddable":true,"href":"https:\/\/www.raschvin.com\/sv\/wp-json\/wp\/v2\/product_tag?post=21650"}],"curies":[{"name":"wp","href":"https:\/\/api.w.org\/{rel}","templated":true}]}}