{"id":21646,"date":"2022-06-16T13:20:44","date_gmt":"2022-06-16T11:20:44","guid":{"rendered":"https:\/\/www.raschvin.com\/vare\/dubonnet-rouge\/"},"modified":"2022-11-15T19:49:38","modified_gmt":"2022-11-15T18:49:38","slug":"dubonnet-rouge","status":"publish","type":"product","link":"https:\/\/www.raschvin.com\/sv\/produkt\/dubonnet-rouge\/","title":{"rendered":"Dubonnet Rouge 75 cl. 14,8%"},"content":{"rendered":"<p>En fransk aperitif med vin fr\u00e5n s\u00f6dra Frankrike. Detta \u00e4r smaksatt med \u00f6rter, kryddor och kinin och lagras i ek i tre \u00e5r.<\/p>\n<p>Dubonnet skapas med ditt eget recept. Fyra faktorer skapar Dubonnets ikoniska smak:<\/p>\n<p>R\u00f6dvinbas<br \/>\nKarakteristisk blandning av druvor-RubyRed, rubica b\u00e4r och Muscat of Alexandria ger en rik och balanserad smak.<\/p>\n<p>Propriet\u00e4r blandning av \u00f6rter och kryddor<br \/>\nSvarta vinb\u00e4r, Essens av tesorter och andra ingredienser l\u00e4gger till komplex smak och kraftfull kropp.<\/p>\n<p>Cinchona tr\u00e4dbark<br \/>\nUrsprunglig medicinsk ingrediens som h\u00e4rr\u00f6r fr\u00e5n barken fr\u00e5n cinchonatr\u00e4det ger en torr tanninanteckning.<\/p>\n<p>R\u00f6r i socker<br \/>\n100% r\u00f6rsocker ger en touch av s\u00f6tma.<\/p>\n<p>En vinaperitif baserad p\u00e5 Roussillon och Muscat-druvor. Med tillsats av kryddor och \u00f6rter som porslinsbark, apelsinskal, kamomill, kanel och gr\u00f6na kaffeb\u00f6nor skapas dofterna. L\u00e5ng lagring i ekfat st\u00e4rker dessa.<\/p>\n","protected":false},"excerpt":{"rendered":"<p>Grand Aperitif de France<\/p>\n","protected":false},"featured_media":18489,"template":"","meta":{"_acf_changed":false,"rs_blank_template":"","rs_page_bg_color":"","slide_template_v7":""},"product_brand":[],"product_cat":[6191,2765],"product_tag":[],"class_list":{"0":"post-21646","1":"product","2":"type-product","3":"status-publish","4":"has-post-thumbnail","6":"product_cat-andra-sv","7":"product_cat-hedvin-sv","8":"pa_drue-muscat-sv","9":"pa_drue-roussillon-sv","10":"pa_land-frankrike","11":"pa_procent-14-8-sv","12":"pa_producent-pernod-ricard-sv","13":"pa_serveringstemperatur-10-14-sv","14":"pa_volume-75-sv","16":"first","17":"instock","18":"taxable","19":"shipping-taxable","20":"purchasable","21":"product-type-simple"},"bundled_by":[],"bundle_stock_status":"instock","bundle_stock_quantity":null,"bundle_virtual":false,"bundle_layout":"","bundle_add_to_cart_form_location":"","bundle_editable_in_cart":false,"bundle_sold_individually_context":"","bundle_item_grouping":"","bundle_min_size":"","bundle_max_size":"","bundle_price":[],"bundled_items":[],"bundle_sell_ids":[],"acf":[],"_links":{"self":[{"href":"https:\/\/www.raschvin.com\/sv\/wp-json\/wp\/v2\/product\/21646","targetHints":{"allow":["GET"]}}],"collection":[{"href":"https:\/\/www.raschvin.com\/sv\/wp-json\/wp\/v2\/product"}],"about":[{"href":"https:\/\/www.raschvin.com\/sv\/wp-json\/wp\/v2\/types\/product"}],"wp:featuredmedia":[{"embeddable":true,"href":"https:\/\/www.raschvin.com\/sv\/wp-json\/wp\/v2\/media\/18489"}],"wp:attachment":[{"href":"https:\/\/www.raschvin.com\/sv\/wp-json\/wp\/v2\/media?parent=21646"}],"wp:term":[{"taxonomy":"product_brand","embeddable":true,"href":"https:\/\/www.raschvin.com\/sv\/wp-json\/wp\/v2\/product_brand?post=21646"},{"taxonomy":"product_cat","embeddable":true,"href":"https:\/\/www.raschvin.com\/sv\/wp-json\/wp\/v2\/product_cat?post=21646"},{"taxonomy":"product_tag","embeddable":true,"href":"https:\/\/www.raschvin.com\/sv\/wp-json\/wp\/v2\/product_tag?post=21646"}],"curies":[{"name":"wp","href":"https:\/\/api.w.org\/{rel}","templated":true}]}}