{"id":21645,"date":"2022-06-16T13:20:44","date_gmt":"2022-06-16T11:20:44","guid":{"rendered":"https:\/\/www.raschvin.com\/vare\/martini-fiero\/"},"modified":"2022-11-26T07:10:17","modified_gmt":"2022-11-26T06:10:17","slug":"martini-fiero","status":"publish","type":"product","link":"https:\/\/www.raschvin.com\/sv\/produkt\/martini-fiero\/","title":{"rendered":"Martini Fiero 75 cl. 15%"},"content":{"rendered":"<p>MARTINI Fiero och tonic gjordes f\u00f6r varandra &#8211; denna moderna vermouth \u00e4r en blandning av citrus och bitters\u00f6t apelsin med skarpa vita viner &#8211; en perfekt aperitif n\u00e4r den blandas med tonic. Dess eldiga f\u00e4rg och v\u00e4lsmakande, fruktig smak \u00e4r 100% naturlig och \u00e4r resultatet av en noggrann, tankev\u00e4ckande blandningsprocess fr\u00e5n v\u00e5r Master Blender, Beppe Musso.<\/p>\n<p>Tja, den tidiga producenten av vermut Martini har gjort det igen, men den h\u00e4r g\u00e5ngen har de producerat en vermut, smakfull med citrus- och blodapelsiner. Nu \u00e4r det ganska coolt!<\/p>\n","protected":false},"excerpt":{"rendered":"<p>L\u2019 Aperitivo \u201cVermouth\u201d \u2013 Martini &#038; Rossi<\/p>\n","protected":false},"featured_media":18476,"template":"","meta":{"_acf_changed":false,"rs_blank_template":"","rs_page_bg_color":"","slide_template_v7":""},"product_brand":[],"product_cat":[2765,2774],"product_tag":[],"class_list":{"0":"post-21645","1":"product","2":"type-product","3":"status-publish","4":"has-post-thumbnail","6":"product_cat-hedvin-sv","7":"product_cat-vermouth-sv","8":"pa_land-italien-sv","9":"pa_procent-15-sv","10":"pa_producent-martini-rossi-sv","11":"pa_region-turin-sv","12":"pa_serveringstemperatur-10-14-sv","13":"pa_volume-75-sv","15":"first","16":"outofstock","17":"taxable","18":"shipping-taxable","19":"purchasable","20":"product-type-simple"},"bundled_by":[],"bundle_stock_status":"outofstock","bundle_stock_quantity":null,"bundle_virtual":false,"bundle_layout":"","bundle_add_to_cart_form_location":"","bundle_editable_in_cart":false,"bundle_sold_individually_context":"","bundle_item_grouping":"","bundle_min_size":"","bundle_max_size":"","bundle_price":[],"bundled_items":[],"bundle_sell_ids":[],"acf":[],"_links":{"self":[{"href":"https:\/\/www.raschvin.com\/sv\/wp-json\/wp\/v2\/product\/21645","targetHints":{"allow":["GET"]}}],"collection":[{"href":"https:\/\/www.raschvin.com\/sv\/wp-json\/wp\/v2\/product"}],"about":[{"href":"https:\/\/www.raschvin.com\/sv\/wp-json\/wp\/v2\/types\/product"}],"wp:featuredmedia":[{"embeddable":true,"href":"https:\/\/www.raschvin.com\/sv\/wp-json\/wp\/v2\/media\/18476"}],"wp:attachment":[{"href":"https:\/\/www.raschvin.com\/sv\/wp-json\/wp\/v2\/media?parent=21645"}],"wp:term":[{"taxonomy":"product_brand","embeddable":true,"href":"https:\/\/www.raschvin.com\/sv\/wp-json\/wp\/v2\/product_brand?post=21645"},{"taxonomy":"product_cat","embeddable":true,"href":"https:\/\/www.raschvin.com\/sv\/wp-json\/wp\/v2\/product_cat?post=21645"},{"taxonomy":"product_tag","embeddable":true,"href":"https:\/\/www.raschvin.com\/sv\/wp-json\/wp\/v2\/product_tag?post=21645"}],"curies":[{"name":"wp","href":"https:\/\/api.w.org\/{rel}","templated":true}]}}