{"id":21640,"date":"2022-06-16T13:20:44","date_gmt":"2022-06-16T11:20:44","guid":{"rendered":"https:\/\/www.raschvin.com\/vare\/belsazar-vermouth-4\/"},"modified":"2022-10-26T11:03:46","modified_gmt":"2022-10-26T09:03:46","slug":"belsazar-vermouth-rose-175","status":"publish","type":"product","link":"https:\/\/www.raschvin.com\/sv\/produkt\/belsazar-vermouth-rose-175\/","title":{"rendered":"Belsazar Vermouth &#8211; Rose 75 cl. 17,5%"},"content":{"rendered":"<p>Belsazar Rose Vermouth \u00e4r en lyxvermouth gjord p\u00e5 Pinot Noir fr\u00e5n Kaiserstuhl och Markgr\u00e4flerland, som \u00e4r smaksatt med olika \u00f6rter, blommor och frukter (t.ex. mal\u00f6rt, som ger en l\u00e4tt beska) och f\u00f6rst\u00e4rkt med fruktbr\u00e4nnvin fr\u00e5n Schladerer i Schwarzwald innan den vilar i beh\u00e5llare av stengods. En l\u00e4tt s\u00f6tma kommer fr\u00e5n tillsats av oj\u00e4st druvmust, vilket ger en mycket st\u00f6rre aromatisk komplexitet \u00e4n vanligt socker.<\/p>\n<p>F\u00e4rg: Rosa.<br \/>\nDoft: Vacker doft av grapefrukt, apelsinblomma och apelsinskal.<br \/>\nSmaknoter: Komplex, rundad och med en fantastisk bitter s\u00f6tma. Mer vindruvor, samt toner av r\u00f6da b\u00e4r som hallon och vinb\u00e4r.<\/p>\n<p>Serveringsf\u00f6rslag: Kan avnjutas \u00f6ver is, med tonic eller i cocktails.<\/p>\n","protected":false},"excerpt":{"rendered":"<p>Premium German Vermouth<\/p>\n","protected":false},"featured_media":18414,"template":"","meta":{"_acf_changed":false,"rs_blank_template":"","rs_page_bg_color":"","slide_template_v7":""},"product_brand":[],"product_cat":[2765,2774],"product_tag":[],"class_list":{"0":"post-21640","1":"product","2":"type-product","3":"status-publish","4":"has-post-thumbnail","6":"product_cat-hedvin-sv","7":"product_cat-vermouth-sv","8":"pa_land-tyskland-sv","9":"pa_procent-17-5-sv","10":"pa_producent-belsazar-sv","11":"pa_region-south-baden-region-sv","12":"pa_serveringstemperatur-10-16-sv","13":"pa_volume-75-sv","15":"first","16":"instock","17":"taxable","18":"shipping-taxable","19":"purchasable","20":"product-type-simple"},"bundled_by":[],"bundle_stock_status":"instock","bundle_stock_quantity":null,"bundle_virtual":false,"bundle_layout":"","bundle_add_to_cart_form_location":"","bundle_editable_in_cart":false,"bundle_sold_individually_context":"","bundle_item_grouping":"","bundle_min_size":"","bundle_max_size":"","bundle_price":[],"bundled_items":[],"bundle_sell_ids":[],"acf":[],"_links":{"self":[{"href":"https:\/\/www.raschvin.com\/sv\/wp-json\/wp\/v2\/product\/21640","targetHints":{"allow":["GET"]}}],"collection":[{"href":"https:\/\/www.raschvin.com\/sv\/wp-json\/wp\/v2\/product"}],"about":[{"href":"https:\/\/www.raschvin.com\/sv\/wp-json\/wp\/v2\/types\/product"}],"wp:featuredmedia":[{"embeddable":true,"href":"https:\/\/www.raschvin.com\/sv\/wp-json\/wp\/v2\/media\/18414"}],"wp:attachment":[{"href":"https:\/\/www.raschvin.com\/sv\/wp-json\/wp\/v2\/media?parent=21640"}],"wp:term":[{"taxonomy":"product_brand","embeddable":true,"href":"https:\/\/www.raschvin.com\/sv\/wp-json\/wp\/v2\/product_brand?post=21640"},{"taxonomy":"product_cat","embeddable":true,"href":"https:\/\/www.raschvin.com\/sv\/wp-json\/wp\/v2\/product_cat?post=21640"},{"taxonomy":"product_tag","embeddable":true,"href":"https:\/\/www.raschvin.com\/sv\/wp-json\/wp\/v2\/product_tag?post=21640"}],"curies":[{"name":"wp","href":"https:\/\/api.w.org\/{rel}","templated":true}]}}