{"id":21639,"date":"2022-06-16T13:20:21","date_gmt":"2022-06-16T11:20:21","guid":{"rendered":"https:\/\/www.raschvin.com\/vare\/belsazar-vermouth-3\/"},"modified":"2022-10-26T10:59:17","modified_gmt":"2022-10-26T08:59:17","slug":"belsazar-vermouth-red-18","status":"publish","type":"product","link":"https:\/\/www.raschvin.com\/sv\/produkt\/belsazar-vermouth-red-18\/","title":{"rendered":"Belsazar Vermouth &#8211; Red 75 cl. 18%"},"content":{"rendered":"<p>Belsazar Red Vermouth \u00e4r en lyxvermouth gjord p\u00e5 bland annat muskatell fr\u00e5n Kaiserstuhl och Markgr\u00e4flerland, som \u00e4r smaksatt med olika \u00f6rter, blommor och frukter (t.ex. mal\u00f6rt som ger en l\u00e4tt beska) och f\u00f6rst\u00e4rkt med fruktbr\u00e4nnvin fr\u00e5n Schladerer in the Black Skog innan vila i stengodscontainrar. En god s\u00f6tma kommer fr\u00e5n tillsats av oj\u00e4st druvmust, vilket ger en betydligt st\u00f6rre aromatisk komplexitet \u00e4n vanligt socker.<br \/>\nF\u00f6rvara flaskan i kylen efter \u00f6ppnandet.<\/p>\n<p>F\u00e4rg: Djupt r\u00f6dbrun.<br \/>\nLukt: Stor och kryddig doft av kanel, kryddnejlika, apelsinskal och vanilj.<br \/>\nSmaknoter: Rik, s\u00f6t och med en balanserad beska. Mer kryddiga toner, s\u00e4llskap av karamell, k\u00f6rsb\u00e4r och mal\u00f6rt.<\/p>\n<p>Serveringsf\u00f6rslag: Kan avnjutas \u00f6ver is, med tonic eller i cocktails, som en klassisk negroni eller manhattan.<\/p>\n","protected":false},"excerpt":{"rendered":"<p>Premium German Vermouth<\/p>\n","protected":false},"featured_media":18401,"template":"","meta":{"_acf_changed":false,"rs_blank_template":"","rs_page_bg_color":"","slide_template_v7":""},"product_brand":[],"product_cat":[2765,2774],"product_tag":[],"class_list":{"0":"post-21639","1":"product","2":"type-product","3":"status-publish","4":"has-post-thumbnail","6":"product_cat-hedvin-sv","7":"product_cat-vermouth-sv","8":"pa_land-tyskland-sv","9":"pa_procent-18-sv","10":"pa_producent-belsazar-sv","11":"pa_region-south-baden-region-sv","12":"pa_serveringstemperatur-10-16-sv","13":"pa_volume-75-sv","15":"first","16":"instock","17":"taxable","18":"shipping-taxable","19":"purchasable","20":"product-type-simple"},"bundled_by":[],"bundle_stock_status":"instock","bundle_stock_quantity":null,"bundle_virtual":false,"bundle_layout":"","bundle_add_to_cart_form_location":"","bundle_editable_in_cart":false,"bundle_sold_individually_context":"","bundle_item_grouping":"","bundle_min_size":"","bundle_max_size":"","bundle_price":[],"bundled_items":[],"bundle_sell_ids":[],"acf":[],"_links":{"self":[{"href":"https:\/\/www.raschvin.com\/sv\/wp-json\/wp\/v2\/product\/21639","targetHints":{"allow":["GET"]}}],"collection":[{"href":"https:\/\/www.raschvin.com\/sv\/wp-json\/wp\/v2\/product"}],"about":[{"href":"https:\/\/www.raschvin.com\/sv\/wp-json\/wp\/v2\/types\/product"}],"wp:featuredmedia":[{"embeddable":true,"href":"https:\/\/www.raschvin.com\/sv\/wp-json\/wp\/v2\/media\/18401"}],"wp:attachment":[{"href":"https:\/\/www.raschvin.com\/sv\/wp-json\/wp\/v2\/media?parent=21639"}],"wp:term":[{"taxonomy":"product_brand","embeddable":true,"href":"https:\/\/www.raschvin.com\/sv\/wp-json\/wp\/v2\/product_brand?post=21639"},{"taxonomy":"product_cat","embeddable":true,"href":"https:\/\/www.raschvin.com\/sv\/wp-json\/wp\/v2\/product_cat?post=21639"},{"taxonomy":"product_tag","embeddable":true,"href":"https:\/\/www.raschvin.com\/sv\/wp-json\/wp\/v2\/product_tag?post=21639"}],"curies":[{"name":"wp","href":"https:\/\/api.w.org\/{rel}","templated":true}]}}