{"id":21637,"date":"2022-06-16T13:20:21","date_gmt":"2022-06-16T11:20:21","guid":{"rendered":"https:\/\/www.raschvin.com\/vare\/belsazar-vermouth\/"},"modified":"2022-10-26T10:51:50","modified_gmt":"2022-10-26T08:51:50","slug":"belsazar-vermouth-dry-15","status":"publish","type":"product","link":"https:\/\/www.raschvin.com\/sv\/produkt\/belsazar-vermouth-dry-15\/","title":{"rendered":"Belsazar Vermouth &#8211; Dry 75 cl. 19%"},"content":{"rendered":"<p>Belsazar Dry \u00e4r en torr lyxvermouth gjord p\u00e5 vin fr\u00e5n den s\u00f6dra delen av Baden, som \u00e4r smaksatt med olika \u00f6rter, blommor och frukter (t.ex. mal\u00f6rt som ger en l\u00e4tt beska) och f\u00f6rst\u00e4rkt med fruktbr\u00e4nnvin fr\u00e5n Schladerer i Schwarzwald innan den vilar i stengodsbeh\u00e5llare. Du kan f\u00f6rv\u00e4nta dig en extremt smakrik vermouth, med b\u00e5de stora frukttoner och en balanserad beska.<br \/>\nF\u00f6rvara flaskan i kylen efter \u00f6ppnandet.<\/p>\n<p>F\u00e4rg: Ljus gyllene.<br \/>\nDoft: Vacker doft av aprikos, plommon, koriander och behagliga j\u00e4sttoner.<br \/>\nSmaknoter: Mirabelle, bitter apelsin, gentiana och mal\u00f6rt.<\/p>\n<p>Serveringsf\u00f6rslag: Kan avnjutas \u00f6ver is, med tonic eller i cocktails. Fungerar utm\u00e4rkt i en martini!<\/p>\n","protected":false},"excerpt":{"rendered":"<p>Premium German Vermouth<\/p>\n","protected":false},"featured_media":18375,"template":"","meta":{"_acf_changed":false,"rs_blank_template":"","rs_page_bg_color":"","slide_template_v7":""},"product_brand":[],"product_cat":[2765,2774],"product_tag":[],"class_list":{"0":"post-21637","1":"product","2":"type-product","3":"status-publish","4":"has-post-thumbnail","6":"product_cat-hedvin-sv","7":"product_cat-vermouth-sv","8":"pa_land-tyskland-sv","9":"pa_procent-19-sv","10":"pa_producent-belsazar-sv","11":"pa_region-south-baden-region-sv","12":"pa_serveringstemperatur-10-16-sv","13":"pa_volume-75-sv","15":"first","16":"instock","17":"taxable","18":"shipping-taxable","19":"purchasable","20":"product-type-simple"},"bundled_by":[],"bundle_stock_status":"instock","bundle_stock_quantity":null,"bundle_virtual":false,"bundle_layout":"","bundle_add_to_cart_form_location":"","bundle_editable_in_cart":false,"bundle_sold_individually_context":"","bundle_item_grouping":"","bundle_min_size":"","bundle_max_size":"","bundle_price":[],"bundled_items":[],"bundle_sell_ids":[],"acf":[],"_links":{"self":[{"href":"https:\/\/www.raschvin.com\/sv\/wp-json\/wp\/v2\/product\/21637","targetHints":{"allow":["GET"]}}],"collection":[{"href":"https:\/\/www.raschvin.com\/sv\/wp-json\/wp\/v2\/product"}],"about":[{"href":"https:\/\/www.raschvin.com\/sv\/wp-json\/wp\/v2\/types\/product"}],"wp:featuredmedia":[{"embeddable":true,"href":"https:\/\/www.raschvin.com\/sv\/wp-json\/wp\/v2\/media\/18375"}],"wp:attachment":[{"href":"https:\/\/www.raschvin.com\/sv\/wp-json\/wp\/v2\/media?parent=21637"}],"wp:term":[{"taxonomy":"product_brand","embeddable":true,"href":"https:\/\/www.raschvin.com\/sv\/wp-json\/wp\/v2\/product_brand?post=21637"},{"taxonomy":"product_cat","embeddable":true,"href":"https:\/\/www.raschvin.com\/sv\/wp-json\/wp\/v2\/product_cat?post=21637"},{"taxonomy":"product_tag","embeddable":true,"href":"https:\/\/www.raschvin.com\/sv\/wp-json\/wp\/v2\/product_tag?post=21637"}],"curies":[{"name":"wp","href":"https:\/\/api.w.org\/{rel}","templated":true}]}}