{"id":21633,"date":"2022-06-16T13:20:21","date_gmt":"2022-06-16T11:20:21","guid":{"rendered":"https:\/\/www.raschvin.com\/vare\/noilly-prat\/"},"modified":"2022-11-29T11:40:39","modified_gmt":"2022-11-29T10:40:39","slug":"noilly-prat","status":"publish","type":"product","link":"https:\/\/www.raschvin.com\/sv\/produkt\/noilly-prat\/","title":{"rendered":"Noilly Prat 75 cl. 18%"},"content":{"rendered":"<p>En vermouth baserad p\u00e5 vitt vin, gjord med tv\u00e5 viner som mognar separat i ett \u00e5r innan ett hemligt urval av \u00f6rter och kryddor masseras i tre veckor och extraheras f\u00f6rsiktigt. Vinet f\u00e5r sedan vila i ytterligare sex veckor. Att s\u00e4ga namnet fonetiskt ger det ocks\u00e5 en bra f\u00f6rol\u00e4mpning.<\/p>\n<p>N\u00e4sa: Torr, fruktig n\u00e4sa med kryddig citrus, b\u00e4r och alla slags torkade \u00f6rter.<\/p>\n<p>Smak: Pepprig, torr smak. Mycket v\u00e4xtbaserad med tall och ceder, lite timjan &#8230;<\/p>\n<p>Finish: L\u00e5ng, komplex finish. Mycket torr!<\/p>\n","protected":false},"excerpt":{"rendered":"<p>Vermouth de France &#8211; Original Dry <\/p>\n","protected":false},"featured_media":30470,"template":"","meta":{"_acf_changed":false,"rs_blank_template":"","rs_page_bg_color":"","slide_template_v7":""},"product_brand":[],"product_cat":[2765,2774],"product_tag":[],"class_list":{"0":"post-21633","1":"product","2":"type-product","3":"status-publish","4":"has-post-thumbnail","6":"product_cat-hedvin-sv","7":"product_cat-vermouth-sv","8":"pa_drue-marseillan-sv","9":"pa_land-frankrike","10":"pa_procent-18-sv","11":"pa_producent-martini-rossi-sv","12":"pa_region-herault-sv","13":"pa_serveringstemperatur-10-16-sv","14":"pa_volume-75-sv","16":"first","17":"instock","18":"taxable","19":"shipping-taxable","20":"purchasable","21":"product-type-simple"},"bundled_by":[],"bundle_stock_status":"instock","bundle_stock_quantity":null,"bundle_virtual":false,"bundle_layout":"","bundle_add_to_cart_form_location":"","bundle_editable_in_cart":false,"bundle_sold_individually_context":"","bundle_item_grouping":"","bundle_min_size":"","bundle_max_size":"","bundle_price":[],"bundled_items":[],"bundle_sell_ids":[],"acf":[],"_links":{"self":[{"href":"https:\/\/www.raschvin.com\/sv\/wp-json\/wp\/v2\/product\/21633","targetHints":{"allow":["GET"]}}],"collection":[{"href":"https:\/\/www.raschvin.com\/sv\/wp-json\/wp\/v2\/product"}],"about":[{"href":"https:\/\/www.raschvin.com\/sv\/wp-json\/wp\/v2\/types\/product"}],"wp:featuredmedia":[{"embeddable":true,"href":"https:\/\/www.raschvin.com\/sv\/wp-json\/wp\/v2\/media\/30470"}],"wp:attachment":[{"href":"https:\/\/www.raschvin.com\/sv\/wp-json\/wp\/v2\/media?parent=21633"}],"wp:term":[{"taxonomy":"product_brand","embeddable":true,"href":"https:\/\/www.raschvin.com\/sv\/wp-json\/wp\/v2\/product_brand?post=21633"},{"taxonomy":"product_cat","embeddable":true,"href":"https:\/\/www.raschvin.com\/sv\/wp-json\/wp\/v2\/product_cat?post=21633"},{"taxonomy":"product_tag","embeddable":true,"href":"https:\/\/www.raschvin.com\/sv\/wp-json\/wp\/v2\/product_tag?post=21633"}],"curies":[{"name":"wp","href":"https:\/\/api.w.org\/{rel}","templated":true}]}}