{"id":21632,"date":"2022-06-16T13:20:21","date_gmt":"2022-06-16T11:20:21","guid":{"rendered":"https:\/\/www.raschvin.com\/vare\/antica-formula\/"},"modified":"2022-11-08T16:39:33","modified_gmt":"2022-11-08T15:39:33","slug":"antica-formula","status":"publish","type":"product","link":"https:\/\/www.raschvin.com\/sv\/produkt\/antica-formula\/","title":{"rendered":"Antica Formula Vermouth 100 cl. 16,5%"},"content":{"rendered":"<p>Antica Formula \u00e4r den italienska vermut par excellence. Varje flaska \u00e4r en trogen \u00e5tergivning av originalet i bl\u00e5st glas fr\u00e5n 1700-talet och ett sant tecken p\u00e5 distinktion och tradition. Fr\u00e5n den gamla latinska texten &#8221;Tempus Judex&#8221; i spetsen, till den personliga signaturen fr\u00e5n ordf\u00f6randen f\u00f6r Fratelli Branca Distillerie l\u00e4ngst till h\u00f6ger p\u00e5 etiketten, finns det mycket att ber\u00e4tta i varje flaska Antica Formula. L\u00e5t dina \u00f6gon navigera p\u00e5 varje plats f\u00f6r att uppt\u00e4cka den unika historien bakom denna forntida juvel.<\/p>\n<p>En komplex bukett \u00f6ppnar med den v\u00e4rmande doften av vanilj, den karakteristiska doften av Antica Formula, och som representerar en av de m\u00e5nga v\u00e4rdefulla naturliga ingredienserna som anv\u00e4nds i dess hemliga recept.<\/p>\n<p>Ytterligare inspektion avsl\u00f6jar de m\u00e5nga invecklade skikten i denna premium vermut, den f\u00f6rsta buketten som snart g\u00f6r plats f\u00f6r kryddiga, citrus- och n\u00f6tiga toner som p\u00e5minner om kryddnejlika, russin och mandel.<\/p>\n<p>Antica Formula landar mjukt och s\u00f6tt p\u00e5 tungan. Vaniljspetsarna p\u00e5 n\u00e4san sm\u00e4lter perfekt in i den mystiska sk\u00f6nheten i kryddor som ger liv till en s\u00e4llsynt och magisk harmoni.<\/p>\n<p>Hur kan vi inte f\u00f6rf\u00f6ras av den gamla komplexiteten av bittra apelsiner och dadlar, djupet av kakaob\u00f6nor och t\u00e4ckningsintensiteten hos saffran?<\/p>\n","protected":false},"excerpt":{"rendered":"<p>Vermouth Carpano &#8211; Italy Torino<\/p>\n","protected":false},"featured_media":18310,"template":"","meta":{"_acf_changed":false,"rs_blank_template":"","rs_page_bg_color":"","slide_template_v7":""},"product_brand":[],"product_cat":[2765,2774],"product_tag":[],"class_list":{"0":"post-21632","1":"product","2":"type-product","3":"status-publish","4":"has-post-thumbnail","6":"product_cat-hedvin-sv","7":"product_cat-vermouth-sv","8":"pa_land-italien-sv","9":"pa_procent-16-5-sv","10":"pa_producent-fratelli-branca-sv","11":"pa_region-turin-sv","12":"pa_serveringstemperatur-10-18-sv","13":"pa_volume-100-sv","15":"first","16":"instock","17":"taxable","18":"shipping-taxable","19":"purchasable","20":"product-type-simple"},"bundled_by":[],"bundle_stock_status":"instock","bundle_stock_quantity":null,"bundle_virtual":false,"bundle_layout":"","bundle_add_to_cart_form_location":"","bundle_editable_in_cart":false,"bundle_sold_individually_context":"","bundle_item_grouping":"","bundle_min_size":"","bundle_max_size":"","bundle_price":[],"bundled_items":[],"bundle_sell_ids":[],"acf":[],"_links":{"self":[{"href":"https:\/\/www.raschvin.com\/sv\/wp-json\/wp\/v2\/product\/21632","targetHints":{"allow":["GET"]}}],"collection":[{"href":"https:\/\/www.raschvin.com\/sv\/wp-json\/wp\/v2\/product"}],"about":[{"href":"https:\/\/www.raschvin.com\/sv\/wp-json\/wp\/v2\/types\/product"}],"wp:featuredmedia":[{"embeddable":true,"href":"https:\/\/www.raschvin.com\/sv\/wp-json\/wp\/v2\/media\/18310"}],"wp:attachment":[{"href":"https:\/\/www.raschvin.com\/sv\/wp-json\/wp\/v2\/media?parent=21632"}],"wp:term":[{"taxonomy":"product_brand","embeddable":true,"href":"https:\/\/www.raschvin.com\/sv\/wp-json\/wp\/v2\/product_brand?post=21632"},{"taxonomy":"product_cat","embeddable":true,"href":"https:\/\/www.raschvin.com\/sv\/wp-json\/wp\/v2\/product_cat?post=21632"},{"taxonomy":"product_tag","embeddable":true,"href":"https:\/\/www.raschvin.com\/sv\/wp-json\/wp\/v2\/product_tag?post=21632"}],"curies":[{"name":"wp","href":"https:\/\/api.w.org\/{rel}","templated":true}]}}