{"id":21611,"date":"2022-06-16T13:18:56","date_gmt":"2022-06-16T11:18:56","guid":{"rendered":"https:\/\/www.raschvin.com\/vare\/shiraz-mouvedre-2018\/"},"modified":"2025-11-14T08:38:07","modified_gmt":"2025-11-14T07:38:07","slug":"shiraz-mouvedre-2018","status":"publish","type":"product","link":"https:\/\/www.raschvin.com\/sv\/produkt\/shiraz-mouvedre-2018\/","title":{"rendered":"Percheron &#8211; Shiraz-Mourvedre 75 cl."},"content":{"rendered":"<p>Mjukt och runt vin med m\u00f6rka b\u00e4r, chokladnoter och kryddor. Detta \u00e4r ett vin\u00f6st (14,5%) vin, och den kraftfulla karakt\u00e4ren och de solmogna m\u00f6rka frukterna ger vinet en l\u00e5ng och fyllig eftersmak.<\/p>\n<p>Boutinot \u00e4r ett internationellt vinf\u00f6retag som arbetar med mer \u00e4n 150 ving\u00e5rdar runt om i v\u00e4rlden. De producerar ocks\u00e5 ett stort antal viner sj\u00e4lva i n\u00e4ra samarbete med vinproducenter i Frankrike, Italien och Sydafrika. Det \u00e4r fr\u00e5n det senare landet som Percheron produceras. Druvorna plockas fr\u00e5n mer \u00e4n 80 \u00e5r gamla vinstockar i trendiga Swartland. Namn och etikett \u00e4r en hyllning till den stora tunga arbetsh\u00e4sten av Percheron-rasen, som anv\u00e4ndes i ving\u00e5rdarna innan traktorerna kom till. Percheron \u00e4r ett vin som den engelska vinjournalisten Jancis Robertson har listat bland sina &#8221;mest prisv\u00e4rda viner&#8221;. Hon till\u00e4gger att vinet levererar mycket mer \u00e4n vad man kan f\u00f6rv\u00e4nta sig av priset (massiv \u00f6verleverans till priset). Detta har lett till h\u00f6g efterfr\u00e5gan p\u00e5 vin i England och d\u00e4rf\u00f6r tilldelas vi endast mycket begr\u00e4nsade kvantiteter. \u00c4ven om producenten s\u00e4ger att vinet produceras p\u00e5 70% Shiraz och 30% Mourv\u00e8dre, j\u00e4ses lite Viognier-druva tillsammans med Shiraz innan den slutliga blandningen med Mourv\u00e8dre. Mjukt och runt vin med m\u00f6rka b\u00e4r, chokladnoter och kryddor. Detta \u00e4r ett vin\u00f6st (14,5%) vin, och den kraftfulla karakt\u00e4ren och de solmogna m\u00f6rka frukterna ger vinet en l\u00e5ng och fyllig eftersmak.<\/p>\n","protected":false},"excerpt":{"rendered":"<p>Western Cape &#8211; South Africa<\/p>\n","protected":false},"featured_media":18150,"template":"","meta":{"_acf_changed":false,"rs_blank_template":"","rs_page_bg_color":"","slide_template_v7":""},"product_brand":[],"product_cat":[2788,2798],"product_tag":[],"class_list":{"0":"post-21611","1":"product","2":"type-product","3":"status-publish","4":"has-post-thumbnail","6":"product_cat-vin-sv","7":"product_cat-roedvin-sv","8":"pa_drue-mourvedre-sv","9":"pa_drue-shiraz-sv","10":"pa_land-sydafrika-sv","11":"pa_procent-14-5-sv","12":"pa_producent-percheron-sv","13":"pa_region-western-cape-sv","14":"pa_serveringstemperatur-16-19-sv","15":"pa_volume-75-sv","17":"first","18":"instock","19":"taxable","20":"shipping-taxable","21":"purchasable","22":"product-type-simple"},"bundled_by":[],"bundle_stock_status":"instock","bundle_stock_quantity":null,"bundle_virtual":false,"bundle_layout":"","bundle_add_to_cart_form_location":"","bundle_editable_in_cart":false,"bundle_sold_individually_context":"","bundle_item_grouping":"","bundle_min_size":"","bundle_max_size":"","bundle_price":[],"bundled_items":[],"bundle_sell_ids":[],"acf":[],"_links":{"self":[{"href":"https:\/\/www.raschvin.com\/sv\/wp-json\/wp\/v2\/product\/21611","targetHints":{"allow":["GET"]}}],"collection":[{"href":"https:\/\/www.raschvin.com\/sv\/wp-json\/wp\/v2\/product"}],"about":[{"href":"https:\/\/www.raschvin.com\/sv\/wp-json\/wp\/v2\/types\/product"}],"wp:featuredmedia":[{"embeddable":true,"href":"https:\/\/www.raschvin.com\/sv\/wp-json\/wp\/v2\/media\/18150"}],"wp:attachment":[{"href":"https:\/\/www.raschvin.com\/sv\/wp-json\/wp\/v2\/media?parent=21611"}],"wp:term":[{"taxonomy":"product_brand","embeddable":true,"href":"https:\/\/www.raschvin.com\/sv\/wp-json\/wp\/v2\/product_brand?post=21611"},{"taxonomy":"product_cat","embeddable":true,"href":"https:\/\/www.raschvin.com\/sv\/wp-json\/wp\/v2\/product_cat?post=21611"},{"taxonomy":"product_tag","embeddable":true,"href":"https:\/\/www.raschvin.com\/sv\/wp-json\/wp\/v2\/product_tag?post=21611"}],"curies":[{"name":"wp","href":"https:\/\/api.w.org\/{rel}","templated":true}]}}