{"id":21591,"date":"2022-06-16T13:50:17","date_gmt":"2022-06-16T11:50:17","guid":{"rendered":"https:\/\/www.raschvin.com\/vare\/chateau-ste-michelle\/"},"modified":"2026-01-21T16:58:53","modified_gmt":"2026-01-21T15:58:53","slug":"chateau-ste-michelle","status":"publish","type":"product","link":"https:\/\/www.raschvin.com\/sv\/produkt\/chateau-ste-michelle\/","title":{"rendered":"Chateau Ste. Michelle &#8211; Chardonnay Indian Wells 2021 75 cl."},"content":{"rendered":"<p>Indian Wells Chardonnay \u00e4r ett inferno av tropiska och exotiska frukter p\u00e5 flaska. Vitt vin som \u00e4r fylligt, n\u00e4stan lite fett, sammetslenmjukt och behagligt med en fin och charmig fruktsmak av ananas och mango och lite gr\u00e4ddkaramell, vilket ofta k\u00e4nnetecknar fat\u00e5ldrad Chardonnay. Perfekt f\u00f6r skaldjursallad och grillad, l\u00e4tt fisk, kr\u00e4mig ost och kejsarsallad. Vinet \u00e5ldras &#8221;sur lie&#8221;, ett s\u00e4tt att ge s\u00e4rskilt vita viner mer komplexitet, fyllighet och fetma genom att l\u00e4mna vinet p\u00e5 sedimentet, \u00e4ven kallat b\u00e4ret.<\/p>\n<p>Vinisering: 8 mrds. fatlagring &#8221;sur lie&#8221; p\u00e5 fransk och amerikansk ek.<br \/>\nSmakanm\u00e4rkningar:<br \/>\nFyldig och sammetslen med en charmig fruktsmak<br \/>\nananas och mango och lite gr\u00e4ddkaramell.<br \/>\nRekommenderas f\u00f6r:<br \/>\nOljig fisk, l\u00e4tt fj\u00e4derf\u00e4, vegetariska r\u00e4tter, skaldjur, grill och<br \/>\nutegrill<\/p>\n","protected":false},"excerpt":{"rendered":"<p>Washington State (USA)<\/p>\n","protected":false},"featured_media":32375,"template":"","meta":{"_acf_changed":false,"rs_blank_template":"","rs_page_bg_color":"","slide_template_v7":""},"product_brand":[],"product_cat":[2788,2792],"product_tag":[],"class_list":{"0":"post-21591","1":"product","2":"type-product","3":"status-publish","4":"has-post-thumbnail","6":"product_cat-vin-sv","7":"product_cat-vitt-vin","8":"pa_aargang-2021-sv","9":"pa_drue-chardonnay-sv","10":"pa_land-usa-sv","11":"pa_procent-14-sv","12":"pa_producent-chateau-ste-michelle-sv","13":"pa_region-washington-state-sv","14":"pa_serveringstemperatur-14-16-sv","15":"pa_volume-75-sv","17":"first","18":"instock","19":"taxable","20":"shipping-taxable","21":"purchasable","22":"product-type-simple"},"bundled_by":["119644","120057"],"bundle_stock_status":"instock","bundle_stock_quantity":null,"bundle_virtual":false,"bundle_layout":"","bundle_add_to_cart_form_location":"","bundle_editable_in_cart":false,"bundle_sold_individually_context":"","bundle_item_grouping":"","bundle_min_size":"","bundle_max_size":"","bundle_price":[],"bundled_items":[],"bundle_sell_ids":[],"acf":[],"_links":{"self":[{"href":"https:\/\/www.raschvin.com\/sv\/wp-json\/wp\/v2\/product\/21591","targetHints":{"allow":["GET"]}}],"collection":[{"href":"https:\/\/www.raschvin.com\/sv\/wp-json\/wp\/v2\/product"}],"about":[{"href":"https:\/\/www.raschvin.com\/sv\/wp-json\/wp\/v2\/types\/product"}],"wp:featuredmedia":[{"embeddable":true,"href":"https:\/\/www.raschvin.com\/sv\/wp-json\/wp\/v2\/media\/32375"}],"wp:attachment":[{"href":"https:\/\/www.raschvin.com\/sv\/wp-json\/wp\/v2\/media?parent=21591"}],"wp:term":[{"taxonomy":"product_brand","embeddable":true,"href":"https:\/\/www.raschvin.com\/sv\/wp-json\/wp\/v2\/product_brand?post=21591"},{"taxonomy":"product_cat","embeddable":true,"href":"https:\/\/www.raschvin.com\/sv\/wp-json\/wp\/v2\/product_cat?post=21591"},{"taxonomy":"product_tag","embeddable":true,"href":"https:\/\/www.raschvin.com\/sv\/wp-json\/wp\/v2\/product_tag?post=21591"}],"curies":[{"name":"wp","href":"https:\/\/api.w.org\/{rel}","templated":true}]}}