{"id":21587,"date":"2022-06-16T13:50:17","date_gmt":"2022-06-16T11:50:17","guid":{"rendered":"https:\/\/www.raschvin.com\/vare\/warres-port-5\/"},"modified":"2022-12-13T09:55:03","modified_gmt":"2022-12-13T08:55:03","slug":"warres-port-5","status":"publish","type":"product","link":"https:\/\/www.raschvin.com\/sv\/produkt\/warres-port-5\/","title":{"rendered":"Warre&#8217;s Port &#8211; Otima 20 Year Old Tawny 50 cl."},"content":{"rendered":"<p>Otima \u00e4r ett nytt t\u00e4nkande inom portvin, och redan den vackra och annorlunda flaskans typ signalerar att de vill avskaffa de lite stereotypa f\u00f6rest\u00e4llningarna om portvin. Den klara flaskan ger inneh\u00e5llet en inbjudande, n\u00e4stan kopparliknande transparent f\u00e4rg. Om du serverar den lite kyld f\u00e5r du en delikat och fr\u00e4sch njutning. J\u00e4sningsprocessen har p\u00e5g\u00e5tt i 48 timmar och har exklusivt \u00e4gt rum med anv\u00e4ndning av naturligt f\u00f6rekommande j\u00e4stceller, och j\u00e4sning har stoppats genom tillsats av 77% ren druvalkohol i f\u00f6rh\u00e5llandet en till fyra. S\u00e5ledes bevaras en stor del av det naturliga restsockerinneh\u00e5llet. \u00c5ldersindikationen \u00e4r 20 \u00e5r, vilket inneb\u00e4r att den genomsnittliga lagringen av olika \u00e5rg\u00e5ngar ger en stil som en 20-\u00e5rig Tawny, och den faktiska lagringen sker p\u00e5 ekfat (r\u00f6r) i k\u00e4llarna i Vila Nova de Gaia. M\u00f6rk, guldbrun (gulbrun) f\u00e4rg med lite r\u00f6kiga nyanser med en mjuk smak av valn\u00f6tter och torkad frukt. Den medf\u00f6dda s\u00f6theten blir aldrig \u00e4cklig, men k\u00e4nns fyllig och mycket k\u00e4nslig.<\/p>\n<p>Vinisering:<br \/>\nJ\u00e4sning stoppades efter 48 timmar genom att l\u00e4gga till 77%<br \/>\ndruvalkohol. Lagras exklusivt i ekfat.<br \/>\nSmakanm\u00e4rkningar:<br \/>\nL\u00e4tt r\u00f6kiga toner med en mjuk smak av valn\u00f6tter och<br \/>\ntorkad frukt samt en fyllig och delikat s\u00f6tma.<br \/>\nRekommenderas f\u00f6r: Dessert, ost<\/p>\n<p>Int. Vin &#038; spritguld<br \/>\nDin Vin Guide 91 Point<br \/>\nWine Spectator 93 Point<br \/>\nParkers Wine Advocate 90 Point<br \/>\nVinjustering 91 punkt<\/p>\n","protected":false},"excerpt":{"rendered":"<p>Douro Valley Port<\/p>\n","protected":false},"featured_media":18005,"template":"","meta":{"_acf_changed":false,"rs_blank_template":"","rs_page_bg_color":"","slide_template_v7":""},"product_brand":[],"product_cat":[4734,2765,2772],"product_tag":[],"class_list":{"0":"post-21587","1":"product","2":"type-product","3":"status-publish","4":"has-post-thumbnail","6":"product_cat-aged-tawny-sv","7":"product_cat-hedvin-sv","8":"product_cat-hamn","9":"pa_drue-tinta-barroca-sv","10":"pa_drue-tinta-roriz-sv","11":"pa_drue-tinto-cao-sv","12":"pa_drue-touriga-franca-sv","13":"pa_drue-touriga-nacional-sv","14":"pa_land-portugal-sv","15":"pa_procent-20-sv","16":"pa_producent-warres-sv","17":"pa_region-douro-sv","18":"pa_serveringstemperatur-16-18-sv","19":"pa_volume-50-sv","21":"first","22":"instock","23":"sale","24":"taxable","25":"shipping-taxable","26":"purchasable","27":"product-type-simple"},"bundled_by":[],"bundle_stock_status":"instock","bundle_stock_quantity":null,"bundle_virtual":false,"bundle_layout":"","bundle_add_to_cart_form_location":"","bundle_editable_in_cart":false,"bundle_sold_individually_context":"","bundle_item_grouping":"","bundle_min_size":"","bundle_max_size":"","bundle_price":[],"bundled_items":[],"bundle_sell_ids":[],"acf":[],"_links":{"self":[{"href":"https:\/\/www.raschvin.com\/sv\/wp-json\/wp\/v2\/product\/21587","targetHints":{"allow":["GET"]}}],"collection":[{"href":"https:\/\/www.raschvin.com\/sv\/wp-json\/wp\/v2\/product"}],"about":[{"href":"https:\/\/www.raschvin.com\/sv\/wp-json\/wp\/v2\/types\/product"}],"wp:featuredmedia":[{"embeddable":true,"href":"https:\/\/www.raschvin.com\/sv\/wp-json\/wp\/v2\/media\/18005"}],"wp:attachment":[{"href":"https:\/\/www.raschvin.com\/sv\/wp-json\/wp\/v2\/media?parent=21587"}],"wp:term":[{"taxonomy":"product_brand","embeddable":true,"href":"https:\/\/www.raschvin.com\/sv\/wp-json\/wp\/v2\/product_brand?post=21587"},{"taxonomy":"product_cat","embeddable":true,"href":"https:\/\/www.raschvin.com\/sv\/wp-json\/wp\/v2\/product_cat?post=21587"},{"taxonomy":"product_tag","embeddable":true,"href":"https:\/\/www.raschvin.com\/sv\/wp-json\/wp\/v2\/product_tag?post=21587"}],"curies":[{"name":"wp","href":"https:\/\/api.w.org\/{rel}","templated":true}]}}