{"id":21585,"date":"2022-06-16T13:50:17","date_gmt":"2022-06-16T11:50:17","guid":{"rendered":"https:\/\/www.raschvin.com\/vare\/warres-port-3\/"},"modified":"2022-12-13T09:50:55","modified_gmt":"2022-12-13T08:50:55","slug":"warres-port-3","status":"publish","type":"product","link":"https:\/\/www.raschvin.com\/sv\/produkt\/warres-port-3\/","title":{"rendered":"Warre&#8217;s Port &#8211; Otima 10 Year Old Tawny 50 cl."},"content":{"rendered":"<p>Otima \u00e4r ett nytt t\u00e4nkande inom portvin, och redan den vackra och annorlunda flaskans typ signalerar att de vill avskaffa de lite stereotypa f\u00f6rest\u00e4llningarna om portvin. Den klara flaskan g\u00f6r att inneh\u00e5llet ser ut som flytande b\u00e4rnsten och om du serverar det l\u00e4tt kyld f\u00e5r du en fr\u00e4sch och uts\u00f6kt njutning med smak av mandariner, str\u00f6socker, aprikoser och n\u00f6tter. J\u00e4sningsprocessen har p\u00e5g\u00e5tt i 48 timmar och har exklusivt \u00e4gt rum med anv\u00e4ndning av de naturligt f\u00f6rekommande j\u00e4stcellerna och j\u00e4sning stoppas genom tillsats av 77% ren druvalkohol i f\u00f6rh\u00e5llandet en till fyra. S\u00e5ledes bevaras en stor del av det naturliga restsockerinneh\u00e5llet. \u00c5ldersindikationen \u00e4r 10 \u00e5r, vilket inneb\u00e4r att den genomsnittliga lagringen av olika \u00e5rg\u00e5ngar ger en stil som en 10-\u00e5rig Tawny, och den faktiska lagringen g\u00f6rs p\u00e5 ekfat (r\u00f6r) i k\u00e4llarna i Vila Nova de Gaia. Guldbrun (gulbrun) f\u00e4rg och en god doft av torkad frukt och valn\u00f6tter. Smaken \u00e4r n\u00e4stan kr\u00e4mig men \u00e4nd\u00e5 fr\u00e4sch med nyanser av n\u00f6tter och str\u00f6socker.<\/p>\n<p>Vinisering:<br \/>\nJ\u00e4sning stoppades efter 48 timmar genom att l\u00e4gga till 77%<br \/>\ndruvalkohol. Lagras exklusivt i ekfat.<br \/>\nSmakanm\u00e4rkningar:<br \/>\nBukett av mogen frukt med en fin k\u00e4nslig och mjuk<br \/>\nsmak med nyanser av n\u00f6tter, mandariner och aprikoser.<br \/>\nRekommenderas f\u00f6r: Dessert, ost<\/p>\n<p>Decanter Wine Awards Gold<br \/>\nInternational Wine Challenge Gold<br \/>\nKaraff 93-punkt<br \/>\nParkers Wine Advocate 93 Point<br \/>\nWine Spectator 91 Point<\/p>\n","protected":false},"excerpt":{"rendered":"<p>Douro Valley Port<\/p>\n","protected":false},"featured_media":17979,"template":"","meta":{"_acf_changed":false,"rs_blank_template":"","rs_page_bg_color":"","slide_template_v7":""},"product_brand":[],"product_cat":[4734,2765,2772],"product_tag":[],"class_list":{"0":"post-21585","1":"product","2":"type-product","3":"status-publish","4":"has-post-thumbnail","6":"product_cat-aged-tawny-sv","7":"product_cat-hedvin-sv","8":"product_cat-hamn","9":"pa_drue-tinta-barroca-sv","10":"pa_drue-tinta-roriz-sv","11":"pa_drue-tinto-cao-sv","12":"pa_drue-touriga-franca-sv","13":"pa_drue-touriga-nacional-sv","14":"pa_land-portugal-sv","15":"pa_procent-20-sv","16":"pa_producent-warres-sv","17":"pa_region-douro-sv","18":"pa_serveringstemperatur-16-18-sv","19":"pa_volume-50-sv","21":"first","22":"instock","23":"sale","24":"taxable","25":"shipping-taxable","26":"purchasable","27":"product-type-simple"},"bundled_by":[],"bundle_stock_status":"instock","bundle_stock_quantity":null,"bundle_virtual":false,"bundle_layout":"","bundle_add_to_cart_form_location":"","bundle_editable_in_cart":false,"bundle_sold_individually_context":"","bundle_item_grouping":"","bundle_min_size":"","bundle_max_size":"","bundle_price":[],"bundled_items":[],"bundle_sell_ids":[],"acf":[],"_links":{"self":[{"href":"https:\/\/www.raschvin.com\/sv\/wp-json\/wp\/v2\/product\/21585","targetHints":{"allow":["GET"]}}],"collection":[{"href":"https:\/\/www.raschvin.com\/sv\/wp-json\/wp\/v2\/product"}],"about":[{"href":"https:\/\/www.raschvin.com\/sv\/wp-json\/wp\/v2\/types\/product"}],"wp:featuredmedia":[{"embeddable":true,"href":"https:\/\/www.raschvin.com\/sv\/wp-json\/wp\/v2\/media\/17979"}],"wp:attachment":[{"href":"https:\/\/www.raschvin.com\/sv\/wp-json\/wp\/v2\/media?parent=21585"}],"wp:term":[{"taxonomy":"product_brand","embeddable":true,"href":"https:\/\/www.raschvin.com\/sv\/wp-json\/wp\/v2\/product_brand?post=21585"},{"taxonomy":"product_cat","embeddable":true,"href":"https:\/\/www.raschvin.com\/sv\/wp-json\/wp\/v2\/product_cat?post=21585"},{"taxonomy":"product_tag","embeddable":true,"href":"https:\/\/www.raschvin.com\/sv\/wp-json\/wp\/v2\/product_tag?post=21585"}],"curies":[{"name":"wp","href":"https:\/\/api.w.org\/{rel}","templated":true}]}}