{"id":21584,"date":"2024-12-10T11:02:17","date_gmt":"2024-12-10T10:02:17","guid":{"rendered":"https:\/\/www.raschvin.com\/vare\/warres-port-2\/"},"modified":"2024-12-10T11:04:12","modified_gmt":"2024-12-10T10:04:12","slug":"warres-port-2","status":"publish","type":"product","link":"https:\/\/www.raschvin.com\/sv\/produkt\/warres-port-2\/","title":{"rendered":"Warre&#8217;s Port &#8211; Late Bottled Vintage 2010 (LBV) 75 cl."},"content":{"rendered":"<p>Warres LBV liknar Vintage Port, vin fr\u00e5n ett enda \u00e5r, men till skillnad fr\u00e5n Vintage Port mognar Late Bottled Vintage l\u00e4ngre p\u00e5 fat, n\u00e4mligen 4 \u00e5r. Den extra tid den har f\u00e5tt p\u00e5 tallriken j\u00e4mf\u00f6rt med en Vintage g\u00f6r den mjukare och mer tillg\u00e4nglig i en yngre \u00e5lder. Efter den faktiska \u00e5ldringen lagras Warres LBV i minst 4 \u00e5r i flaska efter tappning, vilket sker utan filtrering och klarg\u00f6rande, och f\u00f6rst sl\u00e4pps den till f\u00f6rs\u00e4ljning &#8211; detta \u00e4r den ursprungliga LBV-metoden, som idag skiljer Warres LBV fr\u00e5n andra portvinstillverkare. f\u00f6rmedlat mycket mer komplexitet och smak. J\u00e4sningsprocessen har p\u00e5g\u00e5tt i 48 timmar och har exklusivt \u00e4gt rum med anv\u00e4ndning av naturligt f\u00f6rekommande j\u00e4stceller, och j\u00e4sning har stoppats genom tillsats av 77% ren druvalkohol i f\u00f6rh\u00e5llandet en till fyra. S\u00e5ledes bevaras en stor del av det naturliga restsockerinneh\u00e5llet. Den efterf\u00f6ljande lagringen i ekfat har \u00e4gt rum i Vila Nova de Gaia. Warres LBV \u00e4r oj\u00e4mf\u00f6rligt den LBV som genom \u00e5ren har vunnit flest guldmedaljer vid olika blindprovningar. P\u00e5 bara de senaste tio \u00e5ren har den vunnit 10 guldmedaljer, 2 trof\u00e9er och 20 silvermedaljer. Ingen annan LBV kommer n\u00e4ra denna prestation, varf\u00f6r den ocks\u00e5 kallas &#8221;V\u00e4rldens b\u00e4sta LBV&#8221;. F\u00e4rgen \u00e4r rubinr\u00f6d (rubin) och i n\u00e4san kan du k\u00e4nna buketten med m\u00f6rkr\u00f6da frukter och eukalyptus. Fina och mjuka tanniner och kryddiga nyanser med en l\u00e5ng, elegant finish.<\/p>\n<p>Namn: Warre \u00e4r familjenamnet p\u00e5 f\u00f6retagets grundare.<br \/>\nVinisering:<br \/>\nJ\u00e4sning stoppades efter 48 timmar genom att l\u00e4gga till 77%<br \/>\ndruvalkohol. Lagras exklusivt i ekfat.<br \/>\nSmakanm\u00e4rkningar:<br \/>\nSmickrande n\u00e4sa med en touch av violer och r\u00f6da frukter<br \/>\noch en elegant mjuk smak med kryddiga toner.<br \/>\nRekommenderas f\u00f6r: Dessert, ost<\/p>\n<p>Wine Spectator 95 po\u00e4ng<br \/>\nParkers Wine Advocate 93 Po\u00e4ng<br \/>\nVinentusiast 93 po\u00e4ng<br \/>\nKaraff GULD<br \/>\nKaraff 96 po\u00e4ng<\/p>\n","protected":false},"excerpt":{"rendered":"<p>Douro Valley Port <\/p>\n","protected":false},"featured_media":78022,"template":"","meta":{"_acf_changed":false,"rs_blank_template":"","rs_page_bg_color":"","slide_template_v7":""},"product_brand":[],"product_cat":[4743,2772,2765],"product_tag":[],"class_list":{"0":"post-21584","1":"product","2":"type-product","3":"status-publish","4":"has-post-thumbnail","6":"product_cat-late-bottle-vintage-port-lbv-sv","7":"product_cat-hamn","8":"product_cat-hedvin-sv","9":"pa_drue-tinta-barroca-sv","10":"pa_drue-tinta-roriz-sv","11":"pa_drue-tinto-cao-sv","12":"pa_drue-touriga-franca-sv","13":"pa_drue-touriga-nacional-sv","14":"pa_land-portugal-sv","15":"pa_procent-20-sv","16":"pa_producent-warres-sv","17":"pa_region-douro-sv","18":"pa_serveringstemperatur-16-18-sv","19":"pa_vintage-2010-sv","20":"pa_volume-75-sv","22":"first","23":"instock","24":"sale","25":"taxable","26":"shipping-taxable","27":"purchasable","28":"product-type-simple"},"bundled_by":[],"bundle_stock_status":"instock","bundle_stock_quantity":null,"bundle_virtual":false,"bundle_layout":"","bundle_add_to_cart_form_location":"","bundle_editable_in_cart":false,"bundle_sold_individually_context":"","bundle_item_grouping":"","bundle_min_size":"","bundle_max_size":"","bundle_price":[],"bundled_items":[],"bundle_sell_ids":[],"acf":[],"_links":{"self":[{"href":"https:\/\/www.raschvin.com\/sv\/wp-json\/wp\/v2\/product\/21584","targetHints":{"allow":["GET"]}}],"collection":[{"href":"https:\/\/www.raschvin.com\/sv\/wp-json\/wp\/v2\/product"}],"about":[{"href":"https:\/\/www.raschvin.com\/sv\/wp-json\/wp\/v2\/types\/product"}],"wp:featuredmedia":[{"embeddable":true,"href":"https:\/\/www.raschvin.com\/sv\/wp-json\/wp\/v2\/media\/78022"}],"wp:attachment":[{"href":"https:\/\/www.raschvin.com\/sv\/wp-json\/wp\/v2\/media?parent=21584"}],"wp:term":[{"taxonomy":"product_brand","embeddable":true,"href":"https:\/\/www.raschvin.com\/sv\/wp-json\/wp\/v2\/product_brand?post=21584"},{"taxonomy":"product_cat","embeddable":true,"href":"https:\/\/www.raschvin.com\/sv\/wp-json\/wp\/v2\/product_cat?post=21584"},{"taxonomy":"product_tag","embeddable":true,"href":"https:\/\/www.raschvin.com\/sv\/wp-json\/wp\/v2\/product_tag?post=21584"}],"curies":[{"name":"wp","href":"https:\/\/api.w.org\/{rel}","templated":true}]}}