{"id":21583,"date":"2024-12-10T10:58:17","date_gmt":"2024-12-10T09:58:17","guid":{"rendered":"https:\/\/www.raschvin.com\/vare\/warres-port\/"},"modified":"2024-12-10T11:00:00","modified_gmt":"2024-12-10T10:00:00","slug":"warres-port","status":"publish","type":"product","link":"https:\/\/www.raschvin.com\/sv\/produkt\/warres-port\/","title":{"rendered":"Warre&#8217;s Port &#8211; Quinta Da Cavadinha Vintage 2010 75 cl."},"content":{"rendered":"<p>Detta portvin har en utm\u00e4rkt djup rubinr\u00f6d f\u00e4rg. Mycket aromatisk och fr\u00e4sch n\u00e4sa, full av bj\u00f6rnb\u00e4r och frukt i kombination med doftande blommiga toner. P\u00e5 gommen finns en f\u00f6rf\u00f6risk smak av plommon och k\u00f6rsb\u00e4r.<\/p>\n<p>Warre&#8217;s grundades 1670 som den f\u00f6rsta brittiska portvinstillverkaren och<br \/>\nsedan dess har f\u00f6retaget varit en pionj\u00e4r och marknadsledare inom portvin. Du<br \/>\netablerat som de f\u00f6rsta egna vink\u00e4llarna i Villa Nova de Gaia, som en tydlig<br \/>\nbevis f\u00f6r att familjen Warre tidigt ins\u00e5g vikten av lagring f\u00f6r kvalitet<br \/>\nav bra portvin. Warre&#8217;s \u00e4gs idag av Symington-familjen, som har varit inblandade<br \/>\nmed handel med portvin oavbruten genom 13 generationer. Den dagliga ledningen fr\u00e5n<br \/>\nWinemaker f\u00f6r VD hanteras av familjen och ingen annan familj \u00e4ger<br \/>\ns\u00e5 m\u00e5nga &#8221;Premium&#8221; ving\u00e5rdar i Dourodalen. Warres \u00e4r det enda portvinhuset,<br \/>\nsom kan skriva &#8221;Royal Court Supplier&#8221; p\u00e5 etiketten.<\/p>\n","protected":false},"excerpt":{"rendered":"<p>Douro Valley Port<\/p>\n","protected":false},"featured_media":77980,"template":"","meta":{"_acf_changed":false,"rs_blank_template":"","rs_page_bg_color":"","slide_template_v7":""},"product_brand":[],"product_cat":[2765,2772,4749,4752],"product_tag":[],"class_list":{"0":"post-21583","1":"product","2":"type-product","3":"status-publish","4":"has-post-thumbnail","6":"product_cat-hedvin-sv","7":"product_cat-hamn","8":"product_cat-vintage-port-sv","9":"product_cat-vintage-port-single-quinta-sv","10":"pa_drue-tinta-barroca-sv","11":"pa_drue-tinta-roriz-sv","12":"pa_drue-tinto-cao-sv","13":"pa_drue-touriga-franca-sv","14":"pa_drue-touriga-nacional-sv","15":"pa_land-portugal-sv","16":"pa_procent-20-sv","17":"pa_producent-warres-sv","18":"pa_region-douro-sv","19":"pa_serveringstemperatur-16-18-sv","20":"pa_vintage-2010-sv","21":"pa_volume-75-sv","23":"first","24":"instock","25":"taxable","26":"shipping-taxable","27":"purchasable","28":"product-type-simple"},"bundled_by":[],"bundle_stock_status":"instock","bundle_stock_quantity":null,"bundle_virtual":false,"bundle_layout":"","bundle_add_to_cart_form_location":"","bundle_editable_in_cart":false,"bundle_sold_individually_context":"","bundle_item_grouping":"","bundle_min_size":"","bundle_max_size":"","bundle_price":[],"bundled_items":[],"bundle_sell_ids":[],"acf":[],"_links":{"self":[{"href":"https:\/\/www.raschvin.com\/sv\/wp-json\/wp\/v2\/product\/21583","targetHints":{"allow":["GET"]}}],"collection":[{"href":"https:\/\/www.raschvin.com\/sv\/wp-json\/wp\/v2\/product"}],"about":[{"href":"https:\/\/www.raschvin.com\/sv\/wp-json\/wp\/v2\/types\/product"}],"wp:featuredmedia":[{"embeddable":true,"href":"https:\/\/www.raschvin.com\/sv\/wp-json\/wp\/v2\/media\/77980"}],"wp:attachment":[{"href":"https:\/\/www.raschvin.com\/sv\/wp-json\/wp\/v2\/media?parent=21583"}],"wp:term":[{"taxonomy":"product_brand","embeddable":true,"href":"https:\/\/www.raschvin.com\/sv\/wp-json\/wp\/v2\/product_brand?post=21583"},{"taxonomy":"product_cat","embeddable":true,"href":"https:\/\/www.raschvin.com\/sv\/wp-json\/wp\/v2\/product_cat?post=21583"},{"taxonomy":"product_tag","embeddable":true,"href":"https:\/\/www.raschvin.com\/sv\/wp-json\/wp\/v2\/product_tag?post=21583"}],"curies":[{"name":"wp","href":"https:\/\/api.w.org\/{rel}","templated":true}]}}