{"id":21564,"date":"2025-02-20T16:27:45","date_gmt":"2025-02-20T15:27:45","guid":{"rendered":"https:\/\/www.raschvin.com\/vare\/woodstock-the-stocks-shiraz\/"},"modified":"2025-02-20T16:28:25","modified_gmt":"2025-02-20T15:28:25","slug":"woodstock-the-stocks-shiraz","status":"publish","type":"product","link":"https:\/\/www.raschvin.com\/sv\/produkt\/woodstock-the-stocks-shiraz\/","title":{"rendered":"Woodstock The Stocks Shiraz 2018 75 cl."},"content":{"rendered":"<p>The Stocks Shiraz \u00e4r Woodstocks flaggskepp med ett f\u00e4lt tillverkat av n\u00e4stan 120 \u00e5r gamla vinstockar fr\u00e5n mager, sandig mark.<\/p>\n<p>Veteranrankor som dessa producerar uppenbarligen mycket sm\u00e5 m\u00e4ngder druvor med h\u00f6g potens som i r\u00e4tta h\u00e4nder producerar vin i referensklassen.<\/p>\n<p>Vinerna tillverkas med hj\u00e4lp av den ber\u00f6mda Ben Glaetzer, som sedan 1999 har ansvaret f\u00f6r vinificeringen av Woodstocks bordsvin, medan Scott Collet ansvarar f\u00f6r lik\u00f6rvinerna. Inga bek\u00e4mpningsmedel anv\u00e4nds och all besk\u00e4rning g\u00f6rs f\u00f6r hand, vilket \u00e4r dyrt, men i geng\u00e4ld kan du smaka p\u00e5 de f\u00e4rdiga vinerna.<\/p>\n<p>The Stocks Shiraz \u00e4r ett m\u00f6rkt, \u00f6verd\u00e5digt vin med h\u00f6g koncentration och finmalt, tunna h\u00e4rledda tanniner fr\u00e5n 18 m\u00e5nader p\u00e5 ek av olika ursprung. M\u00f6rk bj\u00f6rnb\u00e4r blandas med lakrits, mynta, cigarrl\u00e5da och f\u00e4rskt rostat kaffe till en komplex, perfekt rundad n\u00e4ve av ett vin.<\/p>\n<p>Vinet kan &#8211; v\u00e4l syresatt &#8211; avnjutas nu tillsammans med de starka k\u00f6ttr\u00e4tterna, men The Stocks kommer ocks\u00e5 att kunna lagras l\u00e5ngt borta i k\u00e4llaren: 15 \u00e5r \u00e4r ingen \u00e5lder f\u00f6r ett vin p\u00e5 denna niv\u00e5.<\/p>\n<p>97 po\u00e4ng James Halliday Wine Companion<br \/>\n\u201dDen h\u00e4r enkla ving\u00e5rden planterades 1900, och f\u00f6r gott m\u00e5tt representerar detta fullkroppsvin \u00e5rg\u00e5ngens b\u00e4sta tunnor. T\u00e4t, djup crimson-lila; det visas en betydande ek nu, men det \u00e4r av god kvalitet, och jag tvivlar inte p\u00e5 att n\u00e4r vinet n\u00e4rmar sig mognad 24 kommer alla saftiga svarta frukter, lakrits och choklad att erk\u00e4nna att ek \u00e4r en del av ett komplext vin av h\u00f6gsta kvalitet. \u201d<\/p>\n","protected":false},"excerpt":{"rendered":"<p>McLaren Vale Australia<\/p>\n","protected":false},"featured_media":17862,"template":"","meta":{"_acf_changed":false,"rs_blank_template":"","rs_page_bg_color":"","slide_template_v7":""},"product_brand":[],"product_cat":[2788,2798,9194],"product_tag":[],"class_list":{"0":"post-21564","1":"product","2":"type-product","3":"status-publish","4":"has-post-thumbnail","6":"product_cat-vin-sv","7":"product_cat-roedvin-sv","8":"product_cat-australiskt-rodvin","9":"pa_aargang-2018-sv","10":"pa_drue-shiraz-syrah-sv","11":"pa_land-australien-sv","12":"pa_procent-15-5-sv","13":"pa_producent-woodstock-sv","14":"pa_region-mclaren-vale-sv","15":"pa_serveringstemperatur-14-17-sv","16":"pa_volume-75-sv","18":"first","19":"instock","20":"taxable","21":"shipping-taxable","22":"purchasable","23":"product-type-simple"},"bundled_by":[],"bundle_stock_status":"instock","bundle_stock_quantity":null,"bundle_virtual":false,"bundle_layout":"","bundle_add_to_cart_form_location":"","bundle_editable_in_cart":false,"bundle_sold_individually_context":"","bundle_item_grouping":"","bundle_min_size":"","bundle_max_size":"","bundle_price":[],"bundled_items":[],"bundle_sell_ids":[],"acf":[],"_links":{"self":[{"href":"https:\/\/www.raschvin.com\/sv\/wp-json\/wp\/v2\/product\/21564","targetHints":{"allow":["GET"]}}],"collection":[{"href":"https:\/\/www.raschvin.com\/sv\/wp-json\/wp\/v2\/product"}],"about":[{"href":"https:\/\/www.raschvin.com\/sv\/wp-json\/wp\/v2\/types\/product"}],"wp:featuredmedia":[{"embeddable":true,"href":"https:\/\/www.raschvin.com\/sv\/wp-json\/wp\/v2\/media\/17862"}],"wp:attachment":[{"href":"https:\/\/www.raschvin.com\/sv\/wp-json\/wp\/v2\/media?parent=21564"}],"wp:term":[{"taxonomy":"product_brand","embeddable":true,"href":"https:\/\/www.raschvin.com\/sv\/wp-json\/wp\/v2\/product_brand?post=21564"},{"taxonomy":"product_cat","embeddable":true,"href":"https:\/\/www.raschvin.com\/sv\/wp-json\/wp\/v2\/product_cat?post=21564"},{"taxonomy":"product_tag","embeddable":true,"href":"https:\/\/www.raschvin.com\/sv\/wp-json\/wp\/v2\/product_tag?post=21564"}],"curies":[{"name":"wp","href":"https:\/\/api.w.org\/{rel}","templated":true}]}}