{"id":21563,"date":"2022-06-16T13:48:45","date_gmt":"2022-06-16T11:48:45","guid":{"rendered":"https:\/\/www.raschvin.com\/vare\/woodstock-collet-lane-cabernet-sauvignon\/"},"modified":"2025-12-16T21:07:15","modified_gmt":"2025-12-16T20:07:15","slug":"woodstock-collet-lane-cabernet-sauvignon","status":"publish","type":"product","link":"https:\/\/www.raschvin.com\/sv\/produkt\/woodstock-collet-lane-cabernet-sauvignon\/","title":{"rendered":"Woodstock Collett Lane Cabernet Sauvignon 2022 75 cl."},"content":{"rendered":"<p>Collet Lane \u00e4r Woodstocks toppmodell inom cabernet sauvignon.<\/p>\n<p>Druvorna f\u00f6r detta enf\u00e4ltsvin kommer fr\u00e5n Blewitt Springs i McLaren Vale, d\u00e4r vinden inte bara svalnar f\u00e4ltet utan ocks\u00e5 naturligt h\u00e5ller f\u00e4ltet fritt fr\u00e5n v\u00e4xtsjukdomar. Denna d\u00e4rav f\u00f6ljande l\u00e5ngsamma mognad ger god komplexitet via en f\u00f6rl\u00e4ngd v\u00e4xts\u00e4song. Slutligen f\u00e5r man inte tro att vi d\u00e4rf\u00f6r har att g\u00f6ra med ett delikat, feminint vin: detta \u00e4r cabernet f\u00f6r fullbl\u00e5st med koncentration, fyllighet och l\u00e4ckra tanniner fr\u00e5n 18 m\u00e5nader p\u00e5 ek, 300 liter &#8221;hogsheads&#8221;.<\/p>\n<p>Vinerna tillverkas med hj\u00e4lp av den ber\u00f6mda Ben Glaetzer, som sedan 1999 har ansvaret f\u00f6r vinningen av Woodstocks bordsvin, medan Scott Collet ansvarar f\u00f6r resten.<\/p>\n<p>Inga bek\u00e4mpningsmedel anv\u00e4nds och all besk\u00e4rning g\u00f6rs f\u00f6r hand, vilket \u00e4r dyrt, men i geng\u00e4ld kan du smaka p\u00e5 de f\u00e4rdiga vinerna.<\/p>\n<p>I doften f\u00e5r du &#8217;hela paketet&#8217; med stenfast solb\u00e4rskompott, h\u00e5rt pressad espresso, r\u00f6k och vanilj. Smaken har stor fyllighet och intensitet, d\u00e4r tanninerna bidrar till vinets struktur, men utan att torka ut vinet. Det finns gott om saftighet h\u00e4r och f\u00e4ltets l\u00e5ga inneh\u00e5ll av n\u00e4rings\u00e4mnen har, via l\u00e5ga utbyten, gett vinet b\u00e5de kraft och l\u00e4ngd.<\/p>\n<p>Nj\u00f6t av den fyrsk\u00e4rda k\u00f6ttr\u00e4tten, d\u00e4r det borde vara bra att ha en stekyta p\u00e5 k\u00f6ttet. Efter en grundlig syres\u00e4ttning \u00e4r detta redan ett underbart vin, men det finns ocks\u00e5 m\u00e5nga bra \u00e5r p\u00e5 v\u00e4gen kvar i vinet.<\/p>\n","protected":false},"excerpt":{"rendered":"<p>McLaren Vale Australia<\/p>\n","protected":false},"featured_media":110712,"template":"","meta":{"_acf_changed":false,"rs_blank_template":"","rs_page_bg_color":"","slide_template_v7":""},"product_brand":[],"product_cat":[2788,2798],"product_tag":[],"class_list":{"0":"post-21563","1":"product","2":"type-product","3":"status-publish","4":"has-post-thumbnail","6":"product_cat-vin-sv","7":"product_cat-roedvin-sv","8":"pa_aargang-2022-sv","9":"pa_drue-cabernet-sauvignon-sv","10":"pa_land-australien-sv","11":"pa_procent-14-5-sv","12":"pa_producent-woodstock-sv","13":"pa_region-mclaren-vale-sv","14":"pa_serveringstemperatur-14-17-sv","15":"pa_volume-75-sv","17":"first","18":"instock","19":"taxable","20":"shipping-taxable","21":"purchasable","22":"product-type-simple"},"bundled_by":[],"bundle_stock_status":"instock","bundle_stock_quantity":null,"bundle_virtual":false,"bundle_layout":"","bundle_add_to_cart_form_location":"","bundle_editable_in_cart":false,"bundle_sold_individually_context":"","bundle_item_grouping":"","bundle_min_size":"","bundle_max_size":"","bundle_price":[],"bundled_items":[],"bundle_sell_ids":[],"acf":[],"_links":{"self":[{"href":"https:\/\/www.raschvin.com\/sv\/wp-json\/wp\/v2\/product\/21563","targetHints":{"allow":["GET"]}}],"collection":[{"href":"https:\/\/www.raschvin.com\/sv\/wp-json\/wp\/v2\/product"}],"about":[{"href":"https:\/\/www.raschvin.com\/sv\/wp-json\/wp\/v2\/types\/product"}],"wp:featuredmedia":[{"embeddable":true,"href":"https:\/\/www.raschvin.com\/sv\/wp-json\/wp\/v2\/media\/110712"}],"wp:attachment":[{"href":"https:\/\/www.raschvin.com\/sv\/wp-json\/wp\/v2\/media?parent=21563"}],"wp:term":[{"taxonomy":"product_brand","embeddable":true,"href":"https:\/\/www.raschvin.com\/sv\/wp-json\/wp\/v2\/product_brand?post=21563"},{"taxonomy":"product_cat","embeddable":true,"href":"https:\/\/www.raschvin.com\/sv\/wp-json\/wp\/v2\/product_cat?post=21563"},{"taxonomy":"product_tag","embeddable":true,"href":"https:\/\/www.raschvin.com\/sv\/wp-json\/wp\/v2\/product_tag?post=21563"}],"curies":[{"name":"wp","href":"https:\/\/api.w.org\/{rel}","templated":true}]}}