{"id":21562,"date":"2022-06-16T13:48:45","date_gmt":"2022-06-16T11:48:45","guid":{"rendered":"https:\/\/www.raschvin.com\/vare\/woodstock-deep-sands-shiraz\/"},"modified":"2025-12-16T21:05:28","modified_gmt":"2025-12-16T20:05:28","slug":"woodstock-deep-sands-shiraz","status":"publish","type":"product","link":"https:\/\/www.raschvin.com\/sv\/produkt\/woodstock-deep-sands-shiraz\/","title":{"rendered":"Woodstock Deep Sands Shiraz 2022 75 cl."},"content":{"rendered":"<p>Deep Sands Shiraz fr\u00e5n familje\u00e4gda Woodstock i McLaren Vale \u00e4r en v\u00e4rdig exponent f\u00f6r denna h\u00f6gt uppskattade vinregion, men samtidigt ligger den l\u00e5ngt under omr\u00e5dets normalt ambiti\u00f6sa priser.<\/p>\n<p>Med v\u00e5ra f\u00e4rgade glas\u00f6gon tycker vi att det \u00e4r omr\u00e5dets b\u00e4sta vinpris \/ kvalitet.<\/p>\n<p>Lite s\u00f6der om Adelaide hittar vi McLaren Vale, d\u00e4r vinproduktionen g\u00e5r tillbaka n\u00e4stan 200 \u00e5r. Det \u00e4r h\u00e4r Woodstock h\u00f6r hemma; en familje\u00e4gt producent med en \u00e5rlig produktion p\u00e5 350 000 fl. f\u00f6rdelat p\u00e5 20 volymviner \u00e4r liten i en bransch d\u00e4r en handfull mastodoner \u00e4r marknadsdominerande.<\/p>\n<p>Denna shiraz odlas p\u00e5 sandjord fr\u00e5n sina egna vinstockar vid ving\u00e5rden och i Blewitt Springs, den yngsta fr\u00e5n 1980-talet. Vinet tillverkas av den k\u00e4nda Ben Glaetzer, som f\u00f6r att matcha druvans profil har valt att lagra vinet i ett \u00e5r p\u00e5 en blandning av rostfritt st\u00e5l och andra och tredje \u00e5rs ekfat.<\/p>\n<p>I den h\u00e4r tolkningen erbjuder Shiraz-druvan rika, m\u00f6rka b\u00e4r, plommon och lite kaffeb\u00f6nor och vanilj fr\u00e5n tunnlagret. Detta \u00e4r klassisk australisk shiraz med fullhet och koncentration men samtidigt utan skarpa kanter och i f\u00f6rh\u00f6jd balans.<\/p>\n<p>Woodstock Deep Sands Shiraz ett vin som \u00e4r l\u00e4tt att dricka och gilla; informella och bra som australierna sj\u00e4lva. Njut av vinet med r\u00f6tt k\u00f6tt eller lamm, oavsett om det \u00e4r stekt, br\u00e4serat eller grillat. En lyxburger \u00e4r ocks\u00e5 m\u00f6jlig.<\/p>\n<p>Enligt v\u00e5r \u00e5sikt, b\u00e4st avnjutas vid en serveringstemperatur p\u00e5 14-17 \u00b0.<br \/>\nVinet \u00e4r klart att dricka nu, men det kan ocks\u00e5 lagras ca. 10 \u00e5r fr\u00e5n h\u00f6st\u00e5ret.<\/p>\n","protected":false},"excerpt":{"rendered":"<p>McLaren Vale Australia<\/p>\n","protected":false},"featured_media":110624,"template":"","meta":{"_acf_changed":false,"rs_blank_template":"","rs_page_bg_color":"","slide_template_v7":""},"product_brand":[],"product_cat":[2788,2798],"product_tag":[],"class_list":{"0":"post-21562","1":"product","2":"type-product","3":"status-publish","4":"has-post-thumbnail","6":"product_cat-vin-sv","7":"product_cat-roedvin-sv","8":"pa_aargang-2022-sv","9":"pa_drue-shriaz-sv","10":"pa_land-australien-sv","11":"pa_procent-14-5-sv","12":"pa_producent-woodstock-sv","13":"pa_region-mclaren-vale-sv","14":"pa_serveringstemperatur-14-17-sv","15":"pa_volume-75-sv","17":"first","18":"instock","19":"taxable","20":"shipping-taxable","21":"purchasable","22":"product-type-simple"},"bundled_by":["119760","119841"],"bundle_stock_status":"instock","bundle_stock_quantity":null,"bundle_virtual":false,"bundle_layout":"","bundle_add_to_cart_form_location":"","bundle_editable_in_cart":false,"bundle_sold_individually_context":"","bundle_item_grouping":"","bundle_min_size":"","bundle_max_size":"","bundle_price":[],"bundled_items":[],"bundle_sell_ids":[],"acf":[],"_links":{"self":[{"href":"https:\/\/www.raschvin.com\/sv\/wp-json\/wp\/v2\/product\/21562","targetHints":{"allow":["GET"]}}],"collection":[{"href":"https:\/\/www.raschvin.com\/sv\/wp-json\/wp\/v2\/product"}],"about":[{"href":"https:\/\/www.raschvin.com\/sv\/wp-json\/wp\/v2\/types\/product"}],"wp:featuredmedia":[{"embeddable":true,"href":"https:\/\/www.raschvin.com\/sv\/wp-json\/wp\/v2\/media\/110624"}],"wp:attachment":[{"href":"https:\/\/www.raschvin.com\/sv\/wp-json\/wp\/v2\/media?parent=21562"}],"wp:term":[{"taxonomy":"product_brand","embeddable":true,"href":"https:\/\/www.raschvin.com\/sv\/wp-json\/wp\/v2\/product_brand?post=21562"},{"taxonomy":"product_cat","embeddable":true,"href":"https:\/\/www.raschvin.com\/sv\/wp-json\/wp\/v2\/product_cat?post=21562"},{"taxonomy":"product_tag","embeddable":true,"href":"https:\/\/www.raschvin.com\/sv\/wp-json\/wp\/v2\/product_tag?post=21562"}],"curies":[{"name":"wp","href":"https:\/\/api.w.org\/{rel}","templated":true}]}}