{"id":21555,"date":"2022-06-16T13:48:00","date_gmt":"2022-06-16T11:48:00","guid":{"rendered":"https:\/\/www.raschvin.com\/vare\/dom-potier-cava-2\/"},"modified":"2022-11-14T19:42:34","modified_gmt":"2022-11-14T18:42:34","slug":"dom-potier-cava-2","status":"publish","type":"product","link":"https:\/\/www.raschvin.com\/sv\/produkt\/dom-potier-cava-2\/","title":{"rendered":"Dom Potier &#8211; Cava Brut 75 cl."},"content":{"rendered":"<p>Denna cava odlas, vinificeras och lagras i &#8221;cava-huvudstaden&#8221; i Sant Sadurni d&#8217;Anoia, n\u00e4ra Barcelona, \u200b\u200bsom rymmer landets b\u00e4sta terroir f\u00f6r denna traditionella specialitet.<\/p>\n<p>Druvorna, som kommer fr\u00e5n de h\u00f6ga \u00e5krarna i Gonz\u00e1lez Byass &#8217;Finca Can Petit, \u00e4r klassikerna i omr\u00e5det med macabeo, parellada och xarel.lo med majoriteten av de tidigare i blandningen. Gemensamt f\u00f6r druvorna \u00e4r den fr\u00e4scha, skarpa signaturen, vilket \u00e4r viktigt f\u00f6r ett framg\u00e5ngsrikt mousserande vin.<\/p>\n<p>Efter avslutad andra j\u00e4sning i flaskan lagras vinerna ca. 12 m\u00e5nader f\u00f6re sl\u00e4pp. Denna lagringstid \u00e4r n\u00f6dv\u00e4ndig f\u00f6r aromatisk utveckling och komplexitet.<\/p>\n<p>Doften har element av citrus med blommiga undertoner och l\u00e4tt j\u00e4sta aromer. Smaken \u00e4r torr och fr\u00e4sch med fina och inte alltf\u00f6r \u00f6verv\u00e4ldigande bubblor med en l\u00e4tt rostat br\u00f6d med en frisk och ren eftersmak.<\/p>\n<p>Dom Potier Brut \u00e4r en extremt m\u00e5ngsidig cava som kan anv\u00e4ndas f\u00f6r mycket mer \u00e4n att rosta; det \u00e4r utm\u00e4rkt f\u00f6r m\u00e5nga variationer av tapas, skaldjur.<\/p>\n<p>Servera kyld men inte n\u00f6dv\u00e4ndigtvis helt kylsk\u00e5p.<\/p>\n","protected":false},"excerpt":{"rendered":"<p>Dry Spanish Sparkling Wine<\/p>\n","protected":false},"featured_media":17814,"template":"","meta":{"_acf_changed":false,"rs_blank_template":"","rs_page_bg_color":"","slide_template_v7":""},"product_brand":[],"product_cat":[2780,2776],"product_tag":[],"class_list":{"0":"post-21555","1":"product","2":"type-product","3":"status-publish","4":"has-post-thumbnail","6":"product_cat-cava-sv","7":"product_cat-mousserende-sv","8":"pa_champagne-type-brut-sv","9":"pa_drue-macabeo-sv","10":"pa_drue-parellada-sv","11":"pa_drue-xarel-lo-sv","12":"pa_land-spanien-sv","13":"pa_procent-12-5-sv","14":"pa_producent-gonzalez-byass-sv","15":"pa_region-catalonia-penedes-sv","16":"pa_serveringstemperatur-6-9-sv","17":"pa_volume-75-sv","19":"first","20":"instock","21":"taxable","22":"shipping-taxable","23":"purchasable","24":"product-type-simple"},"bundled_by":["119996"],"bundle_stock_status":"instock","bundle_stock_quantity":null,"bundle_virtual":false,"bundle_layout":"","bundle_add_to_cart_form_location":"","bundle_editable_in_cart":false,"bundle_sold_individually_context":"","bundle_item_grouping":"","bundle_min_size":"","bundle_max_size":"","bundle_price":[],"bundled_items":[],"bundle_sell_ids":[],"acf":[],"_links":{"self":[{"href":"https:\/\/www.raschvin.com\/sv\/wp-json\/wp\/v2\/product\/21555","targetHints":{"allow":["GET"]}}],"collection":[{"href":"https:\/\/www.raschvin.com\/sv\/wp-json\/wp\/v2\/product"}],"about":[{"href":"https:\/\/www.raschvin.com\/sv\/wp-json\/wp\/v2\/types\/product"}],"wp:featuredmedia":[{"embeddable":true,"href":"https:\/\/www.raschvin.com\/sv\/wp-json\/wp\/v2\/media\/17814"}],"wp:attachment":[{"href":"https:\/\/www.raschvin.com\/sv\/wp-json\/wp\/v2\/media?parent=21555"}],"wp:term":[{"taxonomy":"product_brand","embeddable":true,"href":"https:\/\/www.raschvin.com\/sv\/wp-json\/wp\/v2\/product_brand?post=21555"},{"taxonomy":"product_cat","embeddable":true,"href":"https:\/\/www.raschvin.com\/sv\/wp-json\/wp\/v2\/product_cat?post=21555"},{"taxonomy":"product_tag","embeddable":true,"href":"https:\/\/www.raschvin.com\/sv\/wp-json\/wp\/v2\/product_tag?post=21555"}],"curies":[{"name":"wp","href":"https:\/\/api.w.org\/{rel}","templated":true}]}}