{"id":21554,"date":"2022-06-16T13:48:00","date_gmt":"2022-06-16T11:48:00","guid":{"rendered":"https:\/\/www.raschvin.com\/vare\/dom-potier-cava\/"},"modified":"2022-11-14T19:41:31","modified_gmt":"2022-11-14T18:41:31","slug":"dom-potier-cava","status":"publish","type":"product","link":"https:\/\/www.raschvin.com\/sv\/produkt\/dom-potier-cava\/","title":{"rendered":"Dom Potier &#8211; Cava Demi Sec 75 cl."},"content":{"rendered":"<p>Denna cava odlas, vinificeras och lagras i &#8221;cava-huvudstaden&#8221; i Sant Sadurni d&#8217;Anoia, n\u00e4ra Barcelona, \u200b\u200bsom rymmer landets b\u00e4sta terroir f\u00f6r denna traditionella specialitet.<\/p>\n<p>Druvorna, som kommer fr\u00e5n de h\u00f6ga \u00e5krarna i Gonz\u00e1lez Byass &#8217;Finca Can Petit, \u00e4r klassikerna i omr\u00e5det med macabeo, parellada och xarel.lo med majoriteten av de tidigare i blandningen.<br \/>\nEfter avslutad andra j\u00e4sning i flaskan lagras vinerna ca. 12 m\u00e5nader f\u00f6re sl\u00e4pp. Denna lagringstid \u00e4r n\u00f6dv\u00e4ndig f\u00f6r aromatisk utveckling och komplexitet.<\/p>\n<p>Demi-sec betyder p\u00e5 &#8221;champagnespr\u00e5k&#8221; halvt s\u00f6tt, \u00e4ven om de flesta troligen kommer att tycka att vinet ligger n\u00e5gonstans mellan halvtorrt och halvt s\u00f6tt.<\/p>\n<p>Doften har element av citrus och lite r\u00f6d frukt med blommiga undertoner. Smaken har en l\u00e4tt s\u00f6tma med en fin fruktighet som h\u00e5lls i schack av en f\u00e4rsk syra. Bubblorna har den klassiska elegansen i den &#8221;traditionella metoden&#8221;.<\/p>\n<p>Dom Potier Cava Demi-Sec \u00e4r ett utm\u00e4rkt &#8221;toastvin&#8221; som ocks\u00e5 kan anv\u00e4ndas f\u00f6r ett brett utbud av r\u00e4tter, d\u00e4r du vill undvika en str\u00e4ngare stil med en cava brut.<\/p>\n<p>Serveras i n\u00e4rheten av kylsk\u00e5p.<\/p>\n","protected":false},"excerpt":{"rendered":"<p>Half-Dry Spanish Sparkling Wine<\/p>\n","protected":false},"featured_media":17810,"template":"","meta":{"_acf_changed":false,"rs_blank_template":"","rs_page_bg_color":"","slide_template_v7":""},"product_brand":[],"product_cat":[2776,2780],"product_tag":[],"class_list":{"0":"post-21554","1":"product","2":"type-product","3":"status-publish","4":"has-post-thumbnail","6":"product_cat-mousserende-sv","7":"product_cat-cava-sv","8":"pa_champagne-type-demi-sec-sv","9":"pa_drue-macabeo-sv","10":"pa_drue-parellada-sv","11":"pa_drue-xarel-lo-sv","12":"pa_land-spanien-sv","13":"pa_procent-11-5-sv","14":"pa_producent-gonzalez-byass-sv","15":"pa_region-catalonia-penedes-sv","16":"pa_serveringstemperatur-7-9-sv","17":"pa_volume-75-sv","19":"first","20":"instock","21":"taxable","22":"shipping-taxable","23":"purchasable","24":"product-type-simple"},"bundled_by":["119996"],"bundle_stock_status":"instock","bundle_stock_quantity":null,"bundle_virtual":false,"bundle_layout":"","bundle_add_to_cart_form_location":"","bundle_editable_in_cart":false,"bundle_sold_individually_context":"","bundle_item_grouping":"","bundle_min_size":"","bundle_max_size":"","bundle_price":[],"bundled_items":[],"bundle_sell_ids":[],"acf":[],"_links":{"self":[{"href":"https:\/\/www.raschvin.com\/sv\/wp-json\/wp\/v2\/product\/21554","targetHints":{"allow":["GET"]}}],"collection":[{"href":"https:\/\/www.raschvin.com\/sv\/wp-json\/wp\/v2\/product"}],"about":[{"href":"https:\/\/www.raschvin.com\/sv\/wp-json\/wp\/v2\/types\/product"}],"wp:featuredmedia":[{"embeddable":true,"href":"https:\/\/www.raschvin.com\/sv\/wp-json\/wp\/v2\/media\/17810"}],"wp:attachment":[{"href":"https:\/\/www.raschvin.com\/sv\/wp-json\/wp\/v2\/media?parent=21554"}],"wp:term":[{"taxonomy":"product_brand","embeddable":true,"href":"https:\/\/www.raschvin.com\/sv\/wp-json\/wp\/v2\/product_brand?post=21554"},{"taxonomy":"product_cat","embeddable":true,"href":"https:\/\/www.raschvin.com\/sv\/wp-json\/wp\/v2\/product_cat?post=21554"},{"taxonomy":"product_tag","embeddable":true,"href":"https:\/\/www.raschvin.com\/sv\/wp-json\/wp\/v2\/product_tag?post=21554"}],"curies":[{"name":"wp","href":"https:\/\/api.w.org\/{rel}","templated":true}]}}