{"id":21551,"date":"2022-06-16T13:48:00","date_gmt":"2022-06-16T11:48:00","guid":{"rendered":"https:\/\/www.raschvin.com\/vare\/la-copa-reserva\/"},"modified":"2022-11-22T16:35:57","modified_gmt":"2022-11-22T15:35:57","slug":"la-copa-reserva","status":"publish","type":"product","link":"https:\/\/www.raschvin.com\/sv\/produkt\/la-copa-reserva\/","title":{"rendered":"La Copa Reserva Vermouth 75 cl. 18%"},"content":{"rendered":"<p>La Copa Reserva \u00e4r l\u00e5nglagd vermouth i referensklassen, inget mindre.<\/p>\n<p>Vi kan tacka vikande sherryf\u00f6rs\u00e4ljning f\u00f6r skapandet, d\u00e5 Gonz\u00e1lez Byass \u2013 via sitt eget, gamla recept fr\u00e5n 1800-talet \u2013 har anv\u00e4nt lagret av b\u00e4ttre, v\u00e4llagrad olorososherry och lite pedro xim\u00e9nez. P\u00e5tvingad innovation ger s\u00e4llan n\u00e5got gott, men ett geni som detta b\u00f6r inte urs\u00e4ktas.<\/p>\n<p>Medan normal vermouth best\u00e5r av ett utsp\u00e4tt basvin som tills\u00e4tts ett alkoholextrakt av kryddor och \u00f6rter (eller \u00e4nnu v\u00e4rre: ett d\u00e5ligt extrakt), anv\u00e4nder la Copa Reserva endast f\u00f6rstklassiga ingredienser och ingen tillsatt alkohol. Man kan bara undra att priset f\u00f6r denna high end vermouth inte \u00e4r h\u00f6gre.<br \/>\nLa Copa Reserva blir vermouth genom ett extra \u00e5rs lagring i olorosofader av sherry med kryddnejlika, apelsin, kanel, muskotn\u00f6t, sar, kinesisk bark och en hint av mal\u00f6rt.<\/p>\n<p>Denna mahognyf\u00e4rgade vermouth erbjuder aromer av &#8221;varma&#8221; kryddor som smakfullt matchas med vinets djup, medan bitter apelsin, kinesisk bark och mal\u00f6rt ger den bittra kanten som ger sp\u00e4nst och h\u00e5ller sinnena och hj\u00e4rnan stimulerade. H\u00e4r finns stor intensitet men perfekt balans, d\u00e5 komplexiteten fr\u00e5n sherryn verkar intakt och en f\u00e4ngslande s\u00f6tma rundar av.<br \/>\nCirka tio \u00e5rs lagring fr\u00e5n druva till s\u00e4ljf\u00e4rdig vermouth f\u00f6rnekar sig inte&#8230;<\/p>\n<p>Njuts f\u00f6r omt\u00e4nksamma stunder, f\u00f6r hipstertr\u00e4ffar, s\u00e5 att du stilfullt kan njuta av utrymmet i solen.<\/p>\n<p>Serveras i den temperatur som b\u00e4st passar ens preferenser.<br \/>\nVi gillar det v\u00e4l kylt sj\u00e4lva \u2013 g\u00e4rna med isbitar och om m\u00f6jligt n\u00e5gra skivor blodapelsin. Och sj\u00e4lvklart kan det ocks\u00e5 optimera en negroni.<\/p>\n","protected":false},"excerpt":{"rendered":"<p>Gonzales Byass &#8211; Spain<\/p>\n","protected":false},"featured_media":30954,"template":"","meta":{"_acf_changed":false,"rs_blank_template":"","rs_page_bg_color":"","slide_template_v7":""},"product_brand":[],"product_cat":[2765,2774],"product_tag":[],"class_list":{"0":"post-21551","1":"product","2":"type-product","3":"status-publish","4":"has-post-thumbnail","6":"product_cat-hedvin-sv","7":"product_cat-vermouth-sv","8":"pa_drue-palomino-fino-sv","9":"pa_drue-pedro-ximenez-sv","10":"pa_land-spanien-sv","11":"pa_procent-18-sv","12":"pa_producent-gonzalez-byass-sv","13":"pa_region-jerez-sv","14":"pa_serveringstemperatur-10-12-sv-2","15":"pa_volume-75-sv","17":"first","18":"instock","19":"sale","20":"taxable","21":"shipping-taxable","22":"purchasable","23":"product-type-simple"},"bundled_by":[],"bundle_stock_status":"instock","bundle_stock_quantity":null,"bundle_virtual":false,"bundle_layout":"","bundle_add_to_cart_form_location":"","bundle_editable_in_cart":false,"bundle_sold_individually_context":"","bundle_item_grouping":"","bundle_min_size":"","bundle_max_size":"","bundle_price":[],"bundled_items":[],"bundle_sell_ids":[],"acf":[],"_links":{"self":[{"href":"https:\/\/www.raschvin.com\/sv\/wp-json\/wp\/v2\/product\/21551","targetHints":{"allow":["GET"]}}],"collection":[{"href":"https:\/\/www.raschvin.com\/sv\/wp-json\/wp\/v2\/product"}],"about":[{"href":"https:\/\/www.raschvin.com\/sv\/wp-json\/wp\/v2\/types\/product"}],"wp:featuredmedia":[{"embeddable":true,"href":"https:\/\/www.raschvin.com\/sv\/wp-json\/wp\/v2\/media\/30954"}],"wp:attachment":[{"href":"https:\/\/www.raschvin.com\/sv\/wp-json\/wp\/v2\/media?parent=21551"}],"wp:term":[{"taxonomy":"product_brand","embeddable":true,"href":"https:\/\/www.raschvin.com\/sv\/wp-json\/wp\/v2\/product_brand?post=21551"},{"taxonomy":"product_cat","embeddable":true,"href":"https:\/\/www.raschvin.com\/sv\/wp-json\/wp\/v2\/product_cat?post=21551"},{"taxonomy":"product_tag","embeddable":true,"href":"https:\/\/www.raschvin.com\/sv\/wp-json\/wp\/v2\/product_tag?post=21551"}],"curies":[{"name":"wp","href":"https:\/\/api.w.org\/{rel}","templated":true}]}}