{"id":21546,"date":"2022-06-16T13:47:13","date_gmt":"2022-06-16T11:47:13","guid":{"rendered":"https:\/\/www.raschvin.com\/vare\/quinta-da-valeira-3\/"},"modified":"2022-12-02T16:46:52","modified_gmt":"2022-12-02T15:46:52","slug":"quinta-da-valeira-3","status":"publish","type":"product","link":"https:\/\/www.raschvin.com\/sv\/produkt\/quinta-da-valeira-3\/","title":{"rendered":"Quinta da Valeira &#8211; Ros\u00e9 Port 50 cl. 19,5%"},"content":{"rendered":"<p>Detta portvin i ros\u00e9versionen \u00e4r en charm\u00f6r med portvinets s\u00f6ta profil och den uppfriskande, fruktiga drickbarheten hos ett ros\u00e9vin. Det kan avnjutas kylt p\u00e5 egen hand eller inkluderas som en ingrediens i en drink.<\/p>\n<p>Quinta da Valeira \u00e4r ett litet, familje\u00e4gt hus som p\u00e5 quinta med samma namn har n\u00e4stan 10 hektar ving\u00e5rdar i sm\u00f6rh\u00e5let mellan Cima Corgo och Douro Superior, n\u00e5gra km fr\u00e5n S\u00e3o Jo\u00e3o de Pesqueira. I 430-500 m.o.h. odlade en m\u00e4ngd olika klassiska portvinsdruvor p\u00e5 of\u00f6rg\u00e4ngliga, skifferkl\u00e4dda bergssidor.<\/p>\n<p>Quinta da Valeira ros\u00e9 har skapats p\u00e5 grundval av touriga nacional, touriga franca och den utm\u00e4rkta men s\u00e4llsynta sous\u00e3o. Druvorna fermenteras en kort stund med skinnen tills \u00f6nskad f\u00e4rg uppn\u00e5s, varefter musten och massan \/ skalen separeras. Fermenteringsmusten f\u00e5r sedan bubbla ytterligare innan fermenteringen stoppas med tillsats av druvsprit, vilket bevarar vinets naturliga s\u00f6tma.<\/p>\n<p>En kort \u00e5ldring i portvinssammanhang ger ett mycket fruktigt vin utan f\u00f6rvaringsaromer.<\/p>\n<p>Arom och smak domineras av r\u00f6da b\u00e4raromer med blommig verkan. Smaken \u00e4r mild och fr\u00e5nvaron av garvsyra och oxiderade aromer g\u00f6r detta portvin s\u00e4rskilt anv\u00e4ndarv\u00e4nligt till gl\u00e4dje f\u00f6r alla portvinsr\u00e4dda medborgare.<\/p>\n<p>Detta portvin inneh\u00e5ller 50 cl.<\/p>\n","protected":false},"excerpt":{"rendered":"<p>Douro Valley Port &#8211; Portugal<\/p>\n","protected":false},"featured_media":17751,"template":"","meta":{"_acf_changed":false,"rs_blank_template":"","rs_page_bg_color":"","slide_template_v7":""},"product_brand":[],"product_cat":[2772,6193,2765],"product_tag":[],"class_list":{"0":"post-21546","1":"product","2":"type-product","3":"status-publish","4":"has-post-thumbnail","6":"product_cat-hamn","7":"product_cat-rose-port-sv","8":"product_cat-hedvin-sv","9":"pa_drue-sousao-sv","10":"pa_drue-touriga-franca-sv","11":"pa_drue-touriga-nacional-sv","12":"pa_land-portugal-sv","13":"pa_procent-19-5-sv","14":"pa_producent-quinta-da-valeira-sv","15":"pa_region-cima-corgo-sv","16":"pa_region-douro-sv","17":"pa_serveringstemperatur-8-11-sv","18":"pa_volume-50-sv","20":"first","21":"instock","22":"taxable","23":"shipping-taxable","24":"purchasable","25":"product-type-simple"},"bundled_by":[],"bundle_stock_status":"instock","bundle_stock_quantity":null,"bundle_virtual":false,"bundle_layout":"","bundle_add_to_cart_form_location":"","bundle_editable_in_cart":false,"bundle_sold_individually_context":"","bundle_item_grouping":"","bundle_min_size":"","bundle_max_size":"","bundle_price":[],"bundled_items":[],"bundle_sell_ids":[],"acf":[],"_links":{"self":[{"href":"https:\/\/www.raschvin.com\/sv\/wp-json\/wp\/v2\/product\/21546","targetHints":{"allow":["GET"]}}],"collection":[{"href":"https:\/\/www.raschvin.com\/sv\/wp-json\/wp\/v2\/product"}],"about":[{"href":"https:\/\/www.raschvin.com\/sv\/wp-json\/wp\/v2\/types\/product"}],"wp:featuredmedia":[{"embeddable":true,"href":"https:\/\/www.raschvin.com\/sv\/wp-json\/wp\/v2\/media\/17751"}],"wp:attachment":[{"href":"https:\/\/www.raschvin.com\/sv\/wp-json\/wp\/v2\/media?parent=21546"}],"wp:term":[{"taxonomy":"product_brand","embeddable":true,"href":"https:\/\/www.raschvin.com\/sv\/wp-json\/wp\/v2\/product_brand?post=21546"},{"taxonomy":"product_cat","embeddable":true,"href":"https:\/\/www.raschvin.com\/sv\/wp-json\/wp\/v2\/product_cat?post=21546"},{"taxonomy":"product_tag","embeddable":true,"href":"https:\/\/www.raschvin.com\/sv\/wp-json\/wp\/v2\/product_tag?post=21546"}],"curies":[{"name":"wp","href":"https:\/\/api.w.org\/{rel}","templated":true}]}}