{"id":21545,"date":"2022-06-16T13:47:13","date_gmt":"2022-06-16T11:47:13","guid":{"rendered":"https:\/\/www.raschvin.com\/vare\/quinta-da-valeira-organic-reserve\/"},"modified":"2022-12-02T16:37:47","modified_gmt":"2022-12-02T15:37:47","slug":"quinta-da-valeira-organic-reserve","status":"publish","type":"product","link":"https:\/\/www.raschvin.com\/sv\/produkt\/quinta-da-valeira-organic-reserve\/","title":{"rendered":"Quinta da Valeira &#8211; Organic Reserve Ruby Port 50 cl. 19,5%"},"content":{"rendered":"<p>De ekologiska vinerna verkar \u00e4ntligen f\u00e5 stort erk\u00e4nnande efter att ha varit i det dammigaste h\u00f6rnet av h\u00e4lsobutiken i m\u00e5nga \u00e5r.<\/p>\n<p>Quinta da Valeira har beg\u00e5tt en ljudl\u00f6s ekologisk reserv rubin &#8211; den kategori som sv\u00e4var mellan grundl\u00e4ggande rubin och sen flaskvintageport. Detta vin \u00e4r n\u00e4rmare det senare i konsistens, men mjukas upp via en n\u00e5got l\u00e4ngre f\u00f6rvaring s\u00e5 att det smyger genom sensoriska apparaten med f\u00f6rv\u00e5nande l\u00e4tthet.<\/p>\n<p>Quinta da Valeira \u00e4r ett litet, familje\u00e4gt hus som p\u00e5 quinta med samma namn har n\u00e4stan 10 hektar ving\u00e5rdar i sm\u00f6rh\u00e5let mellan Cima Corgo och Douro Superior, n\u00e5gra km fr\u00e5n S\u00e3o Jo\u00e3o de Pesqueira. I 430-500 m.o.h. odlade en m\u00e4ngd olika klassiska portvinsdruvor p\u00e5 of\u00f6rg\u00e4ngliga, skifferkl\u00e4dda bergssidor.<\/p>\n<p>N\u00e4r du utforskar denna reservrubin hittar du ett s\u00e4llskapligt, m\u00f6rkt, vin\u00f6st portvin med god kropp, l\u00e4tt fetthet och en rundad finish. Bra komplexitet ihop med en dryckev\u00e4nlig profil ger en sympatisk kombination som \u00e4r sv\u00e5r att se arg p\u00e5.<\/p>\n<p>Njut av det extra svala p\u00e5 sommaren, medan du under andra \u00e5rstider kan sikta mot 14-17 \u00b0. Quinta da Valeira Organic Reserve Ruby \u00e4r bra p\u00e5 egen hand, men prova det ocks\u00e5 f\u00f6r desserter med choklad och \/ eller syltade m\u00f6rka b\u00e4r eller l\u00e4ckra ostar, som bl\u00e5 m\u00f6gel.<\/p>\n<p>Vinet \u00e4r klart att dricka nu och tj\u00e4nar inte mycket p\u00e5 ytterligare flaskf\u00f6rvaring. Njut av det b\u00e4sta av ett rymligt vitt vinglas s\u00e5 att du ocks\u00e5 f\u00e5r aromupplevelsen.<\/p>\n<p>Detta portvin inneh\u00e5ller 50 cl.<\/p>\n","protected":false},"excerpt":{"rendered":"<p>Douro Valley Port &#8211; Portugal<\/p>\n","protected":false},"featured_media":17747,"template":"","meta":{"_acf_changed":false,"rs_blank_template":"","rs_page_bg_color":"","slide_template_v7":""},"product_brand":[],"product_cat":[2765,2772,4720],"product_tag":[],"class_list":{"0":"post-21545","1":"product","2":"type-product","3":"status-publish","4":"has-post-thumbnail","6":"product_cat-hedvin-sv","7":"product_cat-hamn","8":"product_cat-ruby-port-sv","9":"pa_drue-port-red-blend-sv","10":"pa_land-portugal-sv","11":"pa_oekologisk-ja-sv","12":"pa_procent-19-5-sv","13":"pa_producent-quinta-da-valeira-sv","14":"pa_region-cima-corgo-sv","15":"pa_region-douro-sv","16":"pa_serveringstemperatur-14-17-sv","17":"pa_volume-50-sv","19":"first","20":"instock","21":"taxable","22":"shipping-taxable","23":"purchasable","24":"product-type-simple"},"bundled_by":[],"bundle_stock_status":"instock","bundle_stock_quantity":null,"bundle_virtual":false,"bundle_layout":"","bundle_add_to_cart_form_location":"","bundle_editable_in_cart":false,"bundle_sold_individually_context":"","bundle_item_grouping":"","bundle_min_size":"","bundle_max_size":"","bundle_price":[],"bundled_items":[],"bundle_sell_ids":[],"acf":[],"_links":{"self":[{"href":"https:\/\/www.raschvin.com\/sv\/wp-json\/wp\/v2\/product\/21545","targetHints":{"allow":["GET"]}}],"collection":[{"href":"https:\/\/www.raschvin.com\/sv\/wp-json\/wp\/v2\/product"}],"about":[{"href":"https:\/\/www.raschvin.com\/sv\/wp-json\/wp\/v2\/types\/product"}],"wp:featuredmedia":[{"embeddable":true,"href":"https:\/\/www.raschvin.com\/sv\/wp-json\/wp\/v2\/media\/17747"}],"wp:attachment":[{"href":"https:\/\/www.raschvin.com\/sv\/wp-json\/wp\/v2\/media?parent=21545"}],"wp:term":[{"taxonomy":"product_brand","embeddable":true,"href":"https:\/\/www.raschvin.com\/sv\/wp-json\/wp\/v2\/product_brand?post=21545"},{"taxonomy":"product_cat","embeddable":true,"href":"https:\/\/www.raschvin.com\/sv\/wp-json\/wp\/v2\/product_cat?post=21545"},{"taxonomy":"product_tag","embeddable":true,"href":"https:\/\/www.raschvin.com\/sv\/wp-json\/wp\/v2\/product_tag?post=21545"}],"curies":[{"name":"wp","href":"https:\/\/api.w.org\/{rel}","templated":true}]}}