{"id":21538,"date":"2022-06-16T13:47:13","date_gmt":"2022-06-16T11:47:13","guid":{"rendered":"https:\/\/www.raschvin.com\/vare\/kopke-colheita-5\/"},"modified":"2022-11-22T12:16:27","modified_gmt":"2022-11-22T11:16:27","slug":"kopke-colheita-5","status":"publish","type":"product","link":"https:\/\/www.raschvin.com\/sv\/produkt\/kopke-colheita-5\/","title":{"rendered":"Kopke Port &#8211; Colheita 1957 75 cl. 20%"},"content":{"rendered":"<p>H\u00e4r \u00e4r en del av flytande vinhistoria. Kopkes colheita-viner visar alltid f\u00f6rh\u00f6jd balans och har ingen p\u00e5tr\u00e4ngande s\u00f6tma, men \u00e4r alltid mycket komplexa med en perfekt balanserad syra. F\u00f6r mer \u00e4n 60 \u00e5r sedan ingick detta vin i lagares och efter vinisering placerades det p\u00e5 550-650 liter gamla, neutrala ekfat i Vila Nova de Gaia, d\u00e4r det nu, efter att ha sk\u00f6ts och sk\u00f6tts i mer \u00e4n 6 decennier, tappats p\u00e5 flaska och sl\u00e4ppts f\u00f6r f\u00f6rs\u00e4ljning. En s\u00e5dan s\u00e4llsynthet kommer alltid att vara en kostsam aff\u00e4r, men om du m\u00e5ste kasta en stor summa pengar efter ett vin \u00e4r det inte det v\u00e4rsta st\u00e4llet att kasta bort det.<\/p>\n<p>Doften i Kopke Colheita 1957 har enorm intensitet med r\u00f6k, n\u00f6tter och fortfarande lite pulveriserat socker, som strukturellt h\u00e5lls samman av alkoholen och den flyktiga syran. Smaken har en helt fantastisk intensitet i f\u00f6rh\u00f6jd balans och en eftersmak som kan avnjutas i flera minuter efter att ha provat vinet. Den ungdomliga k\u00e4nslan av s\u00f6tma \u00e4r till stor del borta och den flyktiga syran har ist\u00e4llet tagit f\u00f6rars\u00e4tet med lite kamfer och medicinska anteckningar.<\/p>\n<p>Det h\u00e4r \u00e4r en upplevelse i sig &#8211; det skulle vara synd att servera n\u00e5got f\u00f6r ett s\u00e5dant vin, eftersom ingen mat g\u00f6r vinet b\u00e4ttre.<\/p>\n<p>Och kom ih\u00e5g f\u00f6r Guds skull att inte servera det i &#8221;mormors glas&#8221; &#8211; ett bra vitt vinglas anv\u00e4nds f\u00f6r detta.<\/p>\n<p>apan Wine Challenge 2000 &#8211; Silvermedalj<br \/>\nInternational Wine Challenge 2007 &#8211; Silvermedalj<br \/>\nRevista de Vinhos 2008 &#8211; Excellence Prize<br \/>\nInternational Wine and Spirit Competition 2008 &#8211; Silver Medal | B\u00e4st i klassen<br \/>\nInternational Wine Challenge 2016 &#8211; Guld<br \/>\nDecanter Magazine 2013 &#8211; guldmedalj<br \/>\nDecanter Magazine 2008 &#8211; Silvermedalj<br \/>\nWorld Wine Selection 2008 &#8211; Silvermedalj<br \/>\nBerliner Wein 2013 &#8211; Grand Gold Medal<br \/>\nSommelier Wine Awards 2015 &#8211; Silvermedalj<br \/>\nT\u00e4vling Mondial Bruxelles 2015 &#8211; Grand Gold Medal<br \/>\nT\u00e4vling Mondial Bruxelles 2016 &#8211; Stor guldmedalj<br \/>\nDecanter World Wine Awards 2016 &#8211; Silver<br \/>\nInternational Wine Challenge 2017 &#8211; Port Trophy<br \/>\nVinalies Internationales 2018 &#8211; Guldmedalj<br \/>\nVinentusiast 2016 &#8211; 95 po\u00e4ng<br \/>\nRobert Parker 2016 &#8211; 95 po\u00e4ng<br \/>\nDecanter Wine World Awards 2017 &#8211; guldmedalj<br \/>\nSunset International Wine Competition 2017 l B\u00e4st i klass<br \/>\nSunset International Wine Competition 2017 &#8211; guldmedalj<\/p>\n","protected":false},"excerpt":{"rendered":"<p>Douro Valley Port<\/p>\n","protected":false},"featured_media":17712,"template":"","meta":{"_acf_changed":false,"rs_blank_template":"","rs_page_bg_color":"","slide_template_v7":""},"product_brand":[],"product_cat":[2765,4737,2772],"product_tag":[],"class_list":{"0":"post-21538","1":"product","2":"type-product","3":"status-publish","4":"has-post-thumbnail","6":"product_cat-hedvin-sv","7":"product_cat-colheita-sv","8":"product_cat-hamn","9":"pa_drue-tinta-barroca-25-sv","10":"pa_drue-tinta-roriz-25-sv","11":"pa_drue-touriga-franca-25-sv","12":"pa_drue-touriga-nacional-25-sv","13":"pa_land-portugal-sv","14":"pa_procent-20-sv","15":"pa_producent-kopke-sv","16":"pa_region-duriense-porto-sv","17":"pa_serveringstemperatur-14-18-sv","18":"pa_vintage-1957-sv","19":"pa_volume-75-sv","21":"first","22":"instock","23":"taxable","24":"shipping-taxable","25":"purchasable","26":"product-type-simple"},"bundled_by":[],"bundle_stock_status":"instock","bundle_stock_quantity":null,"bundle_virtual":false,"bundle_layout":"","bundle_add_to_cart_form_location":"","bundle_editable_in_cart":false,"bundle_sold_individually_context":"","bundle_item_grouping":"","bundle_min_size":"","bundle_max_size":"","bundle_price":[],"bundled_items":[],"bundle_sell_ids":[],"acf":[],"_links":{"self":[{"href":"https:\/\/www.raschvin.com\/sv\/wp-json\/wp\/v2\/product\/21538","targetHints":{"allow":["GET"]}}],"collection":[{"href":"https:\/\/www.raschvin.com\/sv\/wp-json\/wp\/v2\/product"}],"about":[{"href":"https:\/\/www.raschvin.com\/sv\/wp-json\/wp\/v2\/types\/product"}],"wp:featuredmedia":[{"embeddable":true,"href":"https:\/\/www.raschvin.com\/sv\/wp-json\/wp\/v2\/media\/17712"}],"wp:attachment":[{"href":"https:\/\/www.raschvin.com\/sv\/wp-json\/wp\/v2\/media?parent=21538"}],"wp:term":[{"taxonomy":"product_brand","embeddable":true,"href":"https:\/\/www.raschvin.com\/sv\/wp-json\/wp\/v2\/product_brand?post=21538"},{"taxonomy":"product_cat","embeddable":true,"href":"https:\/\/www.raschvin.com\/sv\/wp-json\/wp\/v2\/product_cat?post=21538"},{"taxonomy":"product_tag","embeddable":true,"href":"https:\/\/www.raschvin.com\/sv\/wp-json\/wp\/v2\/product_tag?post=21538"}],"curies":[{"name":"wp","href":"https:\/\/api.w.org\/{rel}","templated":true}]}}